{"id":7498,"date":"2023-09-07T10:08:20","date_gmt":"2023-09-07T10:08:20","guid":{"rendered":"http:\/\/hubertpietka.bialystok.pl\/?page_id=7498"},"modified":"2023-09-07T10:08:20","modified_gmt":"2023-09-07T10:08:20","slug":"komitety-do-zla-roboty","status":"publish","type":"page","link":"https:\/\/hubertpietka.bialystok.pl\/?page_id=7498","title":{"rendered":"Komitety \/ do z\u0142a roboty"},"content":{"rendered":"<p><strong>Komitety \/ do z\u0142a roboty<\/strong><\/p>\n<p>To co oni wyprawiaj\u0105<br \/>\nTo s\u0105 ju\u017c systemowe dzia\u0142ania<br \/>\nW celu nas naszego i naszych zniszczenie<\/p>\n<p>\u017bona dzisiaj pojedzie na wie\u015b<br \/>\nWi\u0119c b\u0119dzie poza moj\u0105 protekcj\u0105<br \/>\nZapewne zrobi\u0107 z ni\u0105 b\u0119dzie wtedy mo\u017cna<br \/>\nCo tam im si\u0119 *wyduma*<br \/>\nCzy z tym samochodem kt\u00f3rym b\u0119dzie si\u0119 porusza\u0107<\/p>\n<p>Oni tak w og\u00f3le to r\u00f3\u017cne *wydumki* lubi\u0105<br \/>\nCzy\u017c nie tak z Dumk\u0105<br \/>\nNajlepiej niby od opar\u00f3w samochodowych<br \/>\nNa atak serca<br \/>\nOczywi\u015bcie w okre\u015blony spos\u00f3b<br \/>\nWszystko mo\u017cna zrobi\u0107 odpowiednio<br \/>\nJak ma si\u0119 ku temu \u015brodki pos\u0142uszne<\/p>\n<p>A z naszymi samochodami<br \/>\nTo jak nie <em>esteci<\/em> jak najbardziej szlachetni<br \/>\nBo mo\u017ce samoch\u00f3d 5 cm za bardzo<br \/>\nW kt\u00f3r\u0105\u015b stron\u0119 cho\u0107by<br \/>\nTo parkingowe obcierki<br \/>\nNa nas oczywi\u015bcie lub niby nasze a jak\u017ce<br \/>\nPrzecie\u017c nasz samoch\u00f3d poobijany troszk\u0119<br \/>\nNie wa\u017cne \u017ce nie przez nas przecie\u017c<br \/>\nOni wszystko mog\u0105 wykorzysta\u0107<\/p>\n<p>\u017be o <em>dra\u0144skim dro\u0144stwie<\/em> w czasie drogi<br \/>\nCzy o \u0142apaniu na \u015bwiat\u0142o koniecznie czerwone<br \/>\nJu\u017c nawet nie wspomn\u0119<br \/>\nA kt\u00f3\u017c przecie\u017c nie pope\u0142nia jakich\u015b b\u0142\u0119d\u00f3w<br \/>\nPrzy odpowiednio restrykcyjnym podej\u015bciu<br \/>\nDo prawa drogowego<br \/>\nA odpowiedni <em>esteci<\/em> zapewne te\u017c<br \/>\nKa\u017cdy brudek niedoci\u0105gni\u0119cie na samochodach<br \/>\nOceni\u0105 odpowiednio<\/p>\n<p>A z mieszkaniem<br \/>\nByleby tylko je nam zabra\u0107<br \/>\nJak nie \u015bwiadkowie jedynie zapewne s\u0142usznie zeznaj\u0105cy<br \/>\nW celach misiaczkowych<br \/>\nTo tak\u017ce jako\u015b si\u0119 i doj\u015b\u0107 zapewne uda\u0142o<br \/>\n\u017be nie nale\u017cy si\u0119 nam ono zdecydowanie<br \/>\nMimo \u017ce wszystko jest wiadome od dawna ca\u0142emu \u015bwiatu<\/p>\n<p>I z prac\u0105 misiaczkowy posiew<br \/>\nBo nie ma do leasingu w regionie \u017cadnych zlece\u0144<br \/>\nI praca \u017cony zawad\u0105 w ich oczach<br \/>\nNajlepiej bez mieszkania samochod\u00f3w pracy<br \/>\nI bro\u0144 Bo\u017ce im niczego nie po\u017cyczaj nie dawaj<br \/>\nNa bruk p\u00f3jd\u0105 sobie<br \/>\nI mo\u017ce umr\u0105 z g\u0142odu<br \/>\nA jak by kto\u015b chcia\u0142 im pom\u00f3c<br \/>\nTo i jego trzeba te\u017c odpowiednio dopa\u015b\u0107<br \/>\nCzy chocia\u017c nastraszy\u0107<br \/>\n\u017beby innym nie przychodzi\u0142y<br \/>\nDo g\u0142owy takie pomys\u0142y<\/p>\n<p>Studia ju\u017c mi wykoleili<br \/>\nZwierz\u0119ta te\u017c przepadn\u0105 zapewne<br \/>\nI b\u0119dzie pi\u0119knie<\/p>\n<p>A poza tym *kom-i-tety*<br \/>\nProweniencji komunistycznej jedynie s\u0142uszne<br \/>\nReakcje spo\u0142eczne wskazane pod\u0142ug misiak\u00f3w<br \/>\nW spos\u00f3b jedynie wybitny<br \/>\nZe szkod\u0105 dla mnie<br \/>\n*Come i wtedy* *przyjd\u017a i wtedy* oraz<br \/>\n*Przyjd\u0105 i wtedy* r\u00f3wnie\u017c<br \/>\nBo przecie\u017c pi\u0119kna elita<br \/>\nMa zawsze racj\u0119 pod\u0142ug misiak\u00f3w<br \/>\nA jak nie ma<br \/>\nTo misie <em>za ich plecami<\/em><br \/>\n\u017be o tej takiej czy innej <em>wybornej cz\u0105stce<\/em><br \/>\nNawet nie wspomn\u0119<\/p>\n<p>Tak\u017ce bior\u0105c pod uwag\u0119<br \/>\nTo i wszystko<br \/>\nJest to ju\u017c ca\u0142y skomplikowany system restrykcji<br \/>\nA jak nazwa\u0107<br \/>\n\u017be oni misie niby nic<br \/>\nA byleby tylko nam naszemu i naszym<br \/>\nZ\u0142o uczyni\u0107<br \/>\nUkrywanie si\u0119 by czyni\u0107 z\u0142o<br \/>\nTo nic innego jak ob\u0142uda<\/p>\n<p><a href=\"http:\/\/hubertpietka.bialystok.pl\/wp-content\/uploads\/2023\/09\/IMG_20230907_120713.jpg\"><img loading=\"lazy\" decoding=\"async\" class=\"alignnone size-thumbnail wp-image-7499\" src=\"http:\/\/hubertpietka.bialystok.pl\/wp-content\/uploads\/2023\/09\/IMG_20230907_120713-150x150.jpg\" alt=\"\" width=\"150\" height=\"150\" srcset=\"https:\/\/hubertpietka.bialystok.pl\/wp-content\/uploads\/2023\/09\/IMG_20230907_120713-150x150.jpg 150w, https:\/\/hubertpietka.bialystok.pl\/wp-content\/uploads\/2023\/09\/IMG_20230907_120713-75x75.jpg 75w\" sizes=\"auto, (max-width: 150px) 100vw, 150px\" \/><\/a><\/p>\n<p><strong>Na zdj. Kapsel <em>Wspieraj wygrywaj<\/em><\/strong><br \/>\n<strong> Na pewno moralnie wygrasz<\/strong><br \/>\n<strong> Z\u0142o do zniszczenia d\u0105\u017cy<\/strong><br \/>\n<strong> Ale moralna przewaga dobra<\/strong><br \/>\n<strong> Jest niepodwa\u017calna ca\u0142kowicie<\/strong><br \/>\n<strong> Nie tylko w aspekcie eschatologicznym<\/strong><br \/>\n<strong> I to si\u0119 oka\u017ce kiedy\u015b<\/strong><br \/>\n<strong> W ca\u0142ej pe\u0142ni<\/strong><br \/>\n<strong> W taki czy inny spos\u00f3b<\/strong><\/p>\n","protected":false},"excerpt":{"rendered":"<p>Komitety \/ do z\u0142a roboty To co oni wyprawiaj\u0105 To s\u0105 ju\u017c systemowe dzia\u0142ania W celu nas naszego i naszych zniszczenie \u017bona dzisiaj pojedzie na&hellip; <\/p>\n","protected":false},"author":1,"featured_media":0,"parent":0,"menu_order":0,"comment_status":"closed","ping_status":"closed","template":"","meta":{"footnotes":""},"class_list":["post-7498","page","type-page","status-publish","hentry"],"_links":{"self":[{"href":"https:\/\/hubertpietka.bialystok.pl\/index.php?rest_route=\/wp\/v2\/pages\/7498","targetHints":{"allow":["GET"]}}],"collection":[{"href":"https:\/\/hubertpietka.bialystok.pl\/index.php?rest_route=\/wp\/v2\/pages"}],"about":[{"href":"https:\/\/hubertpietka.bialystok.pl\/index.php?rest_route=\/wp\/v2\/types\/page"}],"author":[{"embeddable":true,"href":"https:\/\/hubertpietka.bialystok.pl\/index.php?rest_route=\/wp\/v2\/users\/1"}],"replies":[{"embeddable":true,"href":"https:\/\/hubertpietka.bialystok.pl\/index.php?rest_route=%2Fwp%2Fv2%2Fcomments&post=7498"}],"version-history":[{"count":1,"href":"https:\/\/hubertpietka.bialystok.pl\/index.php?rest_route=\/wp\/v2\/pages\/7498\/revisions"}],"predecessor-version":[{"id":7500,"href":"https:\/\/hubertpietka.bialystok.pl\/index.php?rest_route=\/wp\/v2\/pages\/7498\/revisions\/7500"}],"wp:attachment":[{"href":"https:\/\/hubertpietka.bialystok.pl\/index.php?rest_route=%2Fwp%2Fv2%2Fmedia&parent=7498"}],"curies":[{"name":"wp","href":"https:\/\/api.w.org\/{rel}","templated":true}]}}