{"id":7520,"date":"2023-09-25T10:15:12","date_gmt":"2023-09-25T10:15:12","guid":{"rendered":"http:\/\/hubertpietka.bialystok.pl\/?page_id=7520"},"modified":"2023-09-25T10:15:12","modified_gmt":"2023-09-25T10:15:12","slug":"przekroj-spoleczny-elity-pieknej-i-kwestii-pewnych","status":"publish","type":"page","link":"https:\/\/hubertpietka.bialystok.pl\/?page_id=7520","title":{"rendered":"Przekr\u00f3j spo\u0142eczny elity pi\u0119knej \/ i kwestii pewnych"},"content":{"rendered":"<p><em><strong>Przekr\u00f3j spo\u0142eczny elity pi\u0119knej \/ i kwestii pewnych\u00a0<\/strong><\/em><\/p>\n<p><strong>Dzisiaj b\u0142. W\u0142adys\u0142awa z Gielniowa<\/strong><br \/>\n<strong> Bernardyna szarego jak ksi\u0105dz Robak<\/strong><br \/>\n<strong> Z Pana Tadeusza<\/strong><br \/>\n<strong> Kt\u00f3ry umar\u0142 przy \u015bwi\u0105tyni \u015bw. Anny warszawskiej<\/strong><br \/>\n<strong> B\u00f3g powiedzia\u0142 w Swym S\u0142owie<\/strong><br \/>\n<strong> <em>Jeste\u015bcie \u015bwi\u0105tyni\u0105 Ducha \u015awi\u0119tego<\/em><\/strong><br \/>\n<strong> Odnosi si\u0119 to do wierz\u0105cych<\/strong><br \/>\n<strong> I B\u00f3g mi powiedzia\u0142<\/strong><br \/>\n<strong> <em>Strze\u017c \u015bwi\u0105tyni \u015bw. Anny<\/em><\/strong><br \/>\n<strong><em> Nawet je\u015bli by\u015b mia\u0142 umrze\u0107<\/em><\/strong><br \/>\n<strong><em> Podczas tego czuwania<\/em><\/strong><br \/>\n<strong> B\u00f3g powiedzia\u0142<\/strong><br \/>\n<strong> <em>Cia\u0142a wasze s\u0105 \u015bwi\u0105tyni\u0105 Boga<\/em><\/strong><br \/>\n<strong><em> Je\u015bli kto\u015b je zniszczy<\/em><\/strong><br \/>\n<strong><em> Tego B\u00f3g zniszczy<\/em><\/strong><br \/>\n<strong> Czuwaj nad cia\u0142em \u015bw. Anny<\/strong><br \/>\n<strong> A czy\u017c oni<\/strong><br \/>\n<strong> Nie zniszczyli ju\u017c czasem<\/strong><br \/>\n<strong> Troch\u0119 takich Boga \u015bwi\u0105ty\u0144<\/strong><\/p>\n<p>A je\u015bli on z\u0142o\u017cy\u0142<br \/>\nPrywatn\u0105 celibatu przysi\u0119g\u0119 Bogu<br \/>\nTo co wtedy<\/p>\n<p>A do pi\u0119knej elity<br \/>\n<em>Wybornej wytrawnej i pospolitej<\/em><br \/>\nMog\u0105 aspirowa\u0107 wszyscy<br \/>\nI cudzoziemcy i s\u0142u\u017cby medyczne<br \/>\nI s\u0105siedztwo dalsze i bli\u017csze<br \/>\nI r\u00f3\u017cne s\u0142u\u017cby techniczne<br \/>\nI wreszcie bandziorki pospolite<br \/>\n\u017be o tej wybornej cz\u0105stce<br \/>\nTakiej czy innej<br \/>\nJu\u017c nawet nie wspomn\u0119<br \/>\nKa\u017cdy mo\u017ce by\u0107 aspirantem<br \/>\nDo pi\u0119knej elity<br \/>\nJe\u015bli tylko b\u0119dzie robi\u0142<br \/>\nCo chc\u0105 misie<\/p>\n<p>I wreszcie nagrywanie kadr\u00f3w<br \/>\nWyrwanych z kontekstu<br \/>\nDu\u017co ju\u017c na pewno<br \/>\nMam na koncie takich przest\u0119pstw<br \/>\nJak cho\u0107by przechodzenie<br \/>\nNiby w niedozwolonym miejscu<br \/>\nA sk\u0105d ci co nagrywaj\u0105<br \/>\nWiedz\u0105 kogo nagrywa\u0107 maj\u0105<br \/>\nI komu to przekaza\u0107<br \/>\nJe\u015bli to tylko szary cz\u0142owiek<br \/>\nPrzez wszystkich wzgardzony<br \/>\nSk\u0105d takiej skali \u015brodki nieadekwatne<\/p>\n<p><a href=\"http:\/\/hubertpietka.bialystok.pl\/wp-content\/uploads\/2023\/09\/IMG_20230925_120622.jpg\"><img loading=\"lazy\" decoding=\"async\" class=\"alignnone size-thumbnail wp-image-7521\" src=\"http:\/\/hubertpietka.bialystok.pl\/wp-content\/uploads\/2023\/09\/IMG_20230925_120622-150x150.jpg\" alt=\"\" width=\"150\" height=\"150\" srcset=\"https:\/\/hubertpietka.bialystok.pl\/wp-content\/uploads\/2023\/09\/IMG_20230925_120622-150x150.jpg 150w, https:\/\/hubertpietka.bialystok.pl\/wp-content\/uploads\/2023\/09\/IMG_20230925_120622-75x75.jpg 75w\" sizes=\"auto, (max-width: 150px) 100vw, 150px\" \/><\/a><\/p>\n<p><em>Na zdj. Maryja i na \u015bcianie gawrony<\/em><br \/>\n<em> Bo one s\u0105 jak \u015bciana<\/em><br \/>\n<em> Nic do nich nie przem\u00f3wi<\/em><br \/>\n<em> A je\u015bli jednak B\u00f3g odpowie<\/em><br \/>\n<em> Na te wszystkie niewsp\u00f3\u0142mierne dzia\u0142ania<\/em><br \/>\n<em> To co wtedy<\/em><br \/>\n<em> Ach nie wierzysz a je\u015bli<\/em><br \/>\n<em> B\u00f3g b\u0119dzie mia\u0142 twoj\u0105 niewiar\u0119<\/em><br \/>\n<em> Za przeproszeniem gdzie\u015b<\/em><br \/>\n<em> Bo to co si\u0119 tu nie od dzi\u015b wyprawia<\/em><br \/>\n<em> Nie mo\u017ce by\u0107 oboj\u0119tne Bogu<\/em><br \/>\n<em> Zreszt\u0105 On tak powiedzia\u0142<\/em><br \/>\n<em> Cho\u0107by w S\u0142owie Swoim<\/em><br \/>\n<em> I On odpowie<\/em><br \/>\n<em> Czy ci si\u0119 to podoba<\/em><br \/>\n<em> Czy mo\u017ce nie<\/em><\/p>\n<p style=\"text-align: center;\"><a href=\"https:\/\/youtu.be\/983bLBM_h_0?si=xkT3YHtXMLggGM5L\"><em><strong>Edyta Bartosiewicz &#8211; Opowie\u015b\u0107<\/strong><\/em><\/a><\/p>\n","protected":false},"excerpt":{"rendered":"<p>Przekr\u00f3j spo\u0142eczny elity pi\u0119knej \/ i kwestii pewnych\u00a0 Dzisiaj b\u0142. W\u0142adys\u0142awa z Gielniowa Bernardyna szarego jak ksi\u0105dz Robak Z Pana Tadeusza Kt\u00f3ry umar\u0142 przy \u015bwi\u0105tyni&hellip; <\/p>\n","protected":false},"author":1,"featured_media":0,"parent":0,"menu_order":0,"comment_status":"closed","ping_status":"closed","template":"","meta":{"footnotes":""},"class_list":["post-7520","page","type-page","status-publish","hentry"],"_links":{"self":[{"href":"https:\/\/hubertpietka.bialystok.pl\/index.php?rest_route=\/wp\/v2\/pages\/7520","targetHints":{"allow":["GET"]}}],"collection":[{"href":"https:\/\/hubertpietka.bialystok.pl\/index.php?rest_route=\/wp\/v2\/pages"}],"about":[{"href":"https:\/\/hubertpietka.bialystok.pl\/index.php?rest_route=\/wp\/v2\/types\/page"}],"author":[{"embeddable":true,"href":"https:\/\/hubertpietka.bialystok.pl\/index.php?rest_route=\/wp\/v2\/users\/1"}],"replies":[{"embeddable":true,"href":"https:\/\/hubertpietka.bialystok.pl\/index.php?rest_route=%2Fwp%2Fv2%2Fcomments&post=7520"}],"version-history":[{"count":1,"href":"https:\/\/hubertpietka.bialystok.pl\/index.php?rest_route=\/wp\/v2\/pages\/7520\/revisions"}],"predecessor-version":[{"id":7522,"href":"https:\/\/hubertpietka.bialystok.pl\/index.php?rest_route=\/wp\/v2\/pages\/7520\/revisions\/7522"}],"wp:attachment":[{"href":"https:\/\/hubertpietka.bialystok.pl\/index.php?rest_route=%2Fwp%2Fv2%2Fmedia&parent=7520"}],"curies":[{"name":"wp","href":"https:\/\/api.w.org\/{rel}","templated":true}]}}