{"id":753,"date":"2017-08-10T17:40:31","date_gmt":"2017-08-10T17:40:31","guid":{"rendered":"http:\/\/hubertpietka.bialystok.pl\/?page_id=753"},"modified":"2017-08-14T13:10:57","modified_gmt":"2017-08-14T13:10:57","slug":"modlitwa-z-hubalem","status":"publish","type":"page","link":"https:\/\/hubertpietka.bialystok.pl\/?page_id=753","title":{"rendered":"Modlitwa \/z Hubalem\/"},"content":{"rendered":"<p style=\"text-align: center;\"><em><strong>I<\/strong><\/em><\/p>\n<p style=\"text-align: center;\"><strong><em>R\u00d3\u017bANIEC \/z Hubalem<\/em>\/<\/strong><\/p>\n<p>&nbsp;<\/p>\n<p style=\"text-align: center;\"><strong>+<\/strong><\/p>\n<p style=\"text-align: center;\"><strong>Ten r\u00f3\u017caniec odmawiam na Twoj\u0105 cze\u015b\u0107,<\/strong><\/p>\n<p style=\"text-align: center;\"><strong>KR\u00d3LOWO R\u00d3\u017bA\u0143CA \u015aWI\u0118TEGO<\/strong><\/p>\n<p>&nbsp;<\/p>\n<p>&#8211; w Twoich intencjach,<\/p>\n<p>&#8211; za wszystko Ci dzi\u0119kuj\u0119,<\/p>\n<p>&#8211; w intencji wynagradzaj\u0105cej za grzechy nasze i ca\u0142ego \u015bwiata,<\/p>\n<p>&#8211; za zmar\u0142ych\u2026 \/ dusze w Czy\u015bcu cierpi\u0105ce,<\/p>\n<p>&#8211; w naszych intencjach\u2026<\/p>\n<p>&nbsp;<\/p>\n<p style=\"text-align: center;\">TAJEMNICE RADOSNE<\/p>\n<ol>\n<li>Zwiastowanie<\/li>\n<\/ol>\n<p>\u201eFiat.\u201d Niech mi si\u0119 stanie, jak Ty chcesz Maryjo, jak Ty chcesz, Panie.<\/p>\n<ol start=\"2\">\n<li>Nawiedzenie \u015bw. El\u017cbiety<\/li>\n<\/ol>\n<p>\u201eA sk\u0105d\u017ce mi to, \u017ce Matka mojego Pana przychodzi do mnie\u201d<\/p>\n<ol start=\"3\">\n<li>Narodzenie Pana Jezusa<\/li>\n<\/ol>\n<p>\u201eChwa\u0142a na wysoko\u015bci Bogu, a na ziemi pok\u00f3j ludziom dobrej woli \/ludziom, w kt\u00f3rych on upodoba\u0142 sobie\u201d<\/p>\n<ol start=\"4\">\n<li>Ofiarowanie Pana Jezusa w \u015bwi\u0105tyni<\/li>\n<\/ol>\n<p>Ofiarowuje Ci wszystko, Maryjo. Totus Tuus. Ca\u0142y jestem Tw\u00f3j i wszystko, co moje jest Twoje. Wszystko Ci ofiarowuj\u0119. Wszystko i wszystkich.<\/p>\n<ol start=\"5\">\n<li>Odnalezienie Pana Jezusa w \u015bwi\u0105tyni<\/li>\n<\/ol>\n<p>\u201eDlaczego\u015bcie mnie szukali?<\/p>\n<p>Czy nie wiedzieli\u015bcie, \u017ce powinienem by\u0107 w tym, co nale\u017cy do mego Ojca?\u201d<\/p>\n<p>&nbsp;<\/p>\n<p style=\"text-align: center;\">TAJEMNICE \u015aWIAT\u0141A<\/p>\n<ol>\n<li>Chrzest w Jordanie<\/li>\n<\/ol>\n<p>\u201ePozw\u00f3l teraz, bo tak trzeba nam wype\u0142ni\u0107 wszystko, co sprawiedliwe\u201d<\/p>\n<ol start=\"2\">\n<li>Wesele w Kanie<\/li>\n<\/ol>\n<p>\u201eZr\u00f3bcie wszystko, cokolwiek m\u00f3j Syn wam powie\u201d<\/p>\n<ol start=\"3\">\n<li>G\u0142oszenie Kr\u00f3lestwa Bo\u017cego i wzywanie do nawr\u00f3cenia<\/li>\n<\/ol>\n<p>\u201eNawracajcie si\u0119 i wierzcie w Ewangeli\u0119\u201d<\/p>\n<ol start=\"4\">\n<li>Przemienienie na g\u00f3rze Tabor<\/li>\n<\/ol>\n<p>Przemie\u0144 nas, Panie.<\/p>\n<p>\u201ePrzemieniajcie si\u0119 w my\u015bleniu waszym\u201d<\/p>\n<ol start=\"5\">\n<li>Ustanowienie Eucharystii<\/li>\n<\/ol>\n<p>\u201eKrwi Chrystusa, wybaw nas!\u201d<\/p>\n<p>\u201eCia\u0142o Chrystusa niech nas strze\u017ce na \u017cycie wieczne.\u201d<\/p>\n<p>&nbsp;<\/p>\n<p style=\"text-align: center;\">TAJEMNICE BOLESNE<\/p>\n<ol>\n<li>Modlitwa w Ogr\u00f3jcu<\/li>\n<\/ol>\n<p>\u201eNie moja wola, a Twoja niech b\u0119dzie.<\/p>\n<p>Nie jak ja chc\u0119, lecz jak Ty.\u201d<\/p>\n<ol start=\"2\">\n<li>Biczowanie Pana Jezusa<\/li>\n<\/ol>\n<p>\u2026 pustynia duchowa\u2026<\/p>\n<ol start=\"3\">\n<li>Cierniem ukoronowanie<\/li>\n<\/ol>\n<p>\u201eEcce Homo. Oto cz\u0142owiek\u201d<\/p>\n<ol start=\"4\">\n<li>D\u017awiganie krzy\u017ca<\/li>\n<\/ol>\n<p>Aby\u015bmy nasz krzy\u017c nie\u015bli z wytrwa\u0142o\u015bci\u0105 i cierpliwo\u015bci\u0105.<\/p>\n<ol start=\"5\">\n<li>Ukrzy\u017cowanie Pana Jezusa<\/li>\n<\/ol>\n<p>Aby\u015bmy umierali dla naszych s\u0142abo\u015bci.<\/p>\n<p>&nbsp;<\/p>\n<p style=\"text-align: center;\">TAJEMNICE CHWALEBNE<\/p>\n<ol>\n<li>Zmartwychwstanie<\/li>\n<\/ol>\n<p>Aby\u015bmy zmartwychwstawali w Panu.<\/p>\n<p>\u201eChrystus zmartwychwsta\u0142. Prawdziwie zmartwychwsta\u0142.\u201d<\/p>\n<ol start=\"2\">\n<li>Wniebowst\u0105pienie<\/li>\n<\/ol>\n<p>\u201eW domu mego Ojca jest mieszka\u0144 wiele\u2026\u201d<\/p>\n<ol start=\"3\">\n<li>Zes\u0142anie Ducha \u015awi\u0119tego<\/li>\n<\/ol>\n<p>\u201ePrzyjd\u017a, Duchu \u015awi\u0119ty! Przyjd\u017a, Panie Jezu! Marana Tha!\u201d<\/p>\n<ol start=\"4\">\n<li>Wniebowzi\u0119cie NMP<\/li>\n<\/ol>\n<p>O, Maryjo! O, Kr\u00f3lowo! O, Pani! \u2013 m\u00f3dl si\u0119 za nami.<\/p>\n<ol start=\"5\">\n<li>Ukoronowanie NMP<\/li>\n<\/ol>\n<p>Kr\u00f3luj, Maryjo w naszym \u017cyciu. Kr\u00f3luj i zwyci\u0119\u017caj!<\/p>\n<p>\u201eKr\u00f3luj nam, Chryste, zawsze i wsz\u0119dzie!\u201d<\/p>\n<p>&nbsp;<\/p>\n<p style=\"text-align: center;\"><strong>KR\u00d3LOWO R\u00d3\u017bA\u0143CA \u015aWI\u0118TEGO \u2013 M\u00d3DL SI\u0118 ZA NAMI! x3<\/strong><\/p>\n<p>&nbsp;<\/p>\n<p>&nbsp;<\/p>\n<p style=\"text-align: center;\"><em><strong>II <\/strong><\/em><\/p>\n<p style=\"text-align: center;\"><em><strong>KORONKA O 7 BOLE\u015aCIACH NMP<\/strong><\/em><\/p>\n<p style=\"text-align: center;\"><strong>+<\/strong><\/p>\n<p style=\"text-align: center;\"><strong>I Ty, kt\u00f3ra\u015b wsp\u00f3\u0142cierpia\u0142a, Matko Bolesna, przyczy\u0144 si\u0119 za nami!<\/strong><\/p>\n<ol>\n<li>Proroctwo Symeona<\/li>\n<\/ol>\n<p>Maryjo, Tobie polecam ca\u0142e moje \u017cycie z jego krzy\u017cami.<\/p>\n<ol start=\"2\">\n<li>Ucieczka do Egiptu<\/li>\n<\/ol>\n<p>Maryjo, powstrzymaj tych, kt\u00f3rzy czyhaj\u0105 na czyje\u015b \u017cycie, zdrowie, mienie, dobre imi\u0119.<\/p>\n<ol start=\"3\">\n<li>Zgubienie Jezusa<\/li>\n<\/ol>\n<p>Pom\u00f3\u017c odnale\u017a\u0107 Jezusa tym, kt\u00f3rzy Go zgubili.<\/p>\n<ol start=\"4\">\n<li>Spotkanie na drodze krzy\u017cowej<\/li>\n<\/ol>\n<p>Maryjo, Wspomo\u017cycielko, Wsp\u00f3\u0142odkupicielko nasza, m\u00f3dl si\u0119 za nami grzesznymi!<\/p>\n<ol start=\"5\">\n<li>Ukrzy\u017cowanie i \u015amier\u0107 Pana Jezusa<\/li>\n<\/ol>\n<p>Maryjo, Patronko dobrej \u015bmierci, m\u00f3dl si\u0119 za nami w naszej i innych ostatniej godzinie.<\/p>\n<ol start=\"6\">\n<li>Zdj\u0119cie z Krzy\u017ca i z\u0142o\u017cenie w ramionach Matki \/ Pieta<\/li>\n<\/ol>\n<p>Maryjo, b\u0105d\u017a ze wszystkimi, kt\u00f3rzy najbardziej potrzebuj\u0105 Twojej pomocy.<\/p>\n<p>B\u0105d\u017a z nami w naszych bole\u015bciach.<\/p>\n<ol start=\"7\">\n<li>Z\u0142o\u017cenie do grobu Pana Jezusa<\/li>\n<\/ol>\n<p>Maryjo, pociesz wszystkich smutnych, strapionych, bolej\u0105cych.<\/p>\n<p>&nbsp;<\/p>\n<p style=\"text-align: left;\"><strong>3x Zdrowa\u015b\u2026<\/strong><\/p>\n<p>\u2013 na uczczenie \u0142ez Matki Bo\u017cej Bolesnej podczas tych bole\u015bci wylanych i w intencjach Ojca \u015awi\u0119tego.<\/p>\n<p style=\"text-align: center;\"><strong>MATKO BO\u017bA BOLESNA \u2013 M\u00d3DL SI\u0118 ZA NAMI!<\/strong><\/p>\n<p style=\"text-align: center;\"><strong>MATKO BO\u017bA POCIESZENIE \u2013 M\u00d3DL SI\u0118 ZA NAMI! x3<\/strong><\/p>\n<p>&nbsp;<\/p>\n<p style=\"text-align: center;\"><em><strong>III<\/strong><\/em><\/p>\n<p style=\"text-align: center;\"><em><strong>MA\u0141A KORONKA KU CZCI MARYI<\/strong><\/em><\/p>\n<p style=\"text-align: center;\"><strong>+<\/strong><\/p>\n<p style=\"text-align: center;\">Totus Tuus, Maryjo.<\/p>\n<p style=\"text-align: center;\">Ca\u0142y jestem Tw\u00f3j i wszystko, co moje jest Twoje. Wszyscy moi s\u0105 Twoi.<\/p>\n<p style=\"text-align: center;\">Wszystko Ci zawierzam, oddaj\u0119, wszystko i wszystkich!<\/p>\n<p>&nbsp;<\/p>\n<p>Wierz\u0119 w Boga\u2026<\/p>\n<p><strong>\u00a0<\/strong><\/p>\n<ol>\n<li><strong> Na poznanie moich grzech\u00f3w\u2026<\/strong><\/li>\n<\/ol>\n<p>Ojcze nasz\u2026<\/p>\n<p>4 x Zdrowa\u015b Mario\u2026<\/p>\n<p>Chwa\u0142a Ojcu\u2026<\/p>\n<p>&nbsp;<\/p>\n<ol start=\"2\">\n<li><strong> Ku uczczeniu Pana Jezusa \u2013 przez Maryj\u0119 i z Maryj\u0105!<\/strong><\/li>\n<\/ol>\n<p>Ojcze nasz\u2026<\/p>\n<p>4 x Zdrowa\u015b Mario\u2026<\/p>\n<p>Chwa\u0142a Ojcu\u2026<\/p>\n<p>&nbsp;<\/p>\n<ol start=\"3\">\n<li><strong> Ku uczczeniu Maryi \u2013 z Jezusem i dla Jezusa!<\/strong><\/li>\n<\/ol>\n<p>Ojcze nasz\u2026<\/p>\n<p>4 x Zdrowa\u015b Mario\u2026<\/p>\n<p>Chwa\u0142a Ojcu\u2026<\/p>\n<p>&nbsp;<\/p>\n<p style=\"text-align: right;\"><em>Jezu, ufam Tobie!<\/em><\/p>\n<p style=\"text-align: right;\"><em>Maryjo, Matko Mi\u0142osierdzia, m\u00f3dl si\u0119 za nami!<\/em><\/p>\n","protected":false},"excerpt":{"rendered":"<p>I R\u00d3\u017bANIEC \/z Hubalem\/ &nbsp; + Ten r\u00f3\u017caniec odmawiam na Twoj\u0105 cze\u015b\u0107, KR\u00d3LOWO R\u00d3\u017bA\u0143CA \u015aWI\u0118TEGO &nbsp; &#8211; w Twoich intencjach, &#8211; za wszystko Ci dzi\u0119kuj\u0119,&hellip; <\/p>\n","protected":false},"author":1,"featured_media":0,"parent":0,"menu_order":0,"comment_status":"closed","ping_status":"closed","template":"","meta":{"footnotes":""},"class_list":["post-753","page","type-page","status-publish","hentry"],"_links":{"self":[{"href":"https:\/\/hubertpietka.bialystok.pl\/index.php?rest_route=\/wp\/v2\/pages\/753","targetHints":{"allow":["GET"]}}],"collection":[{"href":"https:\/\/hubertpietka.bialystok.pl\/index.php?rest_route=\/wp\/v2\/pages"}],"about":[{"href":"https:\/\/hubertpietka.bialystok.pl\/index.php?rest_route=\/wp\/v2\/types\/page"}],"author":[{"embeddable":true,"href":"https:\/\/hubertpietka.bialystok.pl\/index.php?rest_route=\/wp\/v2\/users\/1"}],"replies":[{"embeddable":true,"href":"https:\/\/hubertpietka.bialystok.pl\/index.php?rest_route=%2Fwp%2Fv2%2Fcomments&post=753"}],"version-history":[{"count":4,"href":"https:\/\/hubertpietka.bialystok.pl\/index.php?rest_route=\/wp\/v2\/pages\/753\/revisions"}],"predecessor-version":[{"id":758,"href":"https:\/\/hubertpietka.bialystok.pl\/index.php?rest_route=\/wp\/v2\/pages\/753\/revisions\/758"}],"wp:attachment":[{"href":"https:\/\/hubertpietka.bialystok.pl\/index.php?rest_route=%2Fwp%2Fv2%2Fmedia&parent=753"}],"curies":[{"name":"wp","href":"https:\/\/api.w.org\/{rel}","templated":true}]}}