{"id":7541,"date":"2023-10-09T19:54:07","date_gmt":"2023-10-09T19:54:07","guid":{"rendered":"http:\/\/hubertpietka.bialystok.pl\/?page_id=7541"},"modified":"2023-10-09T19:54:07","modified_gmt":"2023-10-09T19:54:07","slug":"maly-statek-a-swiata-okret","status":"publish","type":"page","link":"https:\/\/hubertpietka.bialystok.pl\/?page_id=7541","title":{"rendered":"Ma\u0142y statek \/ a \u015bwiata okr\u0119t"},"content":{"rendered":"<p><em><strong>Ma\u0142y statek \/ a \u015bwiata okr\u0119t\u00a0<\/strong><\/em><\/p>\n<p>Ma\u0142\u017ce\u0144stwo jest jak statek<br \/>\nKad\u0142ub z \u017caglami<br \/>\nA oni chc\u0105 statek<br \/>\nPozbawi\u0107 tego kad\u0142uba<br \/>\nI my\u015bl\u0105 \u017ce b\u0119dzie p\u0142yn\u0105\u0142<br \/>\nChyba <em>statek widmo<\/em><br \/>\nNa samych \u017caglach tylko<br \/>\nA przecie\u017c nawet \u017cagiel flagi<br \/>\nMusi by\u0107 przytwierdzony do masztu<\/p>\n<p>M\u00f3dlcie si\u0119 za nami<br \/>\nCho\u0107by na tym r\u00f3\u017ca\u0144cu<br \/>\nBy r\u00f3\u017cne drapie\u017cne rekiny<br \/>\nKad\u0142uba nie zniszczy\u0142y<br \/>\nI by \u017cagli nie poszarpa\u0142y<br \/>\nR\u00f3\u017cne z\u0142e burze<br \/>\nBy ten statek nie poszed\u0142 na dno<br \/>\nW sensie ludzkim<br \/>\nBo w tym Bo\u017cym<br \/>\nOn zmierza w niebieskie przestworza<\/p>\n<p>Podobnie jest z okr\u0119tem \u015bwiata<br \/>\nTen kad\u0142ub fizyczny nie mo\u017ce dalej p\u0142yn\u0105\u0107<br \/>\nBez \u017cagli ducha prawdy<br \/>\nOby ludzko\u015b\u0107 to zrozumia\u0142a<br \/>\nI nie p\u0142yniemy sami<br \/>\nLecz jak pod Lepanto<br \/>\nW flocie innych statk\u00f3w<br \/>\nKt\u00f3re si\u0142om z\u0142a si\u0119 przeciwstawiaj\u0105<\/p>\n<p><a href=\"http:\/\/hubertpietka.bialystok.pl\/wp-content\/uploads\/2023\/10\/IMG_20231009_213054.jpg\"><img loading=\"lazy\" decoding=\"async\" class=\"alignnone size-thumbnail wp-image-7542\" src=\"http:\/\/hubertpietka.bialystok.pl\/wp-content\/uploads\/2023\/10\/IMG_20231009_213054-150x150.jpg\" alt=\"\" width=\"150\" height=\"150\" srcset=\"https:\/\/hubertpietka.bialystok.pl\/wp-content\/uploads\/2023\/10\/IMG_20231009_213054-150x150.jpg 150w, https:\/\/hubertpietka.bialystok.pl\/wp-content\/uploads\/2023\/10\/IMG_20231009_213054-75x75.jpg 75w\" sizes=\"auto, (max-width: 150px) 100vw, 150px\" \/><\/a><\/p>\n<p><em>Na zdj. Maryja i \u015bw. Jan Pawe\u0142 II<\/em><br \/>\n<em> I ta Niepokalana i Cz\u0119stochowska<\/em><br \/>\n<em> W *Ortelu Kr\u00f3lewskim*<\/em><br \/>\n<em> Nie prosz\u0119 Ci\u0119 Matko<\/em><br \/>\n<em> O ten *kr\u00f3lewski portfel*<\/em><br \/>\n<em> Lecz by\u015b wspiera\u0142a te statki<\/em><br \/>\n<em> Na morzu r\u00f3\u017cnych spraw ludzkich i \u015bwiata<\/em><br \/>\n<em>Tylko tyle Maryjo<\/em><\/p>\n<p><strong>Dzi\u015b b\u0142. Wincentego Kad\u0142ubka<\/strong><br \/>\n<strong> Kt\u00f3ry natchn\u0105\u0142 te rozwa\u017cania<\/strong><br \/>\n<strong> Niech pieni\u0105dze nie wygrywaj\u0105<\/strong><br \/>\n<strong> Te kt\u00f3re spowodowa\u0107 maj\u0105<\/strong><br \/>\n<strong> Zatopienie kad\u0142uba i ca\u0142ego statku<\/strong><br \/>\n<strong> Bo wtedy i okr\u0119t \u015bwiata<\/strong><br \/>\n<strong> Niestety p\u00f3jdzie na dno<\/strong><br \/>\n<strong> <em>Tchnij Duchu w te \u017cagle\u00a0<\/em><\/strong><\/p>\n<p style=\"text-align: center;\">\/<\/p>\n<p style=\"text-align: right;\"><a href=\"https:\/\/youtu.be\/CWE2USHzbBM?si=FbeAZo96aoARrP9q\"><em><strong>Maryla Rodowicz &#8211; Hej \u017cegluj\u017ce \u017ceglarzu<\/strong><\/em><\/a><\/p>\n","protected":false},"excerpt":{"rendered":"<p>Ma\u0142y statek \/ a \u015bwiata okr\u0119t\u00a0 Ma\u0142\u017ce\u0144stwo jest jak statek Kad\u0142ub z \u017caglami A oni chc\u0105 statek Pozbawi\u0107 tego kad\u0142uba I my\u015bl\u0105 \u017ce b\u0119dzie p\u0142yn\u0105\u0142&hellip; <\/p>\n","protected":false},"author":1,"featured_media":0,"parent":0,"menu_order":0,"comment_status":"closed","ping_status":"closed","template":"","meta":{"footnotes":""},"class_list":["post-7541","page","type-page","status-publish","hentry"],"_links":{"self":[{"href":"https:\/\/hubertpietka.bialystok.pl\/index.php?rest_route=\/wp\/v2\/pages\/7541","targetHints":{"allow":["GET"]}}],"collection":[{"href":"https:\/\/hubertpietka.bialystok.pl\/index.php?rest_route=\/wp\/v2\/pages"}],"about":[{"href":"https:\/\/hubertpietka.bialystok.pl\/index.php?rest_route=\/wp\/v2\/types\/page"}],"author":[{"embeddable":true,"href":"https:\/\/hubertpietka.bialystok.pl\/index.php?rest_route=\/wp\/v2\/users\/1"}],"replies":[{"embeddable":true,"href":"https:\/\/hubertpietka.bialystok.pl\/index.php?rest_route=%2Fwp%2Fv2%2Fcomments&post=7541"}],"version-history":[{"count":1,"href":"https:\/\/hubertpietka.bialystok.pl\/index.php?rest_route=\/wp\/v2\/pages\/7541\/revisions"}],"predecessor-version":[{"id":7543,"href":"https:\/\/hubertpietka.bialystok.pl\/index.php?rest_route=\/wp\/v2\/pages\/7541\/revisions\/7543"}],"wp:attachment":[{"href":"https:\/\/hubertpietka.bialystok.pl\/index.php?rest_route=%2Fwp%2Fv2%2Fmedia&parent=7541"}],"curies":[{"name":"wp","href":"https:\/\/api.w.org\/{rel}","templated":true}]}}