{"id":7547,"date":"2023-10-12T21:47:01","date_gmt":"2023-10-12T21:47:01","guid":{"rendered":"http:\/\/hubertpietka.bialystok.pl\/?page_id=7547"},"modified":"2023-10-12T21:47:01","modified_gmt":"2023-10-12T21:47:01","slug":"czas-pogardy-dla-maluczkich-bezbronnych","status":"publish","type":"page","link":"https:\/\/hubertpietka.bialystok.pl\/?page_id=7547","title":{"rendered":"Czas pogardy \/ dla maluczkich bezbronnych"},"content":{"rendered":"<p><em><strong>Czas pogardy \/ dla maluczkich bezbronnych\u00a0<\/strong><\/em><\/p>\n<p><em>To jest kwestia te\u017c honoru<\/em><br \/>\n<em> A oni m\u00f3wi\u0105 \u017ce ja jestem szalony<\/em><br \/>\n<em> Jutro wspominana \u015bw. *Honor-a-ta*<\/em><br \/>\n<em> B\u00f3g zapyta *honor a ta*<\/em><br \/>\n<em> Najbardziej bezbronna<\/em><br \/>\n<em> *Honor a ci* najmniejsi najs\u0142absi<\/em><br \/>\n<em> Honor a ta moja \u017cona<\/em><\/p>\n<p>Nie zrozumiej\u0105 tego zapewne wy\u015bmiej\u0105<br \/>\nCi kt\u00f3rzy do niewinnych i bezbronnych<br \/>\nPodchodz\u0105 drapie\u017cnie<br \/>\nPrzecie\u017c liczy si\u0119 tylko ich zadufane ego<\/p>\n<p><a href=\"http:\/\/hubertpietka.bialystok.pl\/wp-content\/uploads\/2023\/10\/IMG_20231012_234059.jpg\"><img loading=\"lazy\" decoding=\"async\" class=\"alignnone size-thumbnail wp-image-7548\" src=\"http:\/\/hubertpietka.bialystok.pl\/wp-content\/uploads\/2023\/10\/IMG_20231012_234059-150x150.jpg\" alt=\"\" width=\"150\" height=\"150\" srcset=\"https:\/\/hubertpietka.bialystok.pl\/wp-content\/uploads\/2023\/10\/IMG_20231012_234059-150x150.jpg 150w, https:\/\/hubertpietka.bialystok.pl\/wp-content\/uploads\/2023\/10\/IMG_20231012_234059-75x75.jpg 75w\" sizes=\"auto, (max-width: 150px) 100vw, 150px\" \/><\/a><\/p>\n<p><strong>Na zdj. W ko\u015bciele w Sarnakach<\/strong><br \/>\n<strong> Dzieci Bo\u017ce i Baranek<\/strong><br \/>\n<strong> <em>Miar\u0105 cz\u0142owiecze\u0144stwa jest podej\u015bcie<\/em><\/strong><br \/>\n<strong><em> Do bezbronnych najmniejszych<\/em><\/strong><br \/>\n<strong> Czy to jest <em>czas honoru<\/em><\/strong><br \/>\n<strong> Czy mo\u017ce r\u00f3\u017cnych pysznych szumowin<\/strong><br \/>\n<strong> Nawet je\u015bli reprezentuj\u0105 r\u00f3\u017cne s\u0142u\u017cby<\/strong><br \/>\n<strong> Bo przecie\u017c najlepiej odpowiednio drapie\u017cnie<\/strong><\/p>\n<p style=\"text-align: center;\"><a href=\"https:\/\/youtu.be\/hccuH8JRD8A?si=1Xvb84ZoshnUr9hv\"><em><strong>Czas honoru &#8211; Czo\u0142\u00f3wka<\/strong><\/em><\/a><\/p>\n","protected":false},"excerpt":{"rendered":"<p>Czas pogardy \/ dla maluczkich bezbronnych\u00a0 To jest kwestia te\u017c honoru A oni m\u00f3wi\u0105 \u017ce ja jestem szalony Jutro wspominana \u015bw. *Honor-a-ta* B\u00f3g zapyta *honor&hellip; <\/p>\n","protected":false},"author":1,"featured_media":0,"parent":0,"menu_order":0,"comment_status":"closed","ping_status":"closed","template":"","meta":{"footnotes":""},"class_list":["post-7547","page","type-page","status-publish","hentry"],"_links":{"self":[{"href":"https:\/\/hubertpietka.bialystok.pl\/index.php?rest_route=\/wp\/v2\/pages\/7547","targetHints":{"allow":["GET"]}}],"collection":[{"href":"https:\/\/hubertpietka.bialystok.pl\/index.php?rest_route=\/wp\/v2\/pages"}],"about":[{"href":"https:\/\/hubertpietka.bialystok.pl\/index.php?rest_route=\/wp\/v2\/types\/page"}],"author":[{"embeddable":true,"href":"https:\/\/hubertpietka.bialystok.pl\/index.php?rest_route=\/wp\/v2\/users\/1"}],"replies":[{"embeddable":true,"href":"https:\/\/hubertpietka.bialystok.pl\/index.php?rest_route=%2Fwp%2Fv2%2Fcomments&post=7547"}],"version-history":[{"count":1,"href":"https:\/\/hubertpietka.bialystok.pl\/index.php?rest_route=\/wp\/v2\/pages\/7547\/revisions"}],"predecessor-version":[{"id":7549,"href":"https:\/\/hubertpietka.bialystok.pl\/index.php?rest_route=\/wp\/v2\/pages\/7547\/revisions\/7549"}],"wp:attachment":[{"href":"https:\/\/hubertpietka.bialystok.pl\/index.php?rest_route=%2Fwp%2Fv2%2Fmedia&parent=7547"}],"curies":[{"name":"wp","href":"https:\/\/api.w.org\/{rel}","templated":true}]}}