{"id":7551,"date":"2023-10-14T18:52:43","date_gmt":"2023-10-14T18:52:43","guid":{"rendered":"http:\/\/hubertpietka.bialystok.pl\/?page_id=7551"},"modified":"2023-10-14T18:52:43","modified_gmt":"2023-10-14T18:52:43","slug":"baju-baju-a-swoja-droga-to-samo-i-dalej","status":"publish","type":"page","link":"https:\/\/hubertpietka.bialystok.pl\/?page_id=7551","title":{"rendered":"Baju baju \/ a swoj\u0105 drog\u0105 to samo i dalej"},"content":{"rendered":"<p><strong><em>Baju baju<\/em> \/ a swoj\u0105 drog\u0105 to samo i dalej\u00a0<\/strong><\/p>\n<p><em>Baju baju<\/em> nie maj\u0105 przyj\u015b\u0107 misiaki<br \/>\nDop\u00f3ki nie przyjd\u0105<br \/>\nAlbo mnie gdzie\u015b nie dorw\u0105<br \/>\nPrzecie\u017c oni lubi\u0105 ustawki<br \/>\nNa niewinnych i bezbronnych<br \/>\nA zreszt\u0105 jest przecie\u017c s\u0142u\u017cb r\u00f3\u017cnych du\u017co<br \/>\nKt\u00f3re te\u017c zapewne spe\u0142ni\u0105 swe funkcje wybornie<br \/>\nCzy tu czy gdziekolwiek<\/p>\n<p>Podobnie szumowiny r\u00f3\u017cne<br \/>\nBo jak nazwa\u0107 <em>drapie\u017cne szumienie<\/em><br \/>\nBy wywo\u0142a\u0107 afer\u0119 ze skutkiem jedynie s\u0142usznym<br \/>\nPod\u0142ug misi\u00f3w oczywi\u015bcie<br \/>\n<em>Baju baju<\/em> nie maj\u0105 przyj\u015b\u0107<br \/>\nDop\u00f3ki nie przyjd\u0105 i mnie nie dorw\u0105<br \/>\nCzy tu czy gdziekolwiek<br \/>\nTakie czy inne szumowiny<br \/>\nW pe\u0142nym przekroju spo\u0142ecznym<br \/>\nPod\u0142ug misi\u00f3w zawsze bezpieczne<\/p>\n<p><em>Baju baju<\/em> *ale-rgia*<br \/>\n*Ale gra* to ich gra<br \/>\nBo ataki najwi\u0119ksze<br \/>\nKiedy ja przy niej blisko nie jestem<br \/>\nMo\u017cna zawsze odpowiednio<br \/>\n<em>Zakr\u0119ci\u0107 powietrzem<\/em><br \/>\nI innymi rzeczami tak\u017ce<br \/>\nZe skutkiem przez nich po\u017c\u0105danym<\/p>\n<p><a href=\"http:\/\/hubertpietka.bialystok.pl\/wp-content\/uploads\/2023\/10\/IMG_20231014_204322.jpg\"><img loading=\"lazy\" decoding=\"async\" class=\"alignnone size-thumbnail wp-image-7552\" src=\"http:\/\/hubertpietka.bialystok.pl\/wp-content\/uploads\/2023\/10\/IMG_20231014_204322-150x150.jpg\" alt=\"\" width=\"150\" height=\"150\" srcset=\"https:\/\/hubertpietka.bialystok.pl\/wp-content\/uploads\/2023\/10\/IMG_20231014_204322-150x150.jpg 150w, https:\/\/hubertpietka.bialystok.pl\/wp-content\/uploads\/2023\/10\/IMG_20231014_204322-75x75.jpg 75w\" sizes=\"auto, (max-width: 150px) 100vw, 150px\" \/><\/a><\/p>\n<p><strong>Na zdj. Dziewczyna na piasku<\/strong><br \/>\n<strong> To mi to przypomina<\/strong><br \/>\n<strong> Wszystko co oni m\u00f3wi\u0105<\/strong><br \/>\n<strong> Jest pisaniem na piasku<\/strong><br \/>\n<strong> Niewiele to ma wsp\u00f3lnego z Bo\u017c\u0105 prawd\u0105<\/strong><\/p>\n<p>I je\u015bli cokolwieczunio<br \/>\nZ t\u0105 dziewczyn\u0105 jeszcze<br \/>\nTo tak naprawd\u0119 jest te\u017c we wszystkich interesie<br \/>\nA jak si\u0119 \u015bwiat sko\u0144czy<br \/>\nTo co wtedy<br \/>\nZ tym *piaskiem* *pieskiem*<br \/>\n*Kodem* *kotem* pocztowym<br \/>\nI z tymi samochodami<br \/>\nBo \u015blady po wyciekach<br \/>\nS\u0105 na ka\u017cdym stanowisku parkingowym<br \/>\nZreszt\u0105 maj\u0105 i inne metody<br \/>\nZ nami naszymi i naszym<br \/>\nTak\u017ce a jak\u017ce<br \/>\nA tu te\u017c oni nic<br \/>\n<em>Baju baju<\/em> dop\u00f3ki i co\u015b<\/p>\n<p style=\"text-align: center;\"><a href=\"https:\/\/youtu.be\/0gWoreMj9q4?si=3-i4tn5J0N9tNJSq\"><em><strong>Bajm &#8211; Dziesi\u0119\u0107 przykaza\u0144<\/strong><\/em><\/a><\/p>\n","protected":false},"excerpt":{"rendered":"<p>Baju baju \/ a swoj\u0105 drog\u0105 to samo i dalej\u00a0 Baju baju nie maj\u0105 przyj\u015b\u0107 misiaki Dop\u00f3ki nie przyjd\u0105 Albo mnie gdzie\u015b nie dorw\u0105 Przecie\u017c&hellip; <\/p>\n","protected":false},"author":1,"featured_media":0,"parent":0,"menu_order":0,"comment_status":"closed","ping_status":"closed","template":"","meta":{"footnotes":""},"class_list":["post-7551","page","type-page","status-publish","hentry"],"_links":{"self":[{"href":"https:\/\/hubertpietka.bialystok.pl\/index.php?rest_route=\/wp\/v2\/pages\/7551","targetHints":{"allow":["GET"]}}],"collection":[{"href":"https:\/\/hubertpietka.bialystok.pl\/index.php?rest_route=\/wp\/v2\/pages"}],"about":[{"href":"https:\/\/hubertpietka.bialystok.pl\/index.php?rest_route=\/wp\/v2\/types\/page"}],"author":[{"embeddable":true,"href":"https:\/\/hubertpietka.bialystok.pl\/index.php?rest_route=\/wp\/v2\/users\/1"}],"replies":[{"embeddable":true,"href":"https:\/\/hubertpietka.bialystok.pl\/index.php?rest_route=%2Fwp%2Fv2%2Fcomments&post=7551"}],"version-history":[{"count":1,"href":"https:\/\/hubertpietka.bialystok.pl\/index.php?rest_route=\/wp\/v2\/pages\/7551\/revisions"}],"predecessor-version":[{"id":7553,"href":"https:\/\/hubertpietka.bialystok.pl\/index.php?rest_route=\/wp\/v2\/pages\/7551\/revisions\/7553"}],"wp:attachment":[{"href":"https:\/\/hubertpietka.bialystok.pl\/index.php?rest_route=%2Fwp%2Fv2%2Fmedia&parent=7551"}],"curies":[{"name":"wp","href":"https:\/\/api.w.org\/{rel}","templated":true}]}}