{"id":7557,"date":"2023-10-16T18:07:50","date_gmt":"2023-10-16T18:07:50","guid":{"rendered":"http:\/\/hubertpietka.bialystok.pl\/?page_id=7557"},"modified":"2023-10-16T18:07:50","modified_gmt":"2023-10-16T18:07:50","slug":"czasem-trzeba-cos-wprost-powiedziec","status":"publish","type":"page","link":"https:\/\/hubertpietka.bialystok.pl\/?page_id=7557","title":{"rendered":"Czasem trzeba \/ co\u015b wprost powiedzie\u0107"},"content":{"rendered":"<p><em><strong>Czasem trzeba \/ co\u015b wprost powiedzie\u0107\u00a0<\/strong><\/em><\/p>\n<p>Dzisiaj <em>Dzie\u0144 Papieski<\/em><br \/>\n45 rocznica wyboru na papie\u017ca<br \/>\n\u015aw. Jana Paw\u0142a II<br \/>\n4+5=9 a oni<br \/>\nOd ponad 6 lat mnie \u015bcigaj\u0105<br \/>\nW taki czy inny spos\u00f3b<br \/>\nPr\u00f3buj\u0105 zabi\u0107 moj\u0105 \u017con\u0119<br \/>\nI zwierz\u0119ta podobnie<br \/>\nZniszczy\u0107 nas naszych i nasze<br \/>\nChyba pora na swoiste <em>resume<\/em><br \/>\nPrzy tej okazji<\/p>\n<p>Zabi\u0107 \u017con\u0119 przy takiej czy innej sposobno\u015bci<br \/>\nZw\u0142aszcza gdy mnie nie ma blisko przy niej<br \/>\nTo chyba ich ideologiczne wyzwanie<br \/>\nPodobnie z tymi zwierz\u0119tami<br \/>\nKiedy jest ku temu najcz\u0119\u015bciej<br \/>\n<em>Nomen omen<\/em> okazja wydumana<br \/>\nTyle lat je\u017cd\u017c\u0119 samochodem<br \/>\nI na niczym mnie ewidentnie nie z\u0142apali<br \/>\nI to jest sol\u0105 w oku dla nich<br \/>\n\u017be w og\u00f3le samochody mamy<br \/>\nZ tym mieszkaniem<br \/>\nByleby tylko nas go pozbawi\u0107<br \/>\nCel ich kolejny zdecydowany<br \/>\n\u017be ju\u017c nie wspomn\u0119 o r\u00f3\u017cnych naszych<br \/>\nTych szczeg\u00f3lnie kt\u00f3rzy nie chc\u0105 nam z\u0142a uczyni\u0107<br \/>\nI <em>bro\u0144 Bo\u017ce<\/em> wyrz\u0105dzaj\u0105 nam r\u00f3\u017cne dobra<\/p>\n<p>Swoi\u015bci siewcy \u015bmierci i zniszczenia<br \/>\nA ob\u0142uda ichnia<br \/>\nJu\u017c chyba osi\u0105ga wymiary kosmiczne<br \/>\nNa ka\u017cdym kroku<br \/>\nSprofanowa\u0107 chc\u0105 wszystko<br \/>\nBy m\u0105 niewinno\u015b\u0107 zniszczy\u0107<br \/>\nI nie moj\u0105 tylko<br \/>\nW r\u00f3\u017cnych kwestiach ko\u015bcielnych najpierw<br \/>\nProfanacja wszystkiego byleby tylko<br \/>\nSprofanowa\u0107 moje wn\u0119trze<br \/>\nA <em>argumenty \u015bmieciowe<\/em><br \/>\nZdecydowanie rang\u0119 \u015bmierci maj\u0105<br \/>\nSzczeg\u00f3lnie te odgrzewane<br \/>\nPr\u00f3buj\u0105 wykorzysta\u0107 ka\u017cd\u0105 ludzk\u0105 s\u0142abo\u015b\u0107<br \/>\nByleby tylko w nas uderzy\u0107<br \/>\nA te filmiki ob\u0142udne<br \/>\nKt\u00f3re powiela\u0107 pr\u00f3buj\u0105 ci\u0105gle<br \/>\nZ najwi\u0119kszym na \u015bwiecie przest\u0119pstwem<br \/>\nPrzechodzenia w niby niedozwolonym miejscu<br \/>\nByleby tylko misie mia\u0142y pretekst<br \/>\nBy przyj\u015b\u0107 i nas wtr\u0105ci\u0107<br \/>\nW takie czy inne ciemno\u015bci<br \/>\nZreszt\u0105 do tych cel\u00f3w<br \/>\nMo\u017cna anga\u017cowa\u0107 odpowiednio<br \/>\nWszystkie w Polsce s\u0142u\u017cby<br \/>\nKt\u00f3re maj\u0105 status publiczny<br \/>\nI innych kt\u00f3rzy tylko b\u0119d\u0105 chcieli<br \/>\nPo\u017c\u0105dania misi\u00f3w powieli\u0107<\/p>\n<p>O Panie ob\u0142uda totalnie<br \/>\nTak w\u0142a\u015bnie chc\u0105 nas po\u017cre\u0107<br \/>\nPrzez ob\u0142ud\u0119 na ka\u017cdym kroku<\/p>\n<p>A ile ju\u017c spe\u0142nili<br \/>\nSwych zap\u0119d\u00f3w pod\u0142ych<br \/>\nZe szkod\u0105 dla kogokolwiek<br \/>\nB\u00f3g to wie i oni zapewne te\u017c<br \/>\nAle nie chc\u0105 si\u0119 w tym zatrzyma\u0107<br \/>\nWol\u0105 na zatracenie<br \/>\nPowiela\u0107 r\u00f3\u017cne zbrodnie swoje<\/p>\n<p>I to tyle swoistego <em>resume<\/em><br \/>\nCzasem trzeba co\u015b powiedzie\u0107 i wprost<br \/>\nBo inaczej nie dotrze<br \/>\nCho\u0107by i do tych<br \/>\nKt\u00f3rzy zdezawuowa\u0107 chc\u0105 wszystko<br \/>\nA ile k\u0142amstw oszustw manipulacji<br \/>\nChyba ju\u017c nikt tego i nie zliczy<\/p>\n<p><a href=\"http:\/\/hubertpietka.bialystok.pl\/wp-content\/uploads\/2023\/10\/IMG_20231016_200602.jpg\"><img loading=\"lazy\" decoding=\"async\" class=\"alignnone size-thumbnail wp-image-7558\" src=\"http:\/\/hubertpietka.bialystok.pl\/wp-content\/uploads\/2023\/10\/IMG_20231016_200602-150x150.jpg\" alt=\"\" width=\"150\" height=\"150\" srcset=\"https:\/\/hubertpietka.bialystok.pl\/wp-content\/uploads\/2023\/10\/IMG_20231016_200602-150x150.jpg 150w, https:\/\/hubertpietka.bialystok.pl\/wp-content\/uploads\/2023\/10\/IMG_20231016_200602-75x75.jpg 75w\" sizes=\"auto, (max-width: 150px) 100vw, 150px\" \/><\/a><\/p>\n<p><em>Na zdj. \u015aw. Jan Pawe\u0142 II w *Ortelu Kr\u00f3lewskim*<\/em><br \/>\n<em> Tak to s\u0105 ich swoiste *fortele kr\u00f3lewskie*<\/em><br \/>\n<em> Ich i innych im podobnych<\/em><br \/>\n<em> Ale z *r* zamiast *l* niestety<\/em><br \/>\n<em> W innym miejscu<\/em><br \/>\n<em> I tak trzeba to nazwa\u0107 zawaulowanie zdecydowanie<\/em><br \/>\n<em> Ustrze\u017c nas Bo\u017ce<\/em><br \/>\n<em> By\u015bmy nie wpadli nigdy w ich r\u0119ce<\/em><br \/>\n<em> Bo znaj\u0105c fakty powy\u017csze<\/em><br \/>\n<em> Ju\u017c z nich nie wyjdziemy<\/em><br \/>\n<em> I \u015bwiat si\u0119 te\u017c sko\u0144czy<\/em><br \/>\n<em> Ale co z tego<\/em><br \/>\n<em> Misie przecie\u017c lepiej wiedz\u0105<\/em><\/p>\n","protected":false},"excerpt":{"rendered":"<p>Czasem trzeba \/ co\u015b wprost powiedzie\u0107\u00a0 Dzisiaj Dzie\u0144 Papieski 45 rocznica wyboru na papie\u017ca \u015aw. Jana Paw\u0142a II 4+5=9 a oni Od ponad 6 lat&hellip; <\/p>\n","protected":false},"author":1,"featured_media":0,"parent":0,"menu_order":0,"comment_status":"closed","ping_status":"closed","template":"","meta":{"footnotes":""},"class_list":["post-7557","page","type-page","status-publish","hentry"],"_links":{"self":[{"href":"https:\/\/hubertpietka.bialystok.pl\/index.php?rest_route=\/wp\/v2\/pages\/7557","targetHints":{"allow":["GET"]}}],"collection":[{"href":"https:\/\/hubertpietka.bialystok.pl\/index.php?rest_route=\/wp\/v2\/pages"}],"about":[{"href":"https:\/\/hubertpietka.bialystok.pl\/index.php?rest_route=\/wp\/v2\/types\/page"}],"author":[{"embeddable":true,"href":"https:\/\/hubertpietka.bialystok.pl\/index.php?rest_route=\/wp\/v2\/users\/1"}],"replies":[{"embeddable":true,"href":"https:\/\/hubertpietka.bialystok.pl\/index.php?rest_route=%2Fwp%2Fv2%2Fcomments&post=7557"}],"version-history":[{"count":1,"href":"https:\/\/hubertpietka.bialystok.pl\/index.php?rest_route=\/wp\/v2\/pages\/7557\/revisions"}],"predecessor-version":[{"id":7559,"href":"https:\/\/hubertpietka.bialystok.pl\/index.php?rest_route=\/wp\/v2\/pages\/7557\/revisions\/7559"}],"wp:attachment":[{"href":"https:\/\/hubertpietka.bialystok.pl\/index.php?rest_route=%2Fwp%2Fv2%2Fmedia&parent=7557"}],"curies":[{"name":"wp","href":"https:\/\/api.w.org\/{rel}","templated":true}]}}