{"id":7570,"date":"2023-10-22T12:42:08","date_gmt":"2023-10-22T12:42:08","guid":{"rendered":"http:\/\/hubertpietka.bialystok.pl\/?page_id=7570"},"modified":"2023-10-22T12:42:08","modified_gmt":"2023-10-22T12:42:08","slug":"trwac-w-prawdzie-o-sobie","status":"publish","type":"page","link":"https:\/\/hubertpietka.bialystok.pl\/?page_id=7570","title":{"rendered":"Trwa\u0107 \/ w prawdzie o sobie"},"content":{"rendered":"<p><em><strong>Trwa\u0107 \/ w prawdzie o sobie\u00a0<\/strong><\/em><\/p>\n<p>Pewnie \u017ce zawsze cz\u0142owiek chcia\u0142by<br \/>\nBy\u0107 t\u0105 lepsz\u0105 wersj\u0105 tego samego siebie<br \/>\nI dobrze \u017ce tak jest zw\u0142aszcza w sensie moralnym<br \/>\nAle nie zawsze tak i da si\u0119<br \/>\nCz\u0142owiek nie jest robotem<br \/>\nWp\u0142ywaj\u0105 na niego r\u00f3\u017cne czynniki<br \/>\nCho\u0107by zm\u0119czenie pogoda<br \/>\nCo innego misie i im podobni ca\u0142kiem<br \/>\nOni s\u0105 zawsze przecie\u017c i doskonali<br \/>\nA\u017c do ko\u0144ca i w ka\u017cdym calu<br \/>\nZapewne dla siebie samych<\/p>\n<p>Tylko mi\u0142o\u015b\u0107 ma t\u0105 moc<br \/>\nBy niwelowa\u0107 nier\u00f3wno\u015bci<br \/>\nNawet te objawiaj\u0105ce si\u0119 drastycznie<br \/>\nTylko mi\u0142o\u015b\u0107 ma t\u0105 moc<br \/>\nA zw\u0142aszcza ta p\u0142yn\u0105ca z sakramentu ma\u0142\u017ce\u0144stwa<\/p>\n<p><a href=\"http:\/\/hubertpietka.bialystok.pl\/wp-content\/uploads\/2023\/10\/IMG_20231022_141102.jpg\"><img loading=\"lazy\" decoding=\"async\" class=\"alignnone size-thumbnail wp-image-7571\" src=\"http:\/\/hubertpietka.bialystok.pl\/wp-content\/uploads\/2023\/10\/IMG_20231022_141102-150x150.jpg\" alt=\"\" width=\"150\" height=\"150\" srcset=\"https:\/\/hubertpietka.bialystok.pl\/wp-content\/uploads\/2023\/10\/IMG_20231022_141102-150x150.jpg 150w, https:\/\/hubertpietka.bialystok.pl\/wp-content\/uploads\/2023\/10\/IMG_20231022_141102-75x75.jpg 75w\" sizes=\"auto, (max-width: 150px) 100vw, 150px\" \/><\/a><\/p>\n<p><em>Na zdj. Jan Pawe\u0142 II w *Nie-po-kalanowie*<\/em><br \/>\n<em> Nie po to si\u0119 tam je\u017adzi<\/em><br \/>\n<em> *By kala\u0107 cokolwiek*<\/em><br \/>\n<em> Ale c\u00f3\u017c tak dla nich<\/em><br \/>\n<em> Zasadzki ustawki napa\u015bci r\u00f3\u017cne<\/em><br \/>\n<em> Wsz\u0119dzie zapewne zar\u00f3wno<\/em><br \/>\n<em> Bo misie kolaboranci i wsp\u00f3\u0142pracownicy tajni<\/em><br \/>\n<em> Zawsze i wsz\u0119dzie mog\u0105 wi\u0119cej<\/em><\/p>\n<p><em>\u015aw. Janie Pawle *II* *Drogi*<\/em><br \/>\n<em> Prostuj nasze drogi<\/em><br \/>\n<em> Przed tymi kt\u00f3rzy koniecznie chc\u0105 je wykrzywia\u0107<\/em><br \/>\n<em> M\u00f3dl si\u0119 za nami naszym i naszymi<\/em><br \/>\n<em> Ave Maryja i za tob\u0105 te\u017c zawsze totus tuus<\/em><\/p>\n<p style=\"text-align: center;\">( <em><strong><a href=\"https:\/\/youtu.be\/_xPUMBkVVP4?si=TL_9Sa6Dt4bcTolN\">My Riot f. Anna Maria Jopek &#8211; Dzisiaj mnie kochasz jutro nienawidzisz : Czw\u00f3rka<\/a><\/strong><\/em> )<\/p>\n","protected":false},"excerpt":{"rendered":"<p>Trwa\u0107 \/ w prawdzie o sobie\u00a0 Pewnie \u017ce zawsze cz\u0142owiek chcia\u0142by By\u0107 t\u0105 lepsz\u0105 wersj\u0105 tego samego siebie I dobrze \u017ce tak jest zw\u0142aszcza w&hellip; <\/p>\n","protected":false},"author":1,"featured_media":0,"parent":0,"menu_order":0,"comment_status":"closed","ping_status":"closed","template":"","meta":{"footnotes":""},"class_list":["post-7570","page","type-page","status-publish","hentry"],"_links":{"self":[{"href":"https:\/\/hubertpietka.bialystok.pl\/index.php?rest_route=\/wp\/v2\/pages\/7570","targetHints":{"allow":["GET"]}}],"collection":[{"href":"https:\/\/hubertpietka.bialystok.pl\/index.php?rest_route=\/wp\/v2\/pages"}],"about":[{"href":"https:\/\/hubertpietka.bialystok.pl\/index.php?rest_route=\/wp\/v2\/types\/page"}],"author":[{"embeddable":true,"href":"https:\/\/hubertpietka.bialystok.pl\/index.php?rest_route=\/wp\/v2\/users\/1"}],"replies":[{"embeddable":true,"href":"https:\/\/hubertpietka.bialystok.pl\/index.php?rest_route=%2Fwp%2Fv2%2Fcomments&post=7570"}],"version-history":[{"count":1,"href":"https:\/\/hubertpietka.bialystok.pl\/index.php?rest_route=\/wp\/v2\/pages\/7570\/revisions"}],"predecessor-version":[{"id":7572,"href":"https:\/\/hubertpietka.bialystok.pl\/index.php?rest_route=\/wp\/v2\/pages\/7570\/revisions\/7572"}],"wp:attachment":[{"href":"https:\/\/hubertpietka.bialystok.pl\/index.php?rest_route=%2Fwp%2Fv2%2Fmedia&parent=7570"}],"curies":[{"name":"wp","href":"https:\/\/api.w.org\/{rel}","templated":true}]}}