{"id":7576,"date":"2023-10-26T10:07:04","date_gmt":"2023-10-26T10:07:04","guid":{"rendered":"http:\/\/hubertpietka.bialystok.pl\/?page_id=7576"},"modified":"2023-10-27T07:53:05","modified_gmt":"2023-10-27T07:53:05","slug":"najchetniej-celuja-systemy-zbrodni-w-tych-niewinnych-i-bezbronnych","status":"publish","type":"page","link":"https:\/\/hubertpietka.bialystok.pl\/?page_id=7576","title":{"rendered":"Najch\u0119tniej celuj\u0105 systemy zbrodni \/ w tych niewinnych i bezbronnych"},"content":{"rendered":"<p><em><strong>Najch\u0119tniej celuj\u0105 systemy zbrodni \/ w tych niewinnych i bezbronnych\u00a0<\/strong><\/em><\/p>\n<p>Pierwszym celem ich jest<br \/>\nMa\u0142y <em>cz\u0142owiek &#8211; nikt<\/em><br \/>\nCzyli moja skromna osoba<br \/>\nAle maj\u0105 i cele inne<\/p>\n<p>*Cel Ina* druga po mnie<br \/>\nNa ich celowniku zbrodni<br \/>\nA poza tym nasi nasze<\/p>\n<p><em>Dzi\u015b wspomina b\u0142. *Borz\u0119-cka* *Cel-ina*<\/em><br \/>\n<em> Kt\u00f3\u017c mo\u017ce si\u0119 oprze\u0107<\/em><br \/>\n<em> Argumentom z przemocy<\/em><\/p>\n<p><em>*Bo\u017ce ci* do tych cel\u00f3w wszystkich d\u0105\u017c\u0105<\/em><br \/>\n<em> Z determinacj\u0105 przera\u017caj\u0105c\u0105<\/em><br \/>\n<em> Jak mo\u017cna tak perfidnie do z\u0142a d\u0105\u017cy\u0107<\/em><\/p>\n<p><a href=\"http:\/\/hubertpietka.bialystok.pl\/wp-content\/uploads\/2023\/10\/IMG_20231026_233136.jpg\"><img loading=\"lazy\" decoding=\"async\" class=\"alignnone size-thumbnail wp-image-7579\" src=\"http:\/\/hubertpietka.bialystok.pl\/wp-content\/uploads\/2023\/10\/IMG_20231026_233136-150x150.jpg\" alt=\"\" width=\"150\" height=\"150\" srcset=\"https:\/\/hubertpietka.bialystok.pl\/wp-content\/uploads\/2023\/10\/IMG_20231026_233136-150x150.jpg 150w, https:\/\/hubertpietka.bialystok.pl\/wp-content\/uploads\/2023\/10\/IMG_20231026_233136-75x75.jpg 75w\" sizes=\"auto, (max-width: 150px) 100vw, 150px\" \/><\/a><\/p>\n<p><strong>Na zdj. W ko\u015bciele \u015awi\u0119tej Rodziny<\/strong><br \/>\n<strong> Ten Jezus Mi\u0142osierny<\/strong><br \/>\n<strong> On mo\u017ce si\u0119 i rozdwoi\u0107 i roztroi\u0107<\/strong><br \/>\n<strong> Multiplikowa\u0107 si\u0119 mo\u017ce w niesko\u0144czono\u015b\u0107<\/strong><br \/>\n<strong> W pe\u0142ni mocy Swojej<\/strong><br \/>\n<strong> Wspom\u00f3\u017c nas nasze i naszych o Panie<\/strong><br \/>\n<strong> Przeciw wszelkim z\u0142a planom<\/strong><\/p>\n","protected":false},"excerpt":{"rendered":"<p>Najch\u0119tniej celuj\u0105 systemy zbrodni \/ w tych niewinnych i bezbronnych\u00a0 Pierwszym celem ich jest Ma\u0142y cz\u0142owiek &#8211; nikt Czyli moja skromna osoba Ale maj\u0105 i&hellip; <\/p>\n","protected":false},"author":1,"featured_media":0,"parent":0,"menu_order":0,"comment_status":"closed","ping_status":"closed","template":"","meta":{"footnotes":""},"class_list":["post-7576","page","type-page","status-publish","hentry"],"_links":{"self":[{"href":"https:\/\/hubertpietka.bialystok.pl\/index.php?rest_route=\/wp\/v2\/pages\/7576","targetHints":{"allow":["GET"]}}],"collection":[{"href":"https:\/\/hubertpietka.bialystok.pl\/index.php?rest_route=\/wp\/v2\/pages"}],"about":[{"href":"https:\/\/hubertpietka.bialystok.pl\/index.php?rest_route=\/wp\/v2\/types\/page"}],"author":[{"embeddable":true,"href":"https:\/\/hubertpietka.bialystok.pl\/index.php?rest_route=\/wp\/v2\/users\/1"}],"replies":[{"embeddable":true,"href":"https:\/\/hubertpietka.bialystok.pl\/index.php?rest_route=%2Fwp%2Fv2%2Fcomments&post=7576"}],"version-history":[{"count":3,"href":"https:\/\/hubertpietka.bialystok.pl\/index.php?rest_route=\/wp\/v2\/pages\/7576\/revisions"}],"predecessor-version":[{"id":7581,"href":"https:\/\/hubertpietka.bialystok.pl\/index.php?rest_route=\/wp\/v2\/pages\/7576\/revisions\/7581"}],"wp:attachment":[{"href":"https:\/\/hubertpietka.bialystok.pl\/index.php?rest_route=%2Fwp%2Fv2%2Fmedia&parent=7576"}],"curies":[{"name":"wp","href":"https:\/\/api.w.org\/{rel}","templated":true}]}}