{"id":7583,"date":"2023-10-31T12:18:57","date_gmt":"2023-10-31T12:18:57","guid":{"rendered":"http:\/\/hubertpietka.bialystok.pl\/?page_id=7583"},"modified":"2023-10-31T12:18:57","modified_gmt":"2023-10-31T12:18:57","slug":"misiowe-igrzyska-wynik-musi-byc-jedynie-sluszny","status":"publish","type":"page","link":"https:\/\/hubertpietka.bialystok.pl\/?page_id=7583","title":{"rendered":"Misiowe igrzyska \/ wynik musi by\u0107 jedynie s\u0142uszny"},"content":{"rendered":"<p><em><strong>Misiowe igrzyska \/ wynik musi by\u0107 jedynie s\u0142uszny<\/strong><\/em><\/p>\n<p>Swoiste zawody<br \/>\nNa ich typow\u0105 raczej mod\u0142\u0119<br \/>\nW kt\u00f3rej inni maj\u0105 wszelkie mo\u017cliwe prawa<br \/>\nI na to oczy przymykaj\u0105 misiaki<br \/>\nA ty nie masz \u017cadnych<br \/>\nTo znaczy \u017ce oni<br \/>\nMog\u0105 \u0142ama\u0107 wszelkie mo\u017cliwe przepisy<br \/>\nA ty spr\u00f3buj tylko<br \/>\nParodia wy\u015bcig\u00f3w ta po to i tylko<br \/>\nBy mogli spe\u0142nia\u0107 r\u00f3\u017cne swe z\u0142owrogie zap\u0119dy<br \/>\nWobecy nas naszego i naszych<br \/>\nPisa\u0142em to wielokrotnie ju\u017c chyba<br \/>\nDla nich byle pretekst wystarczy<\/p>\n<p>A poza tym misiaki<br \/>\nW policyjnym pa\u0144stwie<br \/>\nWszystko mog\u0105<br \/>\nI ci wsp\u00f3\u0142pracuj\u0105cy z nimi<br \/>\n\u015aciga\u0107 na wszelkie mo\u017cliwe sposoby<br \/>\nI ciebie i twoich<br \/>\nI na w\u0142asno\u015b\u0107 twoj\u0105 nastawa\u0107<br \/>\nNajgorsz\u0105 rzecz\u0105 raczej<br \/>\nJest tu chyba podpa\u015b\u0107 misiakom<br \/>\nWie co\u015b o tym mi ta najbli\u017csza<br \/>\nI inni kt\u00f3rzy nam nie wyrz\u0105dzaj\u0105 krzywdy<br \/>\nZa wszystko mo\u017cna podpa\u015b\u0107 misiakom<br \/>\nCo nie jest z\u0142em dla nas naszego i naszych<br \/>\nI dlatego oni w istocie<br \/>\nI nie inaczej<br \/>\nSiej\u0105c \u015bmier\u0107 i zniszczenie<br \/>\nPowoduj\u0105 smutek i zw\u0105tpienie<br \/>\nBo \u015bmier\u0107 to dla nich raczej igraszka<br \/>\nOczywi\u015bcie nas i tych naszych tego naszego<br \/>\nKu tego oni w istocie zmierzaj\u0105 od dawna<br \/>\nPo\u015brednio i bezpo\u015brednio<br \/>\nNa wszelkie mo\u017cliwe sposoby<br \/>\nA te <em>po\u017cal si\u0119 Bo\u017c<\/em>e wy\u015bcigi drogowe<br \/>\nTe\u017c maj\u0105 zmierza\u0107 ku temu<\/p>\n<p style=\"text-align: right;\"><a href=\"https:\/\/youtu.be\/FXfynL8H640?si=DfIhh7V4gA-ItXdB\"><em><strong>Do ko\u0142yski \/ \u017byj z ca\u0142ych si\u0142 &#8211; D\u017cem\u00a0<\/strong><\/em><\/a><\/p>\n<p>Chyba nie wiedz\u0105 mi\u015bki<br \/>\n\u017be ide\u0105 sportow\u0105 jest sprawiedliwo\u015b\u0107<br \/>\nI czytelne zasady dla wsp\u00f3\u0142uczestnik\u00f3w<br \/>\nAle co im tam<br \/>\nByleby tylko zi\u015bci\u0107<br \/>\nZ\u0142o\u015bci swe<\/p>\n<p><a href=\"http:\/\/hubertpietka.bialystok.pl\/wp-content\/uploads\/2023\/10\/20231031_122201.jpg\"><img loading=\"lazy\" decoding=\"async\" class=\"alignnone size-thumbnail wp-image-7584\" src=\"http:\/\/hubertpietka.bialystok.pl\/wp-content\/uploads\/2023\/10\/20231031_122201-150x150.jpg\" alt=\"\" width=\"150\" height=\"150\" srcset=\"https:\/\/hubertpietka.bialystok.pl\/wp-content\/uploads\/2023\/10\/20231031_122201-150x150.jpg 150w, https:\/\/hubertpietka.bialystok.pl\/wp-content\/uploads\/2023\/10\/20231031_122201-75x75.jpg 75w\" sizes=\"auto, (max-width: 150px) 100vw, 150px\" \/><\/a><\/p>\n<p><em>Na zdj. Ekspozycja \u017conina w naszym mieszkaniu<\/em><br \/>\n<em> Dzi\u015b te\u017c wspominany \u015bw. *Wolf-gang*<\/em><br \/>\n<em> Oni nas naszych i nasze<\/em><br \/>\n<em> Traktuj\u0105 jak *gang wilka*<\/em><br \/>\n<em> I chc\u0105 t\u0119pi\u0107 na wszelkie mo\u017cliwe sposoby<\/em><br \/>\n<em> Mimo \u017ce te wilki nikomu nie szkodz\u0105<\/em><br \/>\n<em> I s\u0105 cz\u0119\u015bci\u0105 lasu w kt\u00f3rym<\/em><br \/>\n<em> \u017by\u0107 im przysz\u0142o<\/em><br \/>\n<em> Dlatego psy go\u0144cze na ka\u017cdym niemal kroku<\/em><br \/>\n<em> A te wilki to go\u0142\u0119bie w istocie<\/em><br \/>\n<em> Kt\u00f3re po prostu chc\u0105 \u017cy\u0107 mi\u0142o\u015bci\u0105<\/em><br \/>\n<em> A tego te\u017c mo\u017cna potraktowa\u0107 jak konia<\/em><br \/>\n<em> Byleby tylko mu za\u0142o\u017cy\u0107 w\u0119dzid\u0142o<\/em><br \/>\n<em> By szed\u0142 gdzie inni chc\u0105<\/em><br \/>\n<em> A wilk ko\u0144 czy go\u0142\u0105b<\/em><br \/>\n<em> Jest i ma by\u0107 wolny<\/em><br \/>\n<em> Bo do tego zosta\u0142 stworzony<\/em><\/p>\n<p style=\"text-align: right;\"><a href=\"https:\/\/youtu.be\/rHCotH2Q19c?si=7KydlNjG5ir9b0VE\"><em><strong>Wolno\u015b\u0107 &#8211; Marek Grechuta<\/strong><\/em><\/a><\/p>\n","protected":false},"excerpt":{"rendered":"<p>Misiowe igrzyska \/ wynik musi by\u0107 jedynie s\u0142uszny Swoiste zawody Na ich typow\u0105 raczej mod\u0142\u0119 W kt\u00f3rej inni maj\u0105 wszelkie mo\u017cliwe prawa I na to&hellip; <\/p>\n","protected":false},"author":1,"featured_media":0,"parent":0,"menu_order":0,"comment_status":"closed","ping_status":"closed","template":"","meta":{"footnotes":""},"class_list":["post-7583","page","type-page","status-publish","hentry"],"_links":{"self":[{"href":"https:\/\/hubertpietka.bialystok.pl\/index.php?rest_route=\/wp\/v2\/pages\/7583","targetHints":{"allow":["GET"]}}],"collection":[{"href":"https:\/\/hubertpietka.bialystok.pl\/index.php?rest_route=\/wp\/v2\/pages"}],"about":[{"href":"https:\/\/hubertpietka.bialystok.pl\/index.php?rest_route=\/wp\/v2\/types\/page"}],"author":[{"embeddable":true,"href":"https:\/\/hubertpietka.bialystok.pl\/index.php?rest_route=\/wp\/v2\/users\/1"}],"replies":[{"embeddable":true,"href":"https:\/\/hubertpietka.bialystok.pl\/index.php?rest_route=%2Fwp%2Fv2%2Fcomments&post=7583"}],"version-history":[{"count":1,"href":"https:\/\/hubertpietka.bialystok.pl\/index.php?rest_route=\/wp\/v2\/pages\/7583\/revisions"}],"predecessor-version":[{"id":7585,"href":"https:\/\/hubertpietka.bialystok.pl\/index.php?rest_route=\/wp\/v2\/pages\/7583\/revisions\/7585"}],"wp:attachment":[{"href":"https:\/\/hubertpietka.bialystok.pl\/index.php?rest_route=%2Fwp%2Fv2%2Fmedia&parent=7583"}],"curies":[{"name":"wp","href":"https:\/\/api.w.org\/{rel}","templated":true}]}}