{"id":7587,"date":"2023-11-02T10:23:07","date_gmt":"2023-11-02T10:23:07","guid":{"rendered":"http:\/\/hubertpietka.bialystok.pl\/?page_id=7587"},"modified":"2023-11-02T10:27:26","modified_gmt":"2023-11-02T10:27:26","slug":"wkrec-anie-wkrecanie","status":"publish","type":"page","link":"https:\/\/hubertpietka.bialystok.pl\/?page_id=7587","title":{"rendered":"*Wkr\u0119\u0107-A-nie* \/ *wkr\u0119canie*"},"content":{"rendered":"<p><em><strong>*Wkr\u0119\u0107-A-nie* \/ *wkr\u0119canie*<\/strong><\/em><\/p>\n<p>Byleby tylko <em>wkr\u0119ci\u0107<\/em> mnie w co\u015b nas<br \/>\nJak oni to lubi\u0105<br \/>\nByleby tylko pretekst mia\u0142y misiaki<br \/>\nArgumenty \u015bmieciowe temat chyba ulubiony<br \/>\nNawet odciski palc\u00f3w<br \/>\nPrzypadkowo gdzie\u015b zostawione mog\u0105 po\u015bwiadczy\u0107<br \/>\n\u015aledczym \u015bmieciowym<br \/>\nPoza tym fa\u0142szowana kasa<br \/>\nByleby tylko nas na czym\u015b i z\u0142apa\u0107<br \/>\nPrzej\u015bcie w miejscu niedozwolonym<br \/>\nCho\u0107 nie mo\u017cna inaczej<br \/>\nByleby tylko us\u0142u\u017cnych by\u0142o nagranie<br \/>\nNaci\u0105ganie na kradzie\u017c<br \/>\nPrzecie\u017c o zgrozo w ko\u015bciele on na samym ko\u0144cu<br \/>\nCzy wreszcie ustawki by z\u0142apa\u0107<br \/>\nNa nieprzepuszczeniu pieszych<br \/>\nCzy odno\u015bne przejezdy na czerwonym<br \/>\nNaci\u0105ganie na pr\u0119dko\u015bci przekraczanie<br \/>\nCo\u015b jeszcze pewnie si\u0119 znajdzie<br \/>\nNie tak a jak<br \/>\nByleby tylko misie mog\u0142y mnie i dopa\u015b\u0107<br \/>\nA tutaj tyto\u0144 niby \u017ce z przemytu<br \/>\nCzy co tam i jeszcze<br \/>\nPewnie co\u015b wymy\u015bl\u0105<\/p>\n<p>A c\u00f3\u017c to za tak pod\u0142a ob\u0142uda<br \/>\nNiewa\u017cne \u015brodki byleby dopa\u015b\u0107<br \/>\nTych niewinnych i bezbronnych<br \/>\nA jak to niby inaczej trzeba nazwa\u0107<br \/>\nNiewinne gierki tak zapewne<br \/>\nZe skutkiem dla nas zapewne do\u015b\u0107 tragicznym<br \/>\nA z \u017con\u0105<br \/>\nJe\u015bli my\u015blicie<br \/>\n\u017be ja prze\u0142kn\u0119 to g\u0142adko<br \/>\nK\u0142amstwa na jej temat<br \/>\nTo si\u0119 grubo mylicie<br \/>\nI je\u015bli cokolwiek jej si\u0119 stanie cokolwieczunio nawet<br \/>\nW jakikolwiek spos\u00f3b jakikolwiek<br \/>\nTo ja zrobi\u0119 z tym taki \u017ce hej porz\u0105dek<br \/>\nA raczej Ty Bo\u017ce zrobisz<\/p>\n<p><a href=\"http:\/\/hubertpietka.bialystok.pl\/wp-content\/uploads\/2023\/11\/20231102_101229.jpg\"><img loading=\"lazy\" decoding=\"async\" class=\"alignnone size-thumbnail wp-image-7588\" src=\"http:\/\/hubertpietka.bialystok.pl\/wp-content\/uploads\/2023\/11\/20231102_101229-150x150.jpg\" alt=\"\" width=\"150\" height=\"150\" srcset=\"https:\/\/hubertpietka.bialystok.pl\/wp-content\/uploads\/2023\/11\/20231102_101229-150x150.jpg 150w, https:\/\/hubertpietka.bialystok.pl\/wp-content\/uploads\/2023\/11\/20231102_101229-75x75.jpg 75w\" sizes=\"auto, (max-width: 150px) 100vw, 150px\" \/><\/a><\/p>\n<p><strong>Na zdj. Dzieci Bo\u017ce na k\u0142adce<\/strong><br \/>\n<strong> Oni robi\u0105 chyba wszystko<\/strong><br \/>\n<strong> By ta k\u0142adka zapad\u0142a si\u0119 pod nimi<\/strong><br \/>\n<strong> I by ich poch\u0142on\u0119\u0142y morza fale wzburzone<\/strong><br \/>\n<strong> Podobnie z nami naszymi naszym<\/strong><br \/>\n<strong> Co oni zrobi\u0107 musz\u0105 jeszcze<\/strong><br \/>\n<strong> By \u015bwiat si\u0119 obudzi\u0142 wreszcie<\/strong><br \/>\n<strong> Ach nie ma \u017cadnego <em>wkr\u0119cania<\/em><\/strong><br \/>\n<strong> Tak dop\u00f3ki nas pod pozorem jakim b\u0105d\u017a nie dopadn\u0105<\/strong><br \/>\n<strong> Bo r\u00f3\u017cne dowody fabrykuj\u0105 celowo<\/strong><br \/>\n<strong> Jak s\u0142u\u017cby bezpiecze\u0144stwa w PRL-u<\/strong><br \/>\n<strong> I je\u015bli cokolwieczuniek mej \u017conie<\/strong><br \/>\n<strong> Ja w tym temacie nie odpuszcz\u0119 nigdy<\/strong><br \/>\n<strong> Z nami naszymi i naszym te\u017c podobnie<\/strong><\/p>\n<p><a href=\"https:\/\/youtu.be\/KmWE9UBFwtY?si=zuGgtFOdJiDL9ZkL\"><strong><em>Europe &#8211; Carrie\u00a0<\/em><\/strong><\/a><\/p>\n<p style=\"text-align: center;\">\u00a0\/<\/p>\n<p style=\"text-align: right;\"><a href=\"https:\/\/youtu.be\/c-QTSyhpS5U?si=Dmt_mFocTlV-mvKG\"><em><strong>Luxtorpeda &#8211; Od mo\u017ce do mo\u017ce\u00a0<\/strong><\/em><\/a><\/p>\n","protected":false},"excerpt":{"rendered":"<p>*Wkr\u0119\u0107-A-nie* \/ *wkr\u0119canie* Byleby tylko wkr\u0119ci\u0107 mnie w co\u015b nas Jak oni to lubi\u0105 Byleby tylko pretekst mia\u0142y misiaki Argumenty \u015bmieciowe temat chyba ulubiony Nawet&hellip; <\/p>\n","protected":false},"author":1,"featured_media":0,"parent":0,"menu_order":0,"comment_status":"closed","ping_status":"closed","template":"","meta":{"footnotes":""},"class_list":["post-7587","page","type-page","status-publish","hentry"],"_links":{"self":[{"href":"https:\/\/hubertpietka.bialystok.pl\/index.php?rest_route=\/wp\/v2\/pages\/7587","targetHints":{"allow":["GET"]}}],"collection":[{"href":"https:\/\/hubertpietka.bialystok.pl\/index.php?rest_route=\/wp\/v2\/pages"}],"about":[{"href":"https:\/\/hubertpietka.bialystok.pl\/index.php?rest_route=\/wp\/v2\/types\/page"}],"author":[{"embeddable":true,"href":"https:\/\/hubertpietka.bialystok.pl\/index.php?rest_route=\/wp\/v2\/users\/1"}],"replies":[{"embeddable":true,"href":"https:\/\/hubertpietka.bialystok.pl\/index.php?rest_route=%2Fwp%2Fv2%2Fcomments&post=7587"}],"version-history":[{"count":3,"href":"https:\/\/hubertpietka.bialystok.pl\/index.php?rest_route=\/wp\/v2\/pages\/7587\/revisions"}],"predecessor-version":[{"id":7591,"href":"https:\/\/hubertpietka.bialystok.pl\/index.php?rest_route=\/wp\/v2\/pages\/7587\/revisions\/7591"}],"wp:attachment":[{"href":"https:\/\/hubertpietka.bialystok.pl\/index.php?rest_route=%2Fwp%2Fv2%2Fmedia&parent=7587"}],"curies":[{"name":"wp","href":"https:\/\/api.w.org\/{rel}","templated":true}]}}