{"id":7595,"date":"2023-11-04T09:31:39","date_gmt":"2023-11-04T09:31:39","guid":{"rendered":"http:\/\/hubertpietka.bialystok.pl\/?page_id=7595"},"modified":"2023-11-04T09:31:39","modified_gmt":"2023-11-04T09:31:39","slug":"mozesz-i-az-ona-w-namiocie-spotkania","status":"publish","type":"page","link":"https:\/\/hubertpietka.bialystok.pl\/?page_id=7595","title":{"rendered":"Mo\u017cesz i a\u017c ona \/ w Namiocie Spotkania"},"content":{"rendered":"<p><em><strong>Mo\u017cesz i a\u017c ona \/ w Namiocie Spotkania\u00a0<\/strong><\/em><\/p>\n<p><strong>1.<\/strong><\/p>\n<p>[Wj 24,17-22]<\/p>\n<p><em> I uczynisz przeb\u0142agalni\u0119<\/em><br \/>\n<em> Dwa cheruby na jej kra\u0144cach<\/em><br \/>\n<em> Skrzyd\u0142a b\u0119d\u0105 mia\u0142y wzniesione<\/em><br \/>\n<em> Ku g\u00f3rze nieustannie<\/em><br \/>\n<em> I zakrywa\u0107 nimi b\u0119d\u0105 przeb\u0142agalnie<\/em><br \/>\n<em> B\u0119d\u0105 zwr\u00f3cone ku sobie<\/em><br \/>\n<em> To jeste\u015b ty i \u017cona<\/em><br \/>\n<em> Umie\u015bcisz przeb\u0142agalni\u0119 na wierzchu arki<\/em><br \/>\n<em> A wewn\u0105trz niej b\u0119dzie \u015awiadectwo<\/em><br \/>\n<em> Tam b\u0119d\u0119 si\u0119 spotyka\u0142 z tob\u0105<\/em><br \/>\n<em> Po\u015brodku was nad Ark\u0105 \u015awiadectwa<\/em><br \/>\n<em> B\u0119d\u0119 z tob\u0105 rozmawia\u0142<\/em><br \/>\n<em> O wszystkim co masz przekaza\u0107<\/em><br \/>\n<em> Powiedzia\u0142 Pan w Namiocie Spotkania<\/em><br \/>\n<em> Ze S\u0142owem Bo\u017cym<\/em><br \/>\n<em> A to \u015bwiadectwo niepodwa\u017calne jest<\/em><br \/>\n<em> I jest parabol\u0105<\/em><\/p>\n<p><strong>2.<\/strong><br \/>\n*Moj\u017cesz* i s\u0142owa *Aar-ona*<br \/>\n*Mo\u017cesz* m\u00f3wi Pan we Mnie to wszystko<br \/>\nI *a\u017c ona* i te jej s\u0142owa<br \/>\nBo ona jest twymi ustami<br \/>\nKomunia sakramentu mi\u0119dzy wami<\/p>\n<p><strong>3.<\/strong><br \/>\nSzydercy b\u0119d\u0105 kpi\u0107<br \/>\nAle wy tak macie i\u015b\u0107<br \/>\nA nad wami piecz\u0119\u0107 Bo\u017ca<br \/>\nKu sprawom wam przeznaczonym<\/p>\n<p><a href=\"http:\/\/hubertpietka.bialystok.pl\/wp-content\/uploads\/2023\/11\/Resized_20231025_171924.jpeg\"><img loading=\"lazy\" decoding=\"async\" class=\"alignnone size-thumbnail wp-image-7596\" src=\"http:\/\/hubertpietka.bialystok.pl\/wp-content\/uploads\/2023\/11\/Resized_20231025_171924-150x150.jpeg\" alt=\"\" width=\"150\" height=\"150\" srcset=\"https:\/\/hubertpietka.bialystok.pl\/wp-content\/uploads\/2023\/11\/Resized_20231025_171924-150x150.jpeg 150w, https:\/\/hubertpietka.bialystok.pl\/wp-content\/uploads\/2023\/11\/Resized_20231025_171924-75x75.jpeg 75w\" sizes=\"auto, (max-width: 150px) 100vw, 150px\" \/><\/a><\/p>\n<p><strong>Na zdj. Cheruby Maryja po\u015brodku<\/strong><br \/>\n<strong> Ona jest najlepsz\u0105 przeblagalni\u0105<\/strong><br \/>\n<strong> Do Chrystusa drog\u0105<\/strong><br \/>\n<strong> Wo\u0144 modlitwy j\u0105 otacza\u0107 winna<\/strong><br \/>\n<strong> Za ni\u0105 krzy\u017c wybaw nas<\/strong><\/p>\n","protected":false},"excerpt":{"rendered":"<p>Mo\u017cesz i a\u017c ona \/ w Namiocie Spotkania\u00a0 1. [Wj 24,17-22] I uczynisz przeb\u0142agalni\u0119 Dwa cheruby na jej kra\u0144cach Skrzyd\u0142a b\u0119d\u0105 mia\u0142y wzniesione Ku g\u00f3rze&hellip; <\/p>\n","protected":false},"author":1,"featured_media":0,"parent":0,"menu_order":0,"comment_status":"closed","ping_status":"closed","template":"","meta":{"footnotes":""},"class_list":["post-7595","page","type-page","status-publish","hentry"],"_links":{"self":[{"href":"https:\/\/hubertpietka.bialystok.pl\/index.php?rest_route=\/wp\/v2\/pages\/7595","targetHints":{"allow":["GET"]}}],"collection":[{"href":"https:\/\/hubertpietka.bialystok.pl\/index.php?rest_route=\/wp\/v2\/pages"}],"about":[{"href":"https:\/\/hubertpietka.bialystok.pl\/index.php?rest_route=\/wp\/v2\/types\/page"}],"author":[{"embeddable":true,"href":"https:\/\/hubertpietka.bialystok.pl\/index.php?rest_route=\/wp\/v2\/users\/1"}],"replies":[{"embeddable":true,"href":"https:\/\/hubertpietka.bialystok.pl\/index.php?rest_route=%2Fwp%2Fv2%2Fcomments&post=7595"}],"version-history":[{"count":1,"href":"https:\/\/hubertpietka.bialystok.pl\/index.php?rest_route=\/wp\/v2\/pages\/7595\/revisions"}],"predecessor-version":[{"id":7597,"href":"https:\/\/hubertpietka.bialystok.pl\/index.php?rest_route=\/wp\/v2\/pages\/7595\/revisions\/7597"}],"wp:attachment":[{"href":"https:\/\/hubertpietka.bialystok.pl\/index.php?rest_route=%2Fwp%2Fv2%2Fmedia&parent=7595"}],"curies":[{"name":"wp","href":"https:\/\/api.w.org\/{rel}","templated":true}]}}