{"id":7599,"date":"2023-11-05T10:41:03","date_gmt":"2023-11-05T10:41:03","guid":{"rendered":"http:\/\/hubertpietka.bialystok.pl\/?page_id=7599"},"modified":"2023-11-05T10:41:03","modified_gmt":"2023-11-05T10:41:03","slug":"labedzie-serc-konstrukcje-dla-dobrej-woli-ludzi","status":"publish","type":"page","link":"https:\/\/hubertpietka.bialystok.pl\/?page_id=7599","title":{"rendered":"\u0141ab\u0119dzie serc konstrukcje \/ dla dobrej woli ludzi"},"content":{"rendered":"<p><em><strong>\u0141ab\u0119dzie serc konstrukcje \/ dla dobrej woli ludzi\u00a0<\/strong><\/em><\/p>\n<p>Nawet je\u015bli mnie omin\u0119\u0142a w czym\u015b obesz\u0142a<br \/>\nLuba moja<br \/>\nW tym co wed\u0142ug mnie mog\u0142o nie by\u0107<br \/>\nTo nie wa\u017cne<br \/>\nJa jej wszystko wybaczam<br \/>\nI wszystko mog\u0119 omin\u0105\u0107 zapomnie\u0107 mog\u0119<br \/>\nTak\u017ce wobec innych<br \/>\nCo nie uderza i bezpo\u015brednio we mnie<br \/>\nW nas naszych i nasze<br \/>\nCo nie jest temu przeciwne z gruntu<\/p>\n<p><em>A jaki to ma mnie kopn\u0105\u0107 zaszczyt<\/em><br \/>\nChyba zreszt\u0105 od dawna<br \/>\nZe strony tak pi\u0119knej elity<br \/>\nMisiowej kolaboranckiej TW tak zwanych czy tam jakiej<br \/>\n<em>Jaki ma mnie kopn\u0105\u0107 zaszczyt<\/em><br \/>\nCzy tu czy gdziekolwiek<br \/>\nBo przecie\u017c oni wsz\u0119dzie i wszystko mog\u0105<br \/>\n<em>Jaki to ma mnie kopn\u0105\u0107 zaszczyt<\/em><br \/>\nJa nie jestem godzien zdecydowanie<\/p>\n<p><a href=\"http:\/\/hubertpietka.bialystok.pl\/wp-content\/uploads\/2023\/11\/Resized_20231104_203744.jpeg\"><img loading=\"lazy\" decoding=\"async\" class=\"alignnone size-thumbnail wp-image-7600\" src=\"http:\/\/hubertpietka.bialystok.pl\/wp-content\/uploads\/2023\/11\/Resized_20231104_203744-150x150.jpeg\" alt=\"\" width=\"150\" height=\"150\" srcset=\"https:\/\/hubertpietka.bialystok.pl\/wp-content\/uploads\/2023\/11\/Resized_20231104_203744-150x150.jpeg 150w, https:\/\/hubertpietka.bialystok.pl\/wp-content\/uploads\/2023\/11\/Resized_20231104_203744-75x75.jpeg 75w\" sizes=\"auto, (max-width: 150px) 100vw, 150px\" \/><\/a><\/p>\n<p><strong>Na zdj. Konstrukcja serc<\/strong><br \/>\n<strong> Serc wi\u0119kszych zwr\u00f3conych na siebie<\/strong><br \/>\n<strong> Jak \u0142ab\u0119dzie<\/strong><br \/>\n<strong> I serc ma\u0142ych podobnie<\/strong><br \/>\n<strong> Bliskich bardzo sobie<\/strong><br \/>\n<strong> A czy\u017c na tej barierce takich serc<\/strong><br \/>\n<strong> Nie wspieraj\u0105 si\u0119 i inne te\u017c konstrukcje<\/strong><br \/>\n<strong> Serc r\u00f3\u017cnych<\/strong><\/p>\n<p style=\"text-align: center;\"><a href=\"https:\/\/youtu.be\/jij1WDV9aME?si=0QzFOT01FC3c1anx\"><strong><em>Edyta Geppert &#8211; Szukaj mnie<\/em><\/strong><\/a><\/p>\n<p><em>Ps. A publiczne \u015bmietniczki<\/em><br \/>\n<em> S\u0105 po to by z nich nie korzysta\u0107<\/em><br \/>\n<em> Niech sobie stoj\u0105 wystawowo<\/em><br \/>\n<em> Nawet w potrzebie zwyk\u0142ej dora\u017anej<\/em><br \/>\n<em> A najlepiej to wszystkie zabra\u0107<\/em><\/p>\n","protected":false},"excerpt":{"rendered":"<p>\u0141ab\u0119dzie serc konstrukcje \/ dla dobrej woli ludzi\u00a0 Nawet je\u015bli mnie omin\u0119\u0142a w czym\u015b obesz\u0142a Luba moja W tym co wed\u0142ug mnie mog\u0142o nie by\u0107&hellip; <\/p>\n","protected":false},"author":1,"featured_media":0,"parent":0,"menu_order":0,"comment_status":"closed","ping_status":"closed","template":"","meta":{"footnotes":""},"class_list":["post-7599","page","type-page","status-publish","hentry"],"_links":{"self":[{"href":"https:\/\/hubertpietka.bialystok.pl\/index.php?rest_route=\/wp\/v2\/pages\/7599","targetHints":{"allow":["GET"]}}],"collection":[{"href":"https:\/\/hubertpietka.bialystok.pl\/index.php?rest_route=\/wp\/v2\/pages"}],"about":[{"href":"https:\/\/hubertpietka.bialystok.pl\/index.php?rest_route=\/wp\/v2\/types\/page"}],"author":[{"embeddable":true,"href":"https:\/\/hubertpietka.bialystok.pl\/index.php?rest_route=\/wp\/v2\/users\/1"}],"replies":[{"embeddable":true,"href":"https:\/\/hubertpietka.bialystok.pl\/index.php?rest_route=%2Fwp%2Fv2%2Fcomments&post=7599"}],"version-history":[{"count":1,"href":"https:\/\/hubertpietka.bialystok.pl\/index.php?rest_route=\/wp\/v2\/pages\/7599\/revisions"}],"predecessor-version":[{"id":7601,"href":"https:\/\/hubertpietka.bialystok.pl\/index.php?rest_route=\/wp\/v2\/pages\/7599\/revisions\/7601"}],"wp:attachment":[{"href":"https:\/\/hubertpietka.bialystok.pl\/index.php?rest_route=%2Fwp%2Fv2%2Fmedia&parent=7599"}],"curies":[{"name":"wp","href":"https:\/\/api.w.org\/{rel}","templated":true}]}}