{"id":7609,"date":"2023-11-06T13:54:06","date_gmt":"2023-11-06T13:54:06","guid":{"rendered":"http:\/\/hubertpietka.bialystok.pl\/?page_id=7609"},"modified":"2023-11-06T13:54:06","modified_gmt":"2023-11-06T13:54:06","slug":"esencja-dzialan-zla-na-tych-malych-bozych-dzieciach","status":"publish","type":"page","link":"https:\/\/hubertpietka.bialystok.pl\/?page_id=7609","title":{"rendered":"Esencja dzia\u0142a\u0144 z\u0142a \/ na tych ma\u0142ych Bo\u017cych dzieciach"},"content":{"rendered":"<p><em><strong>Esencja dzia\u0142a\u0144 z\u0142a \/ na tych ma\u0142ych Bo\u017cych dzieciach\u00a0<\/strong><\/em><\/p>\n<p>Oto esencja misternych plan\u00f3w z\u0142a<br \/>\nZlikwidowa\u0107 moj\u0105 \u017con\u0119<br \/>\nBy potem ze mn\u0105 zrobi\u0107 odpowiedni porz\u0105dek<br \/>\nZa po\u015brednictwem szanta\u017cowanej rodziny zaanga\u017cowanej<br \/>\nMnie wsadzi\u0107 gdzie nie dochodzi \u017cadne \u015bwiat\u0142o<br \/>\nI te\u017c wyko\u0144czy\u0107<br \/>\nTemu te\u017c s\u0142u\u017c\u0105 urojone przest\u0119pstwa<br \/>\nKt\u00f3re pom\u00f3c maj\u0105 tej sprawie<\/p>\n<p>Misterne plany z\u0142a<br \/>\nA B\u00f3g b\u0119dzie si\u0119 biernie zapewne przygl\u0105da\u0142<br \/>\nCo chc\u0105 zrobi\u0107 z jego synem dzie\u0107mi Bo\u017cymi<br \/>\nPowt\u00f3rzy si\u0119 precedens znany z Synem Bo\u017cym<br \/>\nCzy\u017c B\u00f3g nie zareaguje jak zreszt\u0105 zapowiedzia\u0142<br \/>\nW S\u0142owie Bo\u017cym czyli \u017ar\u00f3dle wiary Ko\u015bcio\u0142a<br \/>\nJa wiem \u017ce oni nie wierz\u0105 w Boga<br \/>\nBo post\u0119powali by inaczej<br \/>\nGdyby wierzyli w prawdzie<br \/>\nAle czy\u017c to Bogu przeszkodzi<br \/>\nW razie czego co chce On zrobi\u0107<br \/>\nW odpowiedzi na tak wielk\u0105 ra\u017c\u0105c\u0105 niesprawiedliwo\u015b\u0107<br \/>\nCzy\u017c B\u00f3g to ponownie znie\u015b\u0107 ma biernie<\/p>\n<p><a href=\"http:\/\/hubertpietka.bialystok.pl\/wp-content\/uploads\/2023\/11\/Resized_20231104_202737.jpeg\"><img loading=\"lazy\" decoding=\"async\" class=\"alignnone size-thumbnail wp-image-7610\" src=\"http:\/\/hubertpietka.bialystok.pl\/wp-content\/uploads\/2023\/11\/Resized_20231104_202737-150x150.jpeg\" alt=\"\" width=\"150\" height=\"150\" srcset=\"https:\/\/hubertpietka.bialystok.pl\/wp-content\/uploads\/2023\/11\/Resized_20231104_202737-150x150.jpeg 150w, https:\/\/hubertpietka.bialystok.pl\/wp-content\/uploads\/2023\/11\/Resized_20231104_202737-75x75.jpeg 75w\" sizes=\"auto, (max-width: 150px) 100vw, 150px\" \/><\/a><\/p>\n<p><em>Na zdj. W Sze\u015bcianie koncert<\/em><br \/>\n<em> *Strato-sfera* muzyka instrumentalna lat 60-tych<\/em><br \/>\n<em> Czy\u017c dla Boga my jeste\u015bmy *stracon\u0105 sfer\u0105*<\/em><br \/>\n<em> Jak dla nich i r\u00f3\u017cnych im podobnych<\/em><br \/>\n<em> To si\u0119 oka\u017ce jeszcze<\/em><br \/>\n<em> Bardzo si\u0119 oka\u017ce<\/em><br \/>\n<em> I Bo\u017ca chwa\u0142a te\u017c<\/em><br \/>\n<em> Kt\u00f3rej wydaje si\u0119 \u017ce nie ma tu<\/em><br \/>\n<em> B\u00f3g to po to dopuszcza<\/em><br \/>\n<em> By chwa\u0142a Jego by\u0142a wi\u0119ksza<\/em><br \/>\n<em> I to odwrotnie proporcjonalnie<\/em><br \/>\n<em> Do eskalacji dzia\u0142a\u0144 z\u0142a\u00a0wszelakich<\/em><\/p>\n<p style=\"text-align: center;\"><a href=\"https:\/\/youtu.be\/5rNXe7Z1qN0?si=JThxR8eQ5Bx3fP00\"><em><strong>Dawid Podsiad\u0142o &#8211; Najnowszy klip<\/strong><\/em><\/a><\/p>\n","protected":false},"excerpt":{"rendered":"<p>Esencja dzia\u0142a\u0144 z\u0142a \/ na tych ma\u0142ych Bo\u017cych dzieciach\u00a0 Oto esencja misternych plan\u00f3w z\u0142a Zlikwidowa\u0107 moj\u0105 \u017con\u0119 By potem ze mn\u0105 zrobi\u0107 odpowiedni porz\u0105dek Za&hellip; <\/p>\n","protected":false},"author":1,"featured_media":0,"parent":0,"menu_order":0,"comment_status":"closed","ping_status":"closed","template":"","meta":{"footnotes":""},"class_list":["post-7609","page","type-page","status-publish","hentry"],"_links":{"self":[{"href":"https:\/\/hubertpietka.bialystok.pl\/index.php?rest_route=\/wp\/v2\/pages\/7609","targetHints":{"allow":["GET"]}}],"collection":[{"href":"https:\/\/hubertpietka.bialystok.pl\/index.php?rest_route=\/wp\/v2\/pages"}],"about":[{"href":"https:\/\/hubertpietka.bialystok.pl\/index.php?rest_route=\/wp\/v2\/types\/page"}],"author":[{"embeddable":true,"href":"https:\/\/hubertpietka.bialystok.pl\/index.php?rest_route=\/wp\/v2\/users\/1"}],"replies":[{"embeddable":true,"href":"https:\/\/hubertpietka.bialystok.pl\/index.php?rest_route=%2Fwp%2Fv2%2Fcomments&post=7609"}],"version-history":[{"count":1,"href":"https:\/\/hubertpietka.bialystok.pl\/index.php?rest_route=\/wp\/v2\/pages\/7609\/revisions"}],"predecessor-version":[{"id":7611,"href":"https:\/\/hubertpietka.bialystok.pl\/index.php?rest_route=\/wp\/v2\/pages\/7609\/revisions\/7611"}],"wp:attachment":[{"href":"https:\/\/hubertpietka.bialystok.pl\/index.php?rest_route=%2Fwp%2Fv2%2Fmedia&parent=7609"}],"curies":[{"name":"wp","href":"https:\/\/api.w.org\/{rel}","templated":true}]}}