{"id":7614,"date":"2023-11-09T08:45:39","date_gmt":"2023-11-09T08:45:39","guid":{"rendered":"http:\/\/hubertpietka.bialystok.pl\/?page_id=7614"},"modified":"2023-11-09T08:45:39","modified_gmt":"2023-11-09T08:45:39","slug":"opuszczenie-zony-zdrada-boga","status":"publish","type":"page","link":"https:\/\/hubertpietka.bialystok.pl\/?page_id=7614","title":{"rendered":"Opuszczenie \u017cony \/ zdrad\u0105 Boga"},"content":{"rendered":"<p><em><strong>Opuszczenie \u017cony \/ zdrad\u0105 Boga\u00a0<\/strong><\/em><\/p>\n<p>Ja nie mog\u0119 opu\u015bci\u0107 \u017cony<br \/>\nTo by si\u0119 r\u00f3wna\u0142o ze zdrad\u0105 Boga<br \/>\nBo to bylaby dla niej \u015bmier\u0107 pewna<br \/>\nMimo tej ich ca\u0142ej permanentnej przecie\u017c eskalacji<br \/>\nNastawiania na mnie<\/p>\n<p>Zostaj\u0119<br \/>\nMo\u017ce nasza mi\u0142o\u015b\u0107 nie jest i idealna<br \/>\nSzczeg\u00f3lnie wed\u0142ug ogl\u0105du tylko i wy\u0142\u0105cznie ludzkiego<br \/>\nAle mi\u0142o\u015b\u0107 to sprawa ducha<br \/>\n<em>Najwa\u017cniejsze to co niewidoczne<\/em><br \/>\nJak na przyk\u0142ad wierno\u015b\u0107 zmierzy\u0107<br \/>\nI nie porzuca si\u0119 kochanej osoby nie ucieka<br \/>\nKiedy mog\u0105 tak dyktowa\u0107 partykularne tylko interesy<br \/>\nRazem i\u015b\u0107 trzeba<br \/>\nI wznosi\u0107 swe dusze wzajemnie do nieba<\/p>\n<p style=\"text-align: right;\">(\u00a0<a href=\"https:\/\/youtu.be\/W1jIuwYGIrU?si=YS67WGaRHpKgSJw3\"><em><strong>Happysad &#8211; Zanim p\u00f3jd\u0119\u00a0<\/strong><\/em><\/a>\u00a0)<\/p>\n<p><a href=\"http:\/\/hubertpietka.bialystok.pl\/wp-content\/uploads\/2023\/11\/Resized_20231107_171437.jpeg\"><img loading=\"lazy\" decoding=\"async\" class=\"alignnone size-thumbnail wp-image-7615\" src=\"http:\/\/hubertpietka.bialystok.pl\/wp-content\/uploads\/2023\/11\/Resized_20231107_171437-150x150.jpeg\" alt=\"\" width=\"150\" height=\"150\" srcset=\"https:\/\/hubertpietka.bialystok.pl\/wp-content\/uploads\/2023\/11\/Resized_20231107_171437-150x150.jpeg 150w, https:\/\/hubertpietka.bialystok.pl\/wp-content\/uploads\/2023\/11\/Resized_20231107_171437-75x75.jpeg 75w\" sizes=\"auto, (max-width: 150px) 100vw, 150px\" \/><\/a><\/p>\n<p><strong>Na zdj. Krzy\u017c jeszcze surowy<\/strong><br \/>\n<strong> W dziele pi\u0119knym spo\u0142ecznym makowskim<\/strong><br \/>\n<strong> Ide\u0105 tego stowarzyszenia s\u0142owa pi\u0119kne<\/strong><br \/>\n<strong> <em>Z szacunku do \u017cycia<\/em><\/strong><br \/>\n<strong> I tak wszystko zawsze<\/strong><\/p>\n<p><strong>I nawet je\u015bli wiele ju\u017c r\u00f3\u017cnych mak\u00f3w<\/strong><br \/>\n<strong> Tu czerwie\u0144 m\u0119cze\u0144stwa wyda\u0142o<\/strong><br \/>\n<strong> Zreszt\u0105 tu czy gdziekolwiek<\/strong><br \/>\n<strong> To mo\u017ce w\u0142a\u015bnie i dlatego<\/strong><\/p>\n<p><strong> Bo szacunek do \u017cycia jest jedynym fundamentem<\/strong><br \/>\n<strong> Budowania spo\u0142ecze\u0144stwa w Bo\u017cej prawdzie<\/strong><br \/>\n<strong> Wed\u0142ug warto\u015bci uniwersalnych i odwiecznych<\/strong><\/p>\n<p style=\"text-align: center;\"><a href=\"https:\/\/youtu.be\/Iab33qfDW-g?si=BKNKIHzFAVAuUy-L\"><em><strong>Czerwone maki na Monte Cassino<\/strong><\/em><\/a><\/p>\n","protected":false},"excerpt":{"rendered":"<p>Opuszczenie \u017cony \/ zdrad\u0105 Boga\u00a0 Ja nie mog\u0119 opu\u015bci\u0107 \u017cony To by si\u0119 r\u00f3wna\u0142o ze zdrad\u0105 Boga Bo to bylaby dla niej \u015bmier\u0107 pewna Mimo&hellip; <\/p>\n","protected":false},"author":1,"featured_media":0,"parent":0,"menu_order":0,"comment_status":"closed","ping_status":"closed","template":"","meta":{"footnotes":""},"class_list":["post-7614","page","type-page","status-publish","hentry"],"_links":{"self":[{"href":"https:\/\/hubertpietka.bialystok.pl\/index.php?rest_route=\/wp\/v2\/pages\/7614","targetHints":{"allow":["GET"]}}],"collection":[{"href":"https:\/\/hubertpietka.bialystok.pl\/index.php?rest_route=\/wp\/v2\/pages"}],"about":[{"href":"https:\/\/hubertpietka.bialystok.pl\/index.php?rest_route=\/wp\/v2\/types\/page"}],"author":[{"embeddable":true,"href":"https:\/\/hubertpietka.bialystok.pl\/index.php?rest_route=\/wp\/v2\/users\/1"}],"replies":[{"embeddable":true,"href":"https:\/\/hubertpietka.bialystok.pl\/index.php?rest_route=%2Fwp%2Fv2%2Fcomments&post=7614"}],"version-history":[{"count":2,"href":"https:\/\/hubertpietka.bialystok.pl\/index.php?rest_route=\/wp\/v2\/pages\/7614\/revisions"}],"predecessor-version":[{"id":7617,"href":"https:\/\/hubertpietka.bialystok.pl\/index.php?rest_route=\/wp\/v2\/pages\/7614\/revisions\/7617"}],"wp:attachment":[{"href":"https:\/\/hubertpietka.bialystok.pl\/index.php?rest_route=%2Fwp%2Fv2%2Fmedia&parent=7614"}],"curies":[{"name":"wp","href":"https:\/\/api.w.org\/{rel}","templated":true}]}}