{"id":7621,"date":"2023-11-11T11:10:07","date_gmt":"2023-11-11T11:10:07","guid":{"rendered":"http:\/\/hubertpietka.bialystok.pl\/?page_id=7621"},"modified":"2023-11-11T11:10:07","modified_gmt":"2023-11-11T11:10:07","slug":"parasol-ochronny-twoj-boze","status":"publish","type":"page","link":"https:\/\/hubertpietka.bialystok.pl\/?page_id=7621","title":{"rendered":"Parasol ochronny \/ Tw\u00f3j Bo\u017ce"},"content":{"rendered":"<p><em><strong>Parasol ochronny \/ Tw\u00f3j Bo\u017ce\u00a0<\/strong><\/em><\/p>\n<p><em>Niech Pan rozci\u0105gnie parasol ochronny<\/em><br \/>\nNad Polsk\u0105 Polakami<br \/>\nTymi kt\u00f3rym s\u0105 bliskie<br \/>\nWarto\u015bci uniwersalne prawdziwe<\/p>\n<p><em>Niech Pan rozci\u0105gnie parasol ochronny<\/em><br \/>\nNad nami naszymi i naszym<\/p>\n<p>Nad t\u0105 \u017con\u0105<br \/>\nBo jej zawdzi\u0119czam wszystko<br \/>\nTo kim jestem i mog\u0119 by\u0107 jeszcze<br \/>\nDlatego jej tak nienawidz\u0105<br \/>\nI chc\u0105 j\u0105 zniszczy\u0107<br \/>\nNa wszelkie mo\u017cliwe sposoby<br \/>\nNad tymi zwierz\u0119tami<br \/>\nTym pieskiem i kotkiem<br \/>\nBo mo\u017cna zawdzi\u0119cza\u0107 te\u017c \u017cycie i zwierz\u0105tkom<br \/>\nNad ptakami i innymi<br \/>\nBo te tak\u017ce w orbicie ich nienawi\u015bci<br \/>\nNad naszymi samochodami mieszkaniem<br \/>\nBo wszystko co nam s\u0142u\u017cy<br \/>\nObiektem do zniszczenia jest i dla nich<br \/>\nWreszcie nade mn\u0105<br \/>\nBo poprzez r\u00f3\u017cne metody<br \/>\nPerfidne i ob\u0142udne<br \/>\nPr\u00f3buj\u0105 dosta\u0107 mnie w swe<br \/>\nChyba niezbyt czyste r\u0119ce<br \/>\nNad naszymi bo ka\u017cdy kto nas wspiera<br \/>\nWed\u0142ug nich jest ich wrogiem<\/p>\n<p><a href=\"http:\/\/hubertpietka.bialystok.pl\/wp-content\/uploads\/2023\/11\/20231111_105939.jpg\"><img loading=\"lazy\" decoding=\"async\" class=\"alignnone size-thumbnail wp-image-7622\" src=\"http:\/\/hubertpietka.bialystok.pl\/wp-content\/uploads\/2023\/11\/20231111_105939-150x150.jpg\" alt=\"\" width=\"150\" height=\"150\" srcset=\"https:\/\/hubertpietka.bialystok.pl\/wp-content\/uploads\/2023\/11\/20231111_105939-150x150.jpg 150w, https:\/\/hubertpietka.bialystok.pl\/wp-content\/uploads\/2023\/11\/20231111_105939-75x75.jpg 75w\" sizes=\"auto, (max-width: 150px) 100vw, 150px\" \/><\/a><\/p>\n<p><strong>Na zdj. Bia\u0142o &#8211; czerwone parasolki<\/strong><br \/>\n<strong> Nad bia\u0142ostocki\u0105 ulic\u0105<\/strong><br \/>\n<strong> Do\u015b\u0107 ju\u017c m\u0119cze\u0144stwa krwii<\/strong><br \/>\n<strong> Teraz wi\u0119cej czysto\u015bci intencji<\/strong><br \/>\n<strong> Niech Pan wys\u0142ucha modlitw\u0119 moj\u0105<\/strong><br \/>\n<strong> <em>I rozci\u0105gnie parasol ochronny<\/em><\/strong><br \/>\n<strong> Nad Polsk\u0105 i Polakami<\/strong><br \/>\n<strong> Nami naszymi i naszym<\/strong><br \/>\n<strong> Przed ka\u017cd\u0105 nienawi\u015bci\u0105<\/strong><br \/>\n<strong> Kt\u00f3ra chce zniszczy\u0107 wszystko<\/strong><br \/>\n<strong> W Dzie\u0144 Niepodleg\u0142o\u015bci<\/strong><br \/>\n<strong> Ta modlitwa moja prosta<\/strong><\/p>\n","protected":false},"excerpt":{"rendered":"<p>Parasol ochronny \/ Tw\u00f3j Bo\u017ce\u00a0 Niech Pan rozci\u0105gnie parasol ochronny Nad Polsk\u0105 Polakami Tymi kt\u00f3rym s\u0105 bliskie Warto\u015bci uniwersalne prawdziwe Niech Pan rozci\u0105gnie parasol ochronny&hellip; <\/p>\n","protected":false},"author":1,"featured_media":0,"parent":0,"menu_order":0,"comment_status":"closed","ping_status":"closed","template":"","meta":{"footnotes":""},"class_list":["post-7621","page","type-page","status-publish","hentry"],"_links":{"self":[{"href":"https:\/\/hubertpietka.bialystok.pl\/index.php?rest_route=\/wp\/v2\/pages\/7621","targetHints":{"allow":["GET"]}}],"collection":[{"href":"https:\/\/hubertpietka.bialystok.pl\/index.php?rest_route=\/wp\/v2\/pages"}],"about":[{"href":"https:\/\/hubertpietka.bialystok.pl\/index.php?rest_route=\/wp\/v2\/types\/page"}],"author":[{"embeddable":true,"href":"https:\/\/hubertpietka.bialystok.pl\/index.php?rest_route=\/wp\/v2\/users\/1"}],"replies":[{"embeddable":true,"href":"https:\/\/hubertpietka.bialystok.pl\/index.php?rest_route=%2Fwp%2Fv2%2Fcomments&post=7621"}],"version-history":[{"count":1,"href":"https:\/\/hubertpietka.bialystok.pl\/index.php?rest_route=\/wp\/v2\/pages\/7621\/revisions"}],"predecessor-version":[{"id":7623,"href":"https:\/\/hubertpietka.bialystok.pl\/index.php?rest_route=\/wp\/v2\/pages\/7621\/revisions\/7623"}],"wp:attachment":[{"href":"https:\/\/hubertpietka.bialystok.pl\/index.php?rest_route=%2Fwp%2Fv2%2Fmedia&parent=7621"}],"curies":[{"name":"wp","href":"https:\/\/api.w.org\/{rel}","templated":true}]}}