{"id":7626,"date":"2023-11-12T09:37:04","date_gmt":"2023-11-12T09:37:04","guid":{"rendered":"http:\/\/hubertpietka.bialystok.pl\/?page_id=7626"},"modified":"2023-11-12T09:37:04","modified_gmt":"2023-11-12T09:37:04","slug":"zniszczyc-przemoca-i-klamstwem-milosc-i-prawde-bo-te-wartosci-sa-tozsame-ida-w-parze","status":"publish","type":"page","link":"https:\/\/hubertpietka.bialystok.pl\/?page_id=7626","title":{"rendered":"Zniszczy\u0107 przemoc\u0105 i k\u0142amstwem \/ mi\u0142o\u015b\u0107 i prawd\u0119 \/\/ bo te warto\u015bci s\u0105 to\u017csame \/\/\/ id\u0105 w parze"},"content":{"rendered":"<p><em><strong>Zniszczy\u0107 przemoc\u0105 i k\u0142amstwem \/ mi\u0142o\u015b\u0107 i prawd\u0119 \/\/ bo te warto\u015bci s\u0105 to\u017csame \/\/\/ id\u0105 w parze\u00a0<\/strong><\/em><\/p>\n<p>Ca\u0142y czas pr\u00f3buj\u0105 mnie wkr\u0119ci\u0107<br \/>\nW nieprzystosowanie spo\u0142eczne<br \/>\nW przej\u015bcia w niby niedozwolonym jakim\u015b miejscu<br \/>\nKadry wyrwane z kontekstu<br \/>\nKt\u00f3re przek\u0142amuj\u0105 znaczenie rzeczywisto\u015bci<br \/>\nOsiedlowe uliczki maj\u0105 swoje prawa<br \/>\nNie zawsze s\u0105 tam przej\u015bcia tak oznaczone<br \/>\nJak na ulicach <em>stricte<\/em> publicznych<br \/>\nByleby tylko misie mia\u0142y preteksty<\/p>\n<p>Podobnie w pedofili\u0119 pr\u00f3buj\u0105 mnie i wkr\u0119ci\u0107<br \/>\nWykorzystuj\u0105c do tego nawet dzieci<br \/>\nNie uda\u0142o im si\u0119 w cudzo\u0142\u00f3stwo i homo<br \/>\nA przecie\u017c trzeba mnie skompromitowa\u0107<br \/>\nNajlepiej czysto\u015b\u0107 i wierno\u015b\u0107 moj\u0105<br \/>\nMetody ich godne<br \/>\nNie maj\u0105ce nic wsp\u00f3lnego i z prawd\u0105<br \/>\nWykr\u0119caj\u0105ce rzeczywisto\u015b\u0107 pokazuj\u0105c jej pseudoznaczenia<br \/>\nWed\u0142ug ich zamys\u0142\u00f3w<br \/>\nMa by\u0107 wszystko przecie\u017c<br \/>\nK\u0142amliwe tezy musz\u0105 by\u0107 potwierdzone<\/p>\n<p><a href=\"http:\/\/hubertpietka.bialystok.pl\/wp-content\/uploads\/2023\/11\/Resized_20231027_104528.jpeg\"><img loading=\"lazy\" decoding=\"async\" class=\"alignnone size-thumbnail wp-image-7627\" src=\"http:\/\/hubertpietka.bialystok.pl\/wp-content\/uploads\/2023\/11\/Resized_20231027_104528-150x150.jpeg\" alt=\"\" width=\"150\" height=\"150\" srcset=\"https:\/\/hubertpietka.bialystok.pl\/wp-content\/uploads\/2023\/11\/Resized_20231027_104528-150x150.jpeg 150w, https:\/\/hubertpietka.bialystok.pl\/wp-content\/uploads\/2023\/11\/Resized_20231027_104528-75x75.jpeg 75w\" sizes=\"auto, (max-width: 150px) 100vw, 150px\" \/><\/a><\/p>\n<p><strong>Na zdj. Ptaki zwr\u00f3cone w swoj\u0105 stron\u0119<\/strong><br \/>\n<strong> Ekspozycja sklepowa<\/strong><br \/>\n<strong> Zniszczy\u0107 mi\u0142o\u015b\u0107<\/strong><br \/>\n<strong> To chyba ich g\u0142\u00f3wne zadanie<\/strong><br \/>\n<strong> Uderzaj\u0105c i w ni\u0105 i te\u017c w niego<\/strong><br \/>\n<strong> Zniszczy\u0107 prawd\u0119<\/strong><br \/>\n<strong> Przedstawiaj\u0105c k\u0142amstwa i niby fakty<\/strong><br \/>\n<strong> Wed\u0142ug tez im w\u0142a\u015bciwych<\/strong><br \/>\n<strong> Zniszczy\u0107 nas nasze i naszych<\/strong><br \/>\n<strong> Czy\u017c dom budowany na k\u0142amstwie<\/strong><br \/>\n<strong> Wed\u0142ug Ewangelii Jezusowej<\/strong><br \/>\n<strong> Mo\u017ce si\u0119 osta\u0107 finalnie<\/strong><br \/>\nJe\u015bli nie \u015bwiat<br \/>\nTo B\u00f3g odpowie wed\u0142ug prawdy<\/p>\n","protected":false},"excerpt":{"rendered":"<p>Zniszczy\u0107 przemoc\u0105 i k\u0142amstwem \/ mi\u0142o\u015b\u0107 i prawd\u0119 \/\/ bo te warto\u015bci s\u0105 to\u017csame \/\/\/ id\u0105 w parze\u00a0 Ca\u0142y czas pr\u00f3buj\u0105 mnie wkr\u0119ci\u0107 W nieprzystosowanie&hellip; <\/p>\n","protected":false},"author":1,"featured_media":0,"parent":0,"menu_order":0,"comment_status":"closed","ping_status":"closed","template":"","meta":{"footnotes":""},"class_list":["post-7626","page","type-page","status-publish","hentry"],"_links":{"self":[{"href":"https:\/\/hubertpietka.bialystok.pl\/index.php?rest_route=\/wp\/v2\/pages\/7626","targetHints":{"allow":["GET"]}}],"collection":[{"href":"https:\/\/hubertpietka.bialystok.pl\/index.php?rest_route=\/wp\/v2\/pages"}],"about":[{"href":"https:\/\/hubertpietka.bialystok.pl\/index.php?rest_route=\/wp\/v2\/types\/page"}],"author":[{"embeddable":true,"href":"https:\/\/hubertpietka.bialystok.pl\/index.php?rest_route=\/wp\/v2\/users\/1"}],"replies":[{"embeddable":true,"href":"https:\/\/hubertpietka.bialystok.pl\/index.php?rest_route=%2Fwp%2Fv2%2Fcomments&post=7626"}],"version-history":[{"count":1,"href":"https:\/\/hubertpietka.bialystok.pl\/index.php?rest_route=\/wp\/v2\/pages\/7626\/revisions"}],"predecessor-version":[{"id":7628,"href":"https:\/\/hubertpietka.bialystok.pl\/index.php?rest_route=\/wp\/v2\/pages\/7626\/revisions\/7628"}],"wp:attachment":[{"href":"https:\/\/hubertpietka.bialystok.pl\/index.php?rest_route=%2Fwp%2Fv2%2Fmedia&parent=7626"}],"curies":[{"name":"wp","href":"https:\/\/api.w.org\/{rel}","templated":true}]}}