{"id":763,"date":"2017-08-19T12:28:07","date_gmt":"2017-08-19T12:28:07","guid":{"rendered":"http:\/\/hubertpietka.bialystok.pl\/?page_id=763"},"modified":"2017-08-19T12:28:07","modified_gmt":"2017-08-19T12:28:07","slug":"ptasia-parabola","status":"publish","type":"page","link":"https:\/\/hubertpietka.bialystok.pl\/?page_id=763","title":{"rendered":"Ptasia parabola"},"content":{"rendered":"<p><strong>Ptasia parabola<\/strong><\/p>\n<p>&nbsp;<\/p>\n<p>1.<\/p>\n<p><em>powiedzia\u0142 Pan<\/em><\/p>\n<p><em>daj\u0119 wam pok\u00f3j<\/em><\/p>\n<p>&nbsp;<\/p>\n<p>kiedy dzieje si\u0119 w twym \u017cyciu<\/p>\n<p>co\u015b dobrego co\u015b wa\u017cnego<\/p>\n<p>&#8211; wtedy<\/p>\n<p>&nbsp;<\/p>\n<p>wok\u00f3\u0142 ciebie zbieraj\u0105 si\u0119<\/p>\n<p>gawrony kt\u00f3re chc\u0105 ci\u0119<\/p>\n<p>przestraszy\u0107 wieszcz\u0105<\/p>\n<p>wszelkie na ciebie z\u0142o<\/p>\n<p>&nbsp;<\/p>\n<p>ale nie b\u00f3j si\u0119 nie przel\u0119knij<\/p>\n<p>go\u0142\u0105bki ju\u017c wchodz\u0105 pomi\u0119dzy nich<\/p>\n<p>ich jest wi\u0119cej kibicuj\u0105 m\u00f3wi\u0105 ci<\/p>\n<p>jeste\u015bmy z tob\u0105 z\u0142o nie przemo\u017ce ci\u0119<\/p>\n<p>&nbsp;<\/p>\n<p>s\u0105 te\u017c gdzie\u015b kawki szarobure<\/p>\n<p>jakby nie wiedzia\u0142y czy w t\u0105<\/p>\n<p>czy w tamt\u0105 stron\u0119 do ko\u0144ca<\/p>\n<p>niezdecydowane nieokre\u015blone<\/p>\n<p>&nbsp;<\/p>\n<p>2.<\/p>\n<p>powiedzia\u0142 Pan<\/p>\n<p><em>przyszed\u0142em ogie\u0144 rzuci\u0107 na ziemi\u0119<\/em><\/p>\n<p><em>i jak\u017ce pragn\u0119 aby ju\u017c zap\u0142on\u0105\u0142<\/em><\/p>\n<p><em>\u00a0<\/em><\/p>\n<p>kawki i gawrony go\u0142\u0119bie te\u017c<\/p>\n<p>odejd\u0105 wreszcie sam zostajesz<\/p>\n<p>wtedy pozw\u00f3l si\u0119 spali\u0107 przez Ducha<\/p>\n<p>p\u0142omieniom lekkiego tchnienia wiatru<\/p>\n<p>&nbsp;<\/p>\n<p>pos\u0142uchaj wtedy mo\u017ce us\u0142yszysz<\/p>\n<p>trele i \u015bwiergot ptasi kt\u00f3ry obwieszcza<\/p>\n<p>\u017ce wa\u017cne wypadki w twoim \u017cyciu<\/p>\n<p>zaistnia\u0142y i w\u0142a\u015bnie owoc sw\u00f3j wydaj\u0105<\/p>\n<p>&nbsp;<\/p>\n","protected":false},"excerpt":{"rendered":"<p>Ptasia parabola &nbsp; 1. powiedzia\u0142 Pan daj\u0119 wam pok\u00f3j &nbsp; kiedy dzieje si\u0119 w twym \u017cyciu co\u015b dobrego co\u015b wa\u017cnego &#8211; wtedy &nbsp; wok\u00f3\u0142 ciebie&hellip; <\/p>\n","protected":false},"author":1,"featured_media":0,"parent":0,"menu_order":0,"comment_status":"closed","ping_status":"closed","template":"","meta":{"footnotes":""},"class_list":["post-763","page","type-page","status-publish","hentry"],"_links":{"self":[{"href":"https:\/\/hubertpietka.bialystok.pl\/index.php?rest_route=\/wp\/v2\/pages\/763","targetHints":{"allow":["GET"]}}],"collection":[{"href":"https:\/\/hubertpietka.bialystok.pl\/index.php?rest_route=\/wp\/v2\/pages"}],"about":[{"href":"https:\/\/hubertpietka.bialystok.pl\/index.php?rest_route=\/wp\/v2\/types\/page"}],"author":[{"embeddable":true,"href":"https:\/\/hubertpietka.bialystok.pl\/index.php?rest_route=\/wp\/v2\/users\/1"}],"replies":[{"embeddable":true,"href":"https:\/\/hubertpietka.bialystok.pl\/index.php?rest_route=%2Fwp%2Fv2%2Fcomments&post=763"}],"version-history":[{"count":1,"href":"https:\/\/hubertpietka.bialystok.pl\/index.php?rest_route=\/wp\/v2\/pages\/763\/revisions"}],"predecessor-version":[{"id":764,"href":"https:\/\/hubertpietka.bialystok.pl\/index.php?rest_route=\/wp\/v2\/pages\/763\/revisions\/764"}],"wp:attachment":[{"href":"https:\/\/hubertpietka.bialystok.pl\/index.php?rest_route=%2Fwp%2Fv2%2Fmedia&parent=763"}],"curies":[{"name":"wp","href":"https:\/\/api.w.org\/{rel}","templated":true}]}}