{"id":7633,"date":"2023-11-15T08:22:10","date_gmt":"2023-11-15T08:22:10","guid":{"rendered":"http:\/\/hubertpietka.bialystok.pl\/?page_id=7633"},"modified":"2023-11-15T08:22:10","modified_gmt":"2023-11-15T08:22:10","slug":"niesprawiedliwe-sady-uragaja-prawom-bozym","status":"publish","type":"page","link":"https:\/\/hubertpietka.bialystok.pl\/?page_id=7633","title":{"rendered":"Niesprawiedliwe s\u0105dy \/ ur\u0105gaj\u0105 prawom Bo\u017cym"},"content":{"rendered":"<p><em><strong>Niesprawiedliwe s\u0105dy \/ ur\u0105gaj\u0105 prawom Bo\u017cym\u00a0<\/strong><\/em><\/p>\n<p>Przecedzaj\u0105 wa\u017c\u0105 mierz\u0105<br \/>\nNie ku pozytywno\u015bci bynajmniej<br \/>\nJakby sprawdzali kiedy<br \/>\nBokser wagi lekkiej mo\u017ce by\u0107<br \/>\nPostawiony na ringu<br \/>\nZ tym wagi ci\u0119\u017ckiej<br \/>\nBy m\u00f3g\u0142 by\u0107 zmia\u017cd\u017cony<br \/>\nCzy\u017c nie tak wobec nas<br \/>\nMnie \u017cony<br \/>\nA w mi\u0119dzyczasie te\u017c przecie\u017c<br \/>\nMo\u017cna pr\u00f3bowa\u0107 zmia\u017cd\u017cy\u0107 odpowiednio<br \/>\nMimo \u017ce jeste\u015bmy niewinni<br \/>\nMimo \u017ce sami robi\u0105 rzeczy<br \/>\n100 razy gorsze<br \/>\nAle to przecie\u017c my mamy by\u0107 zmia\u017cd\u017ceni<br \/>\nKa\u017cda wyblak\u0142a niteczka<br \/>\nNa naszym swetrze mi\u0142o\u015bci<br \/>\nKt\u00f3rym si\u0119 odziewamy<br \/>\nMa nas przecie\u017c oskar\u017ca\u0107<br \/>\nMimo \u017ce sami w niezbyt czystych<br \/>\nGarniturach duchowych<br \/>\nAle za to w bia\u0142ych r\u0119kawiczkach<br \/>\nI zapewne z u\u015bmiechem<br \/>\nPolitowania i wy\u017cszo\u015bci<br \/>\nZabija\u0107 chc\u0105 przecie\u017c<\/p>\n<p><a href=\"http:\/\/hubertpietka.bialystok.pl\/wp-content\/uploads\/2023\/11\/Resized_20231113_104848.jpeg\"><img loading=\"lazy\" decoding=\"async\" class=\"alignnone size-thumbnail wp-image-7634\" src=\"http:\/\/hubertpietka.bialystok.pl\/wp-content\/uploads\/2023\/11\/Resized_20231113_104848-150x150.jpeg\" alt=\"\" width=\"150\" height=\"150\" srcset=\"https:\/\/hubertpietka.bialystok.pl\/wp-content\/uploads\/2023\/11\/Resized_20231113_104848-150x150.jpeg 150w, https:\/\/hubertpietka.bialystok.pl\/wp-content\/uploads\/2023\/11\/Resized_20231113_104848-75x75.jpeg 75w\" sizes=\"auto, (max-width: 150px) 100vw, 150px\" \/><\/a><\/p>\n<p><strong>Na zdj. Kotek narysowany przez \u017con\u0119<\/strong><br \/>\n<strong> My w czysto\u015bci idziemy razem<\/strong><br \/>\n<strong> St\u0105d ta z\u0142o\u015b\u0107 si\u0142 przeciwnych<\/strong><br \/>\n<strong> Tym warto\u015bciom i innym<\/strong><br \/>\n<strong> Zmia\u017cd\u017ceni by\u0107 mamy<\/strong><br \/>\n<strong> W my\u015bl przeznaczenia na straty<\/strong><br \/>\n<strong> Bo nie p\u0142yniemy<\/strong><br \/>\n<strong> Z r\u00f3\u017cnymi ideologicznymi nurtami \u015bwiata<\/strong><\/p>\n","protected":false},"excerpt":{"rendered":"<p>Niesprawiedliwe s\u0105dy \/ ur\u0105gaj\u0105 prawom Bo\u017cym\u00a0 Przecedzaj\u0105 wa\u017c\u0105 mierz\u0105 Nie ku pozytywno\u015bci bynajmniej Jakby sprawdzali kiedy Bokser wagi lekkiej mo\u017ce by\u0107 Postawiony na ringu Z&hellip; <\/p>\n","protected":false},"author":1,"featured_media":0,"parent":0,"menu_order":0,"comment_status":"closed","ping_status":"closed","template":"","meta":{"footnotes":""},"class_list":["post-7633","page","type-page","status-publish","hentry"],"_links":{"self":[{"href":"https:\/\/hubertpietka.bialystok.pl\/index.php?rest_route=\/wp\/v2\/pages\/7633","targetHints":{"allow":["GET"]}}],"collection":[{"href":"https:\/\/hubertpietka.bialystok.pl\/index.php?rest_route=\/wp\/v2\/pages"}],"about":[{"href":"https:\/\/hubertpietka.bialystok.pl\/index.php?rest_route=\/wp\/v2\/types\/page"}],"author":[{"embeddable":true,"href":"https:\/\/hubertpietka.bialystok.pl\/index.php?rest_route=\/wp\/v2\/users\/1"}],"replies":[{"embeddable":true,"href":"https:\/\/hubertpietka.bialystok.pl\/index.php?rest_route=%2Fwp%2Fv2%2Fcomments&post=7633"}],"version-history":[{"count":1,"href":"https:\/\/hubertpietka.bialystok.pl\/index.php?rest_route=\/wp\/v2\/pages\/7633\/revisions"}],"predecessor-version":[{"id":7635,"href":"https:\/\/hubertpietka.bialystok.pl\/index.php?rest_route=\/wp\/v2\/pages\/7633\/revisions\/7635"}],"wp:attachment":[{"href":"https:\/\/hubertpietka.bialystok.pl\/index.php?rest_route=%2Fwp%2Fv2%2Fmedia&parent=7633"}],"curies":[{"name":"wp","href":"https:\/\/api.w.org\/{rel}","templated":true}]}}