{"id":7645,"date":"2023-11-19T20:42:02","date_gmt":"2023-11-19T20:42:02","guid":{"rendered":"http:\/\/hubertpietka.bialystok.pl\/?page_id=7645"},"modified":"2023-11-19T20:42:24","modified_gmt":"2023-11-19T20:42:24","slug":"7645-2","status":"publish","type":"page","link":"https:\/\/hubertpietka.bialystok.pl\/?page_id=7645","title":{"rendered":"Tam armia \/ nie dla mnie"},"content":{"rendered":"<p><em><strong>Tam armia \/ nie dla mnie\u00a0<\/strong><\/em><\/p>\n<p>A mora\u0142 z tej historii<br \/>\nJest dla mnie taki<br \/>\n\u017be indywidualisty nie da si\u0119<br \/>\nZaprz\u0119c do kieratu<\/p>\n<p>Bo chocia\u017cby zaprotestuje cia\u0142o<br \/>\nBo ca\u0142kowicie on wyblaknie<br \/>\nA kto zwa\u017cy troski o tych swoich<\/p>\n<p>Moje miejsce jest<br \/>\nPrzy tej mojej \u017conie<br \/>\nPrzy tych zwierzakach<br \/>\nW tym naszym ma\u0142ym \u015bwiatku<\/p>\n<p>A Ojczy\u017anie mo\u017cna s\u0142u\u017cy\u0107 inaczej<br \/>\nNa r\u00f3\u017cne sposoby<br \/>\nNie ka\u017cdy mo\u017ce by\u0107<br \/>\nLekarzem nauczycielem \u017co\u0142nierzem<br \/>\nJa mam drog\u0119 wyznaczon\u0105<\/p>\n<p>Ale ciesz\u0119 si\u0119 \u017ce co\u015b podj\u0105\u0142em<br \/>\nTo dla mnie nauka<br \/>\nMog\u0142em co\u015b zweryfikowa\u0107 w sobie<\/p>\n<p>A tu misie i inne takie od razu<br \/>\n<em>Ale to dobrze<\/em> \u017ce tak opacznie powiem<br \/>\nBo szybciej mog\u0119 wraca\u0107 do siebie<br \/>\nMentalnie moralnie egzystencjalnie i duchowo<\/p>\n<p>Tu si\u0119 nic nie zmieni\u0142o<br \/>\nA nawet pewnie gorzej<br \/>\nI je\u015bli cokolwieczunio mojej \u017conie<br \/>\nChyba \u017ce chcecie <em>apokalipsy trzeciej<\/em><\/p>\n<p>Z tymi zwierz\u0119tami<br \/>\nBo na mnie dybi\u0105 nieustannie<br \/>\nZ nami naszymi naszym<\/p>\n<p>Esteci szanowani wa\u017c\u0105cy powietrze z r\u00f3\u017cnymi cz\u0105stkami<br \/>\nI tym podobni<br \/>\nMisie szanowni kolaboranci wsp\u00f3\u0142pracownicy tajni<br \/>\nWybaczcie ale <em>spadajcie<\/em><br \/>\nTudzie\u017c inni sprzedawczykowie<\/p>\n<p><a href=\"http:\/\/hubertpietka.bialystok.pl\/wp-content\/uploads\/2023\/11\/Resized_20231116_193710.jpeg\"><img loading=\"lazy\" decoding=\"async\" class=\"alignnone size-thumbnail wp-image-7646\" src=\"http:\/\/hubertpietka.bialystok.pl\/wp-content\/uploads\/2023\/11\/Resized_20231116_193710-150x150.jpeg\" alt=\"\" width=\"150\" height=\"150\" srcset=\"https:\/\/hubertpietka.bialystok.pl\/wp-content\/uploads\/2023\/11\/Resized_20231116_193710-150x150.jpeg 150w, https:\/\/hubertpietka.bialystok.pl\/wp-content\/uploads\/2023\/11\/Resized_20231116_193710-75x75.jpeg 75w\" sizes=\"auto, (max-width: 150px) 100vw, 150px\" \/><\/a><\/p>\n<p><em>Na zdj. \u015aw. *Jan* w bia\u0142ostockiej katedrze<\/em><br \/>\n<em> Anagram to *naj*<\/em><br \/>\n<em> Ja nie musz\u0119 by\u0107 we wszystkim najlepszy<\/em><br \/>\n<em> Znam swoje miejsce<\/em><\/p>\n<p><em>A szko\u0142a pokory<\/em><br \/>\n<em> Zawsze wskazana w Bogu<\/em><br \/>\n<em> I Bogu dzi\u0119ki \u017ce to si\u0119 oby\u0142o<\/em><br \/>\n<em> Bez jakich\u015b gorszych trwa\u0142ych skutk\u00f3w<\/em><\/p>\n<p style=\"text-align: center;\"><em><strong><a href=\"https:\/\/youtu.be\/gfCaCS5pSX8?si=J8KkPSZ_c53W9p7a\">Bia\u0142e r\u00f3\u017ce &#8211; Ma\u0142a Armia Janosika<\/a><\/strong><\/em><\/p>\n","protected":false},"excerpt":{"rendered":"<p>Tam armia \/ nie dla mnie\u00a0 A mora\u0142 z tej historii Jest dla mnie taki \u017be indywidualisty nie da si\u0119 Zaprz\u0119c do kieratu Bo chocia\u017cby&hellip; <\/p>\n","protected":false},"author":1,"featured_media":0,"parent":0,"menu_order":0,"comment_status":"closed","ping_status":"closed","template":"","meta":{"footnotes":""},"class_list":["post-7645","page","type-page","status-publish","hentry"],"_links":{"self":[{"href":"https:\/\/hubertpietka.bialystok.pl\/index.php?rest_route=\/wp\/v2\/pages\/7645","targetHints":{"allow":["GET"]}}],"collection":[{"href":"https:\/\/hubertpietka.bialystok.pl\/index.php?rest_route=\/wp\/v2\/pages"}],"about":[{"href":"https:\/\/hubertpietka.bialystok.pl\/index.php?rest_route=\/wp\/v2\/types\/page"}],"author":[{"embeddable":true,"href":"https:\/\/hubertpietka.bialystok.pl\/index.php?rest_route=\/wp\/v2\/users\/1"}],"replies":[{"embeddable":true,"href":"https:\/\/hubertpietka.bialystok.pl\/index.php?rest_route=%2Fwp%2Fv2%2Fcomments&post=7645"}],"version-history":[{"count":2,"href":"https:\/\/hubertpietka.bialystok.pl\/index.php?rest_route=\/wp\/v2\/pages\/7645\/revisions"}],"predecessor-version":[{"id":7648,"href":"https:\/\/hubertpietka.bialystok.pl\/index.php?rest_route=\/wp\/v2\/pages\/7645\/revisions\/7648"}],"wp:attachment":[{"href":"https:\/\/hubertpietka.bialystok.pl\/index.php?rest_route=%2Fwp%2Fv2%2Fmedia&parent=7645"}],"curies":[{"name":"wp","href":"https:\/\/api.w.org\/{rel}","templated":true}]}}