{"id":7652,"date":"2023-11-23T08:20:07","date_gmt":"2023-11-23T08:20:07","guid":{"rendered":"http:\/\/hubertpietka.bialystok.pl\/?page_id=7652"},"modified":"2023-11-23T08:20:07","modified_gmt":"2023-11-23T08:20:07","slug":"wychodza-z-moze-apokaliptyczne-bestie","status":"publish","type":"page","link":"https:\/\/hubertpietka.bialystok.pl\/?page_id=7652","title":{"rendered":"Wychodz\u0105 z mo\u017ce \/ apokaliptyczne bestie"},"content":{"rendered":"<p><em><strong>Wychodz\u0105 z mo\u017ce \/ apokaliptyczne bestie\u00a0<\/strong><\/em><\/p>\n<p>Id\u017acie i starajcie si\u0119 zrozumie\u0107<br \/>\nCzym s\u0105 <em>apokaliptyczne bestie<\/em><br \/>\n<em>Bestia pierwsza druga i trzecia<\/em><br \/>\nCzy nie dostrzegacie<br \/>\n\u017be to dzieje si\u0119 na waszych oczach<\/p>\n<p>Walk\u0119 rodzinie wydaj\u0105<br \/>\nNa pierwszej linii frontu ona<br \/>\nMoja \u017cona<br \/>\nJednak czy jej czy mi<br \/>\nSkutek b\u0119dzie podobny<br \/>\nZ nami naszymi i naszym<br \/>\nNie b\u0119d\u0119 milcza\u0142<\/p>\n<p>Id\u017acie i starajcie si\u0119 zrozumie\u0107<br \/>\nCo to mo\u017ce te\u017c oznacza\u0107 dla was<br \/>\nJakie tego wszystkiego mog\u0105 by\u0107 skutki<br \/>\nChyba \u017ce chcecie zasn\u0105\u0107<br \/>\nI si\u0119 ju\u017c nie obudzi\u0107<\/p>\n<p><a href=\"http:\/\/hubertpietka.bialystok.pl\/wp-content\/uploads\/2023\/11\/Resized_20231116_193710-1.jpeg\"><img loading=\"lazy\" decoding=\"async\" class=\"alignnone size-thumbnail wp-image-7654\" src=\"http:\/\/hubertpietka.bialystok.pl\/wp-content\/uploads\/2023\/11\/Resized_20231116_193710-1-150x150.jpeg\" alt=\"\" width=\"150\" height=\"150\" srcset=\"https:\/\/hubertpietka.bialystok.pl\/wp-content\/uploads\/2023\/11\/Resized_20231116_193710-1-150x150.jpeg 150w, https:\/\/hubertpietka.bialystok.pl\/wp-content\/uploads\/2023\/11\/Resized_20231116_193710-1-75x75.jpeg 75w\" sizes=\"auto, (max-width: 150px) 100vw, 150px\" \/><\/a><\/p>\n<p><strong>Na zdj. \u015aw. Jan Ewangelista<\/strong><br \/>\n<strong> W tej to bia\u0142ostockiej katedrze<\/strong><br \/>\n<strong> Je\u015bli nie obudzicie si\u0119<\/strong><br \/>\n<strong> I nie zadzia\u0142acie konktetnie<\/strong><br \/>\n<strong> To wszystko b\u0119dzie<\/strong><br \/>\n<strong> Jak w tej <em>Apokalipsie<\/em><\/strong><br \/>\n<strong> To ostatni ju\u017c chyba dzwonek<\/strong><\/p>\n","protected":false},"excerpt":{"rendered":"<p>Wychodz\u0105 z mo\u017ce \/ apokaliptyczne bestie\u00a0 Id\u017acie i starajcie si\u0119 zrozumie\u0107 Czym s\u0105 apokaliptyczne bestie Bestia pierwsza druga i trzecia Czy nie dostrzegacie \u017be to&hellip; <\/p>\n","protected":false},"author":1,"featured_media":0,"parent":0,"menu_order":0,"comment_status":"closed","ping_status":"closed","template":"","meta":{"footnotes":""},"class_list":["post-7652","page","type-page","status-publish","hentry"],"_links":{"self":[{"href":"https:\/\/hubertpietka.bialystok.pl\/index.php?rest_route=\/wp\/v2\/pages\/7652","targetHints":{"allow":["GET"]}}],"collection":[{"href":"https:\/\/hubertpietka.bialystok.pl\/index.php?rest_route=\/wp\/v2\/pages"}],"about":[{"href":"https:\/\/hubertpietka.bialystok.pl\/index.php?rest_route=\/wp\/v2\/types\/page"}],"author":[{"embeddable":true,"href":"https:\/\/hubertpietka.bialystok.pl\/index.php?rest_route=\/wp\/v2\/users\/1"}],"replies":[{"embeddable":true,"href":"https:\/\/hubertpietka.bialystok.pl\/index.php?rest_route=%2Fwp%2Fv2%2Fcomments&post=7652"}],"version-history":[{"count":2,"href":"https:\/\/hubertpietka.bialystok.pl\/index.php?rest_route=\/wp\/v2\/pages\/7652\/revisions"}],"predecessor-version":[{"id":7655,"href":"https:\/\/hubertpietka.bialystok.pl\/index.php?rest_route=\/wp\/v2\/pages\/7652\/revisions\/7655"}],"wp:attachment":[{"href":"https:\/\/hubertpietka.bialystok.pl\/index.php?rest_route=%2Fwp%2Fv2%2Fmedia&parent=7652"}],"curies":[{"name":"wp","href":"https:\/\/api.w.org\/{rel}","templated":true}]}}