{"id":7658,"date":"2023-11-24T19:41:49","date_gmt":"2023-11-24T19:41:49","guid":{"rendered":"http:\/\/hubertpietka.bialystok.pl\/?page_id=7658"},"modified":"2023-11-24T19:41:49","modified_gmt":"2023-11-24T19:41:49","slug":"nawiedzenie-elity-swietnej-ze-skutkiem-smiertelnym-zapewne","status":"publish","type":"page","link":"https:\/\/hubertpietka.bialystok.pl\/?page_id=7658","title":{"rendered":"Nawiedzenie elity \u015bwietnej \/ ze skutkiem \u015bmiertelnym zapewne"},"content":{"rendered":"<p><em><strong>Nawiedzenie elity \u015bwietnej \/ ze skutkiem \u015bmiertelnym zapewne\u00a0<\/strong><\/em><\/p>\n<p>Ostatnio jestem troch\u0119 monotematyczny<br \/>\nAle trudno si\u0119 dziwi\u0107<br \/>\nBo ich dzia\u0142ania<br \/>\nS\u0105 w nas naszych lub nasze zorientowane<br \/>\nJak nie po mnie to w \u017con\u0119<br \/>\nAlbo w zwierz\u0119ta samochody<br \/>\nAlbo w bliskich<br \/>\nOd matki do ojca od brata do siostry<br \/>\nMog\u0105 potencjalno\u015b\u0107 z\u0142a wykorzystywa\u0107 skutecznie<\/p>\n<p>A tymczasem <em>nawiedzenie \u015bwietnej elity<\/em><br \/>\nParalelnie do <em>Nawiedzenia \u015bw. El\u017cbiety<\/em><br \/>\nAle te\u017c dok\u0142adnie odwrotnie proporcjonalnie<br \/>\nBo misie kolaboranci TW czy sprzedawczycy<br \/>\nNawiedza\u0107 nas maj\u0105<br \/>\nRaczej nie ku naszemu dobru<br \/>\nLecz by przyspieszy\u0107<br \/>\nZej\u015bcie z \u015bwiata tego<\/p>\n<p>To si\u0119 \u015bwiat zdziwi<br \/>\nI zdziwi\u0105 si\u0119 misie i ca\u0142a tak \u015bwietna elita<br \/>\nJak B\u00f3g jednak odpowie<br \/>\nNa niesprawiedliwo\u015bci ra\u017c\u0105ce<\/p>\n<p><a href=\"http:\/\/hubertpietka.bialystok.pl\/wp-content\/uploads\/2023\/11\/Resized_20231115_192210.jpeg\"><img loading=\"lazy\" decoding=\"async\" class=\"alignnone size-thumbnail wp-image-7659\" src=\"http:\/\/hubertpietka.bialystok.pl\/wp-content\/uploads\/2023\/11\/Resized_20231115_192210-150x150.jpeg\" alt=\"\" width=\"150\" height=\"150\" srcset=\"https:\/\/hubertpietka.bialystok.pl\/wp-content\/uploads\/2023\/11\/Resized_20231115_192210-150x150.jpeg 150w, https:\/\/hubertpietka.bialystok.pl\/wp-content\/uploads\/2023\/11\/Resized_20231115_192210-75x75.jpeg 75w\" sizes=\"auto, (max-width: 150px) 100vw, 150px\" \/><\/a><\/p>\n<p><em>Na zdj. Maryja Kr\u00f3lowa<\/em><br \/>\n<em> Dzi\u015b \u015bw. *Balsam-ona*<\/em><br \/>\n<em> *Balsamem ona* na moje serce<\/em><br \/>\n<em> Przeciw z\u0142owrogim d\u0105\u017ceniom<\/em><br \/>\n<em> *Balsamem ona* te\u017c \u017cona<\/em><br \/>\n<em> Dla duszy m\u0119\u017ca<\/em><\/p>\n<p><em>I dlatego<\/em><br \/>\n<em> Je\u015bli cokolwieczunio<\/em><br \/>\n<em> To B\u00f3g co ma zi\u015bci<\/em><br \/>\n<em> Szanta\u017cuj\u0105 niepoczytalno\u015bci\u0105<\/em><br \/>\n<em> A tak naprawd\u0119 to im to na r\u0119k\u0119 bardzo<\/em><br \/>\n<em> By dosta\u0107 mnie w swe \u0142apy<\/em><br \/>\n<em> W taki czy inny spos\u00f3b<\/em><br \/>\n<em> Skutek ma by\u0107 podobny<\/em><br \/>\n<em> Nie wierzcie gdy m\u00f3wi\u0105 inaczej<\/em><br \/>\n<em> Nie ma prawdy<\/em><br \/>\n<em> W genetycznych manipulacjach k\u0142amstwa<\/em><\/p>\n","protected":false},"excerpt":{"rendered":"<p>Nawiedzenie elity \u015bwietnej \/ ze skutkiem \u015bmiertelnym zapewne\u00a0 Ostatnio jestem troch\u0119 monotematyczny Ale trudno si\u0119 dziwi\u0107 Bo ich dzia\u0142ania S\u0105 w nas naszych lub nasze&hellip; <\/p>\n","protected":false},"author":1,"featured_media":0,"parent":0,"menu_order":0,"comment_status":"closed","ping_status":"closed","template":"","meta":{"footnotes":""},"class_list":["post-7658","page","type-page","status-publish","hentry"],"_links":{"self":[{"href":"https:\/\/hubertpietka.bialystok.pl\/index.php?rest_route=\/wp\/v2\/pages\/7658","targetHints":{"allow":["GET"]}}],"collection":[{"href":"https:\/\/hubertpietka.bialystok.pl\/index.php?rest_route=\/wp\/v2\/pages"}],"about":[{"href":"https:\/\/hubertpietka.bialystok.pl\/index.php?rest_route=\/wp\/v2\/types\/page"}],"author":[{"embeddable":true,"href":"https:\/\/hubertpietka.bialystok.pl\/index.php?rest_route=\/wp\/v2\/users\/1"}],"replies":[{"embeddable":true,"href":"https:\/\/hubertpietka.bialystok.pl\/index.php?rest_route=%2Fwp%2Fv2%2Fcomments&post=7658"}],"version-history":[{"count":1,"href":"https:\/\/hubertpietka.bialystok.pl\/index.php?rest_route=\/wp\/v2\/pages\/7658\/revisions"}],"predecessor-version":[{"id":7660,"href":"https:\/\/hubertpietka.bialystok.pl\/index.php?rest_route=\/wp\/v2\/pages\/7658\/revisions\/7660"}],"wp:attachment":[{"href":"https:\/\/hubertpietka.bialystok.pl\/index.php?rest_route=%2Fwp%2Fv2%2Fmedia&parent=7658"}],"curies":[{"name":"wp","href":"https:\/\/api.w.org\/{rel}","templated":true}]}}