{"id":766,"date":"2017-08-19T12:29:41","date_gmt":"2017-08-19T12:29:41","guid":{"rendered":"http:\/\/hubertpietka.bialystok.pl\/?page_id=766"},"modified":"2017-08-19T12:29:41","modified_gmt":"2017-08-19T12:29:41","slug":"wielka-klinika-serc","status":"publish","type":"page","link":"https:\/\/hubertpietka.bialystok.pl\/?page_id=766","title":{"rendered":"Wielka Klinika Serc"},"content":{"rendered":"<p><strong>Wielka Klinika Serc<\/strong><\/p>\n<p>&nbsp;<\/p>\n<p>Zadbaj o serce swe<\/p>\n<p>cz\u0142owieczy narodzie<\/p>\n<p>&nbsp;<\/p>\n<p>&#8211; niech serca nasze<\/p>\n<p>b\u0119d\u0105 jak dzwony<\/p>\n<p>mocne niezwyci\u0119\u017cone<\/p>\n<p>&nbsp;<\/p>\n<p><em>Wielka Serc Klinika<\/em><\/p>\n<p>&#8211; moralno\u015b\u0107 i etyka!<\/p>\n<p>&nbsp;<\/p>\n<p>&#8211; niech serca b\u0119d\u0105 silne<\/p>\n<p>wiar\u0105 mi\u0142o\u015bci\u0105 i nadziej\u0105 (!)<\/p>\n<p>by przetrzyma\u0142y<\/p>\n<p>zawieruchy dziej\u00f3w<\/p>\n<p>&nbsp;<\/p>\n<p>&#8211; niech b\u0119d\u0105 silne i trwa\u0142e<\/p>\n<p>w historii zakorzenione<\/p>\n<p>i w kulturze &#8211;<\/p>\n<p>wtedy przetrwaj\u0105<\/p>\n<p>wszelkie losowe burze<\/p>\n<p>&nbsp;<\/p>\n<p><em>Wielka Klinika Serc<\/em><\/p>\n<p>&nbsp;<\/p>\n<p>&#8211; zadbaj o serce swe<\/p>\n<p>cz\u0142owieczy rodzie<\/p>\n<p>by\u015b w zdrowiu poszed\u0142<\/p>\n<p>ku dobrej pogodzie<\/p>\n<p>&nbsp;<\/p>\n<p>zdrowie moralne<\/p>\n<p>fizyczne i psychiczne<\/p>\n<p>idzie w parze<\/p>\n<p>ku mi\u0142o\u015bci \u015blicznej<\/p>\n<p>&nbsp;<\/p>\n<p>dzie\u0142o rozpocznij<\/p>\n<p>wzmacniaj si\u0119<\/p>\n<p>by\u015b przeciwno\u015bci<\/p>\n<p>przetrzyma\u0142<\/p>\n<p>pocieszy\u0142 si\u0119<\/p>\n<p>&nbsp;<\/p>\n<p><em>Klinika Serc Wielkich<\/em><\/p>\n<p>&#8211; ju\u017c \u017cyje funkcjonuje<\/p>\n<p>&nbsp;<\/p>\n<p>zadbajcie o serca<\/p>\n<p>&#8211; i wy m\u0142odzi!<\/p>\n<p>prosta droga ludzko\u015bci<\/p>\n<p>si\u0119 wtedy rozpogodzi<\/p>\n<p><em>\u00a0<\/em><\/p>\n<p><em>Wielka Serc Klinika<\/em><\/p>\n<p>&#8211; rozpoczyna w\u0142a\u015bnie sw\u0105 prac\u0119<\/p>\n<p>nad odnow\u0105 cz\u0142owieka<\/p>\n<p>by mocny na ciele i duchu<\/p>\n<p>wype\u0142ni\u0142 losu wyroki<\/p>\n<p>&nbsp;<\/p>\n<p>&#8211; by\u015b w trudzie swym wytrwa\u0142<\/p>\n<p>nie zw\u0105tpi\u0142<\/p>\n<p>by\u015b \u017cycie swe wygra\u0142<\/p>\n<p>w prawdzie i dobru post\u0105pi\u0142<\/p>\n<p>&nbsp;<\/p>\n<p>\u2026i dope\u0142ni\u0142 u progu nowych dni<\/p>\n<p>wizj\u0119 pi\u0119knych swych sn\u00f3w<\/p>\n<p>jasnej i czystej eschatologii<\/p>\n","protected":false},"excerpt":{"rendered":"<p>Wielka Klinika Serc &nbsp; Zadbaj o serce swe cz\u0142owieczy narodzie &nbsp; &#8211; niech serca nasze b\u0119d\u0105 jak dzwony mocne niezwyci\u0119\u017cone &nbsp; Wielka Serc Klinika &#8211;&hellip; <\/p>\n","protected":false},"author":1,"featured_media":0,"parent":0,"menu_order":0,"comment_status":"closed","ping_status":"closed","template":"","meta":{"footnotes":""},"class_list":["post-766","page","type-page","status-publish","hentry"],"_links":{"self":[{"href":"https:\/\/hubertpietka.bialystok.pl\/index.php?rest_route=\/wp\/v2\/pages\/766","targetHints":{"allow":["GET"]}}],"collection":[{"href":"https:\/\/hubertpietka.bialystok.pl\/index.php?rest_route=\/wp\/v2\/pages"}],"about":[{"href":"https:\/\/hubertpietka.bialystok.pl\/index.php?rest_route=\/wp\/v2\/types\/page"}],"author":[{"embeddable":true,"href":"https:\/\/hubertpietka.bialystok.pl\/index.php?rest_route=\/wp\/v2\/users\/1"}],"replies":[{"embeddable":true,"href":"https:\/\/hubertpietka.bialystok.pl\/index.php?rest_route=%2Fwp%2Fv2%2Fcomments&post=766"}],"version-history":[{"count":1,"href":"https:\/\/hubertpietka.bialystok.pl\/index.php?rest_route=\/wp\/v2\/pages\/766\/revisions"}],"predecessor-version":[{"id":767,"href":"https:\/\/hubertpietka.bialystok.pl\/index.php?rest_route=\/wp\/v2\/pages\/766\/revisions\/767"}],"wp:attachment":[{"href":"https:\/\/hubertpietka.bialystok.pl\/index.php?rest_route=%2Fwp%2Fv2%2Fmedia&parent=766"}],"curies":[{"name":"wp","href":"https:\/\/api.w.org\/{rel}","templated":true}]}}