{"id":7668,"date":"2023-11-30T07:52:31","date_gmt":"2023-11-30T07:52:31","guid":{"rendered":"http:\/\/hubertpietka.bialystok.pl\/?page_id=7668"},"modified":"2023-11-30T07:52:31","modified_gmt":"2023-11-30T07:52:31","slug":"swiat-totalnych-rozwiazan-ideologicznych-pod-pozorem-praworzadnosci","status":"publish","type":"page","link":"https:\/\/hubertpietka.bialystok.pl\/?page_id=7668","title":{"rendered":"\u015awiat totalnych rozwi\u0105za\u0144 ideologicznych \/ pod pozorem praworz\u0105dno\u015bci"},"content":{"rendered":"<p><em><strong>\u015awiat totalnych rozwi\u0105za\u0144 ideologicznych \/ pod pozorem praworz\u0105dno\u015bci\u00a0<\/strong><\/em><\/p>\n<p>Je\u015bli w tym \u015bwiecie<br \/>\nJu\u017c wszystko jest motywowane ideologicznie<br \/>\nA tylko pozory przybiera<br \/>\nBy wygl\u0105da\u0142o to inaczej<br \/>\nTo \u017cyjemy w \u015bwiecie totalitarnym<br \/>\nNa miar\u0119 hitlerowskich Niemiec i Rosji sowieckiej<br \/>\nTylko \u017ce w warunkach wsp\u00f3\u0142czesnych<br \/>\nJe\u015bli co\u015b tylko ma mie\u0107 pozory sprawiedliwo\u015bci<br \/>\nA determinowane jest ideologi\u0105<br \/>\nTo to ju\u017c jest \u015bwiat totalnych rozwi\u0105za\u0144<\/p>\n<p>A czy\u017c nie tak ze mn\u0105 w\u0142a\u015bnie<br \/>\nMisie i inni pozor\u00f3w tylko potrzebuj\u0105<br \/>\nBy mnie dorwa\u0107<br \/>\nBo wedle ideologicznych rozwi\u0105za\u0144<br \/>\nJa nie powinienem \u017cy\u0107<br \/>\nW wolno\u015bci dzieci Bo\u017cych i w og\u00f3le<br \/>\nR\u00f3wnie dobrze mogliby przyj\u015b\u0107<br \/>\nI powiedzie\u0107 \u017ce wed\u0142ug tego i tego<br \/>\nJa ju\u017c spokojnie \u017cy\u0107 tu nie mog\u0119<br \/>\nAle tego nie zrobi\u0105<br \/>\nDla pozor\u00f3w praworz\u0105dno\u015bci<\/p>\n<p>A z \u017con\u0105<br \/>\nIdeologicznie kto\u015b zadecydowa\u0142<br \/>\n\u017be nie ma \u017cy\u0107 ona<br \/>\nIdeologiczne decyzj\u0119 o czyim\u015b \u017cyciu<br \/>\nS\u0105 domen\u0105 totalitarnych system\u00f3w<br \/>\nA czy\u017c nie podobnie i z innymi<br \/>\nI z r\u00f3\u017cnym naszym<\/p>\n<p>Kto\u015b ideologicznie na przyk\u0142ad zadecydowa\u0142<br \/>\n\u017be mam nie je\u017adzi\u0107 samochodem<br \/>\nI teraz w czasie wyjazd\u00f3w<br \/>\nR\u00f3\u017cne gierki totalitarne<br \/>\nTylko po to by totalny system<br \/>\nMia\u0142y preteksty dla rozwi\u0105za\u0144<br \/>\nPrzez kogo\u015b powzi\u0119tych<\/p>\n<p>Nie ma to nic wsp\u00f3lnego ze sprawiedliwo\u015bci\u0105<br \/>\nAle dla totalitarnych rozwi\u0105za\u0144<br \/>\nLiczy si\u0119 tylko przemoc w\u0142adzy<br \/>\nI to kto co zadecydowa\u0142<br \/>\nA pozory innych dzia\u0142a\u0144<br \/>\nS\u0105 tylko przykrywk\u0105<br \/>\nBy wciela\u0107 w \u017cycie r\u00f3\u017cne decyzj\u0119 ideologiczne<\/p>\n<p>A dlaczego tak si\u0119 dzieje<br \/>\nTo wszystko na nas<br \/>\nNie mam innej odpowiedzi<br \/>\nJak tylko z partykularnej<br \/>\nNienawi\u015bci do wiary<br \/>\nTo wszystko t\u0142umaczy<br \/>\nI kierunki im wyznacza<\/p>\n<p><a href=\"http:\/\/hubertpietka.bialystok.pl\/wp-content\/uploads\/2023\/11\/Resized_20231129_151906.jpeg\"><img loading=\"lazy\" decoding=\"async\" class=\"alignnone size-thumbnail wp-image-7669\" src=\"http:\/\/hubertpietka.bialystok.pl\/wp-content\/uploads\/2023\/11\/Resized_20231129_151906-150x150.jpeg\" alt=\"\" width=\"150\" height=\"150\" srcset=\"https:\/\/hubertpietka.bialystok.pl\/wp-content\/uploads\/2023\/11\/Resized_20231129_151906-150x150.jpeg 150w, https:\/\/hubertpietka.bialystok.pl\/wp-content\/uploads\/2023\/11\/Resized_20231129_151906-75x75.jpeg 75w\" sizes=\"auto, (max-width: 150px) 100vw, 150px\" \/><\/a><\/p>\n<p><em>Na zdj. Ko\u015bci\u00f3\u0142ek w *Horoszkach* Du\u017cych<\/em><br \/>\n<em> Tak za pieni\u0105dze te *groszki*<\/em><br \/>\n<em> Mo\u017cna te\u017c kupi\u0107 wszystko wszystkich<\/em><br \/>\n<em> I sprzeda\u0107 odpowiednio jak Jezusa<\/em><br \/>\n<em> Dla pieni\u0105\u017ck\u00f3w w\u0142adzy mo\u017cna wszystko<\/em><\/p>\n<p><em>Dzieci\u0105tko Jezus w dziupli schowane<\/em><br \/>\n<em> Czy\u017c takie Ma\u0142e Dzieci\u0119 mo\u017ce<\/em><br \/>\n<em> Dobrze kierowa\u0107 \u015bwiatem<\/em><br \/>\n<em> Jak wydaje si\u0119 \u017ce wszystko jest inaczej<\/em><br \/>\n<em> I z go\u0142a kto inny rz\u0105dzi \u015bwiatem<\/em><\/p>\n<p><em>Miej Maryjo w opiece<\/em><br \/>\n<em> Te rodziny nasze kr\u0119gi rodzin<\/em><br \/>\n<em> Od tej mej oczywistej po wszystkie dalsze<\/em><br \/>\n<em> Bo przemoc ideologiczna<\/em><br \/>\n<em> Ma totalnie rz\u0105dzi\u0107 \u015bwiatem<\/em><\/p>\n","protected":false},"excerpt":{"rendered":"<p>\u015awiat totalnych rozwi\u0105za\u0144 ideologicznych \/ pod pozorem praworz\u0105dno\u015bci\u00a0 Je\u015bli w tym \u015bwiecie Ju\u017c wszystko jest motywowane ideologicznie A tylko pozory przybiera By wygl\u0105da\u0142o to inaczej&hellip; <\/p>\n","protected":false},"author":1,"featured_media":0,"parent":0,"menu_order":0,"comment_status":"closed","ping_status":"closed","template":"","meta":{"footnotes":""},"class_list":["post-7668","page","type-page","status-publish","hentry"],"_links":{"self":[{"href":"https:\/\/hubertpietka.bialystok.pl\/index.php?rest_route=\/wp\/v2\/pages\/7668","targetHints":{"allow":["GET"]}}],"collection":[{"href":"https:\/\/hubertpietka.bialystok.pl\/index.php?rest_route=\/wp\/v2\/pages"}],"about":[{"href":"https:\/\/hubertpietka.bialystok.pl\/index.php?rest_route=\/wp\/v2\/types\/page"}],"author":[{"embeddable":true,"href":"https:\/\/hubertpietka.bialystok.pl\/index.php?rest_route=\/wp\/v2\/users\/1"}],"replies":[{"embeddable":true,"href":"https:\/\/hubertpietka.bialystok.pl\/index.php?rest_route=%2Fwp%2Fv2%2Fcomments&post=7668"}],"version-history":[{"count":1,"href":"https:\/\/hubertpietka.bialystok.pl\/index.php?rest_route=\/wp\/v2\/pages\/7668\/revisions"}],"predecessor-version":[{"id":7670,"href":"https:\/\/hubertpietka.bialystok.pl\/index.php?rest_route=\/wp\/v2\/pages\/7668\/revisions\/7670"}],"wp:attachment":[{"href":"https:\/\/hubertpietka.bialystok.pl\/index.php?rest_route=%2Fwp%2Fv2%2Fmedia&parent=7668"}],"curies":[{"name":"wp","href":"https:\/\/api.w.org\/{rel}","templated":true}]}}