{"id":7672,"date":"2023-12-01T08:45:32","date_gmt":"2023-12-01T08:45:32","guid":{"rendered":"http:\/\/hubertpietka.bialystok.pl\/?page_id=7672"},"modified":"2023-12-01T08:49:35","modified_gmt":"2023-12-01T08:49:35","slug":"szrek-fiona-i-osly-pomiedzy-roznymi-akcentami-aparatu-przemocy","status":"publish","type":"page","link":"https:\/\/hubertpietka.bialystok.pl\/?page_id=7672","title":{"rendered":"Szrek Fiona i os\u0142y&#8217; \/ pomi\u0119dzy r\u00f3\u017cnymi akcentami aparatu przemocy"},"content":{"rendered":"<p><em><strong>Szrek Fiona i os\u0142y <\/strong>\/ pomi\u0119dzy r\u00f3\u017cnymi akcentami aparatu przemocy<\/em><\/p>\n<p>Przetrz\u0105sn\u0105 ka\u017cdy \u015bmietnik publiczny<br \/>\nPosklejaj\u0105 ka\u017cdy papierek<br \/>\nByleby tylko znale\u017a\u0107<br \/>\nNa mnie jak\u0105\u015b urojon\u0105 win\u0119<br \/>\nNawiasem m\u00f3wi\u0105c<br \/>\nOni raczej<br \/>\n<em>Lubi\u0105 babra\u0107 si\u0119 w \u015bmieciach<\/em><br \/>\nSzczeg\u00f3lnie gdy to ma<br \/>\nPo\u017c\u0105dany efekt przynie\u015b\u0107<\/p>\n<p>A w przypadku bandyckiej napa\u015bci<br \/>\nTrzeba chroni\u0107 bandyt\u00f3w<br \/>\nZgodnych z lini\u0105 polityczn\u0105<br \/>\nBandyci s\u0105 po\u017c\u0105dani spo\u0142ecznie<br \/>\nGdy uderzaj\u0105 w tych niepo\u017c\u0105danych<\/p>\n<p>I funkcjonariusze przecie\u017c<br \/>\nMaj\u0105 spe\u0142nia\u0107 tylko<br \/>\n<em>Dany im prikaz<\/em> m\u00f3wi\u0105c potocznie<br \/>\nI jak w pewnym teatrze absurdu Mro\u017cka<br \/>\nZaaresztowali by nawet siebie<br \/>\nSwoj\u0105 matk\u0119 ojca brata siostr\u0119<br \/>\nJe\u015bli by to by\u0142o politycznie s\u0142uszne jedynie<br \/>\nA c\u00f3\u017c dopiero<br \/>\nBezbronnego cz\u0142owieczka<br \/>\nZa nimi przecie\u017c aparat nacisku<\/p>\n<p><a href=\"http:\/\/hubertpietka.bialystok.pl\/wp-content\/uploads\/2023\/12\/Resized_20231130_190209.jpeg\"><img loading=\"lazy\" decoding=\"async\" class=\"alignnone size-thumbnail wp-image-7675\" src=\"http:\/\/hubertpietka.bialystok.pl\/wp-content\/uploads\/2023\/12\/Resized_20231130_190209-150x150.jpeg\" alt=\"\" width=\"150\" height=\"150\" srcset=\"https:\/\/hubertpietka.bialystok.pl\/wp-content\/uploads\/2023\/12\/Resized_20231130_190209-150x150.jpeg 150w, https:\/\/hubertpietka.bialystok.pl\/wp-content\/uploads\/2023\/12\/Resized_20231130_190209-75x75.jpeg 75w\" sizes=\"auto, (max-width: 150px) 100vw, 150px\" \/><\/a><\/p>\n<p><em>Na zdj. Spektakl studenckiej grupy Sedno<\/em><br \/>\n<em> Pi\u0119kne gdy studenci<\/em><br \/>\n<em> Podchodz\u0105 ambitnie do r\u00f3\u017cnych rzeczy<\/em><br \/>\n<em> A trafi\u0107 w sedno nie jest \u0142atwo czasem<\/em><br \/>\n<em> I sztuka mo\u017ce wyzwala\u0107<\/em><br \/>\n<em> Dlatego jest niewygodna<\/em><br \/>\n<em> Dla r\u00f3\u017cnych aparat\u00f3w przemocy<\/em><\/p>\n<p>\/<\/p>\n<p><strong>I s\u0142owo o mojej \u017conie<\/strong><br \/>\n<strong> Nawet je\u015bli dla was ona<\/strong><br \/>\n<strong> Jest jak Fiona<\/strong><br \/>\n<strong> To dla mnie jest<\/strong><br \/>\n<strong> Najpi\u0119kniejsza na \u015bwiecie<\/strong><br \/>\n<strong> Nie tylko wed\u0142ug wzroku duszy<\/strong><br \/>\n<strong> Oczyszczonego najpe\u0142niej moc\u0105 sakramentu<\/strong><\/p>\n<p><strong>I te dla was mo\u017ce<\/strong><br \/>\n<strong> Nieczyste zwierz\u0119ta<\/strong><br \/>\n<strong> S\u0105 nasz\u0105 niezbywaln\u0105 cz\u0119\u015bci\u0105<\/strong><br \/>\n<strong> S\u0105 pomoc\u0105 dan\u0105 cz\u0142owiekowi<\/strong><br \/>\n<strong> Przez Boga<\/strong><\/p>\n<p><strong>Dlatego tak nienawidz\u0105 jej ich<\/strong><br \/>\n<strong> Ci kt\u00f3rym nie na r\u0119k\u0119<\/strong><br \/>\n<strong> S\u0105 r\u00f3\u017cne dzia\u0142ania Bo\u017ce<\/strong><br \/>\n<strong> Tego co im niewygodne<\/strong><br \/>\n<strong> Przecie\u017c by\u0107 nie powinno<\/strong><\/p>\n<p><strong>A z tym Szrekiem prostakiem<\/strong><br \/>\n<strong> Porz\u0105dek na pewno zrobi<\/strong><br \/>\n<strong> R\u00f3\u017cna pi\u0119kna elita<\/strong><br \/>\n<strong> Bo ona wszystko i wsz\u0119dzie mo\u017ce przecie\u017c<\/strong><br \/>\n<strong> Szczeg\u00f3lnie wobec takich prostak\u00f3w<\/strong><br \/>\n<strong> I ta Wyborna Wytworna i Pospolita<\/strong><\/p>\n<p><strong>I je\u015bli cokolwieczuniek jej<\/strong><br \/>\n<strong> Zwierz\u0119tom tym naszemu naszym<\/strong><br \/>\n<strong> Szczeg\u00f3lnie gdy mnie z ni\u0105 nie ma blisko<\/strong><br \/>\n<strong> I z nimi<\/strong><br \/>\n<strong> To ja zrobi\u0119 z tym taki \u017ce hej porz\u0105dek<\/strong><br \/>\n<strong> A raczej Ty Bo\u017ce zrobisz<\/strong><br \/>\n<strong> Wed\u0142ug tego co zapowiedzia\u0142e\u015b<\/strong><br \/>\n<strong> Bo niesprawiedliwo\u015bci ra\u017c\u0105ce potocznie<\/strong><br \/>\n<strong> Wobec tych najmniejszych prostych<\/strong><br \/>\n<strong> Determinuj\u0105 odpowied\u017a Bo\u017c\u0105 mocn\u0105<\/strong><\/p>\n","protected":false},"excerpt":{"rendered":"<p>Szrek Fiona i os\u0142y \/ pomi\u0119dzy r\u00f3\u017cnymi akcentami aparatu przemocy Przetrz\u0105sn\u0105 ka\u017cdy \u015bmietnik publiczny Posklejaj\u0105 ka\u017cdy papierek Byleby tylko znale\u017a\u0107 Na mnie jak\u0105\u015b urojon\u0105 win\u0119&hellip; <\/p>\n","protected":false},"author":1,"featured_media":0,"parent":0,"menu_order":0,"comment_status":"closed","ping_status":"closed","template":"","meta":{"footnotes":""},"class_list":["post-7672","page","type-page","status-publish","hentry"],"_links":{"self":[{"href":"https:\/\/hubertpietka.bialystok.pl\/index.php?rest_route=\/wp\/v2\/pages\/7672","targetHints":{"allow":["GET"]}}],"collection":[{"href":"https:\/\/hubertpietka.bialystok.pl\/index.php?rest_route=\/wp\/v2\/pages"}],"about":[{"href":"https:\/\/hubertpietka.bialystok.pl\/index.php?rest_route=\/wp\/v2\/types\/page"}],"author":[{"embeddable":true,"href":"https:\/\/hubertpietka.bialystok.pl\/index.php?rest_route=\/wp\/v2\/users\/1"}],"replies":[{"embeddable":true,"href":"https:\/\/hubertpietka.bialystok.pl\/index.php?rest_route=%2Fwp%2Fv2%2Fcomments&post=7672"}],"version-history":[{"count":6,"href":"https:\/\/hubertpietka.bialystok.pl\/index.php?rest_route=\/wp\/v2\/pages\/7672\/revisions"}],"predecessor-version":[{"id":7680,"href":"https:\/\/hubertpietka.bialystok.pl\/index.php?rest_route=\/wp\/v2\/pages\/7672\/revisions\/7680"}],"wp:attachment":[{"href":"https:\/\/hubertpietka.bialystok.pl\/index.php?rest_route=%2Fwp%2Fv2%2Fmedia&parent=7672"}],"curies":[{"name":"wp","href":"https:\/\/api.w.org\/{rel}","templated":true}]}}