{"id":7682,"date":"2023-12-03T12:27:15","date_gmt":"2023-12-03T12:27:15","guid":{"rendered":"http:\/\/hubertpietka.bialystok.pl\/?page_id=7682"},"modified":"2023-12-03T12:27:15","modified_gmt":"2023-12-03T12:27:15","slug":"pozoranci-a-tamci","status":"publish","type":"page","link":"https:\/\/hubertpietka.bialystok.pl\/?page_id=7682","title":{"rendered":"Pozoranci \/ a tamci"},"content":{"rendered":"<p style=\"text-align: left;\"><em><strong>Pozoranci \/ a tamci<\/strong><\/em><\/p>\n<p>A mog\u0105 by\u0107 i samos\u0105dy<br \/>\nCzy tu czy gdziekolwiek<br \/>\nZ przyczyn urojonych mniej bardziej<br \/>\nMo\u017cna w tym pa\u0144stwie prawa<br \/>\nTo na niewinnych<br \/>\nJe\u015bli to jest pod\u0142ug misi\u00f3w<br \/>\nTo nawet trzeba temu przyklasn\u0105\u0107<br \/>\nMimo \u017ce to rozb\u00f3j partykularny<br \/>\nW noc ciemn\u0105 czy te\u017c dzie\u0144 jasny<\/p>\n<p>A misie zreszt\u0105 swoj\u0105 drog\u0105<br \/>\nWszystko jak wcze\u015bniej w temacie<br \/>\nI inni kolaboranci<br \/>\nNa przyk\u0142ad samoch\u00f3d zaparkowany<br \/>\nGdzie parkuj\u0105 wszyscy od zawsze<br \/>\nMo\u017ce si\u0119 nagle okaza\u0107<br \/>\n\u017be ten akurat nielegalnie<br \/>\nI tam inne takie<\/p>\n<p>A \u017cona pewnie mo\u017ce <em>wyparowa\u0107<\/em><br \/>\n\u017be si\u0119 tak wyra\u017c\u0119<br \/>\nCzy st\u0105d czy sk\u0105dkolwiek<br \/>\nPoza tym wszystkim<br \/>\nCo mo\u017cna jej zrobi\u0107 zawsze<br \/>\nTudzie\u017c mi naszemu i naszym<\/p>\n<p><a href=\"http:\/\/hubertpietka.bialystok.pl\/wp-content\/uploads\/2023\/12\/Resized_20231130_174923.jpeg\"><img loading=\"lazy\" decoding=\"async\" class=\"alignnone size-thumbnail wp-image-7683\" src=\"http:\/\/hubertpietka.bialystok.pl\/wp-content\/uploads\/2023\/12\/Resized_20231130_174923-150x150.jpeg\" alt=\"\" width=\"150\" height=\"150\" srcset=\"https:\/\/hubertpietka.bialystok.pl\/wp-content\/uploads\/2023\/12\/Resized_20231130_174923-150x150.jpeg 150w, https:\/\/hubertpietka.bialystok.pl\/wp-content\/uploads\/2023\/12\/Resized_20231130_174923-75x75.jpeg 75w\" sizes=\"auto, (max-width: 150px) 100vw, 150px\" \/><\/a><\/p>\n<p><strong>Na zdj. Lustro eklektyczny<\/strong><br \/>\n<strong> Jak w <em>Srebrnym Krze\u015ble<\/em> Lewisa<\/strong><br \/>\n<strong> A mo\u017ce tam si\u0119 uda \u017conie schowa\u0107<\/strong><br \/>\n<strong> Lubi\u0105 oni r\u00f3\u017cne <em>hocki-klocki<\/em><\/strong><br \/>\n<strong> By co\u015b wygl\u0105da\u0142o jako\u015b pozornie<\/strong><br \/>\n<strong> Gdy czym\u015b zupe\u0142nie innym jest w istocie<\/strong><br \/>\n<strong> Gra pozor\u00f3w to dla niekt\u00f3rych<\/strong><br \/>\n<strong> Forma wyrafinowana specjalnie<\/strong><br \/>\n<strong> Gdy jest k\u0142amstwem sednym setnym<\/strong><br \/>\n<strong> Ur\u0105gaj\u0105cym prawdzie<\/strong><br \/>\n<strong> \u017be ju\u017c nie wspomn\u0119<\/strong><br \/>\n<strong> O mi\u0142osierdziu i takich tam<\/strong><br \/>\n<strong> Od nich odleg\u0142ych bardzo<\/strong><\/p>\n<p style=\"text-align: center;\"><a href=\"https:\/\/youtu.be\/RmuhwTt9E-0?si=Hv_z-jR0Kl5OefHH\"><em><strong>Micha\u0142 So\u0142tan &#8211; Oni zaraz przyjd\u0105 tu \/ Live &#8211; Voice of Poland 14<\/strong><\/em><\/a><\/p>\n","protected":false},"excerpt":{"rendered":"<p>Pozoranci \/ a tamci A mog\u0105 by\u0107 i samos\u0105dy Czy tu czy gdziekolwiek Z przyczyn urojonych mniej bardziej Mo\u017cna w tym pa\u0144stwie prawa To na&hellip; <\/p>\n","protected":false},"author":1,"featured_media":0,"parent":0,"menu_order":0,"comment_status":"closed","ping_status":"closed","template":"","meta":{"footnotes":""},"class_list":["post-7682","page","type-page","status-publish","hentry"],"_links":{"self":[{"href":"https:\/\/hubertpietka.bialystok.pl\/index.php?rest_route=\/wp\/v2\/pages\/7682","targetHints":{"allow":["GET"]}}],"collection":[{"href":"https:\/\/hubertpietka.bialystok.pl\/index.php?rest_route=\/wp\/v2\/pages"}],"about":[{"href":"https:\/\/hubertpietka.bialystok.pl\/index.php?rest_route=\/wp\/v2\/types\/page"}],"author":[{"embeddable":true,"href":"https:\/\/hubertpietka.bialystok.pl\/index.php?rest_route=\/wp\/v2\/users\/1"}],"replies":[{"embeddable":true,"href":"https:\/\/hubertpietka.bialystok.pl\/index.php?rest_route=%2Fwp%2Fv2%2Fcomments&post=7682"}],"version-history":[{"count":2,"href":"https:\/\/hubertpietka.bialystok.pl\/index.php?rest_route=\/wp\/v2\/pages\/7682\/revisions"}],"predecessor-version":[{"id":7685,"href":"https:\/\/hubertpietka.bialystok.pl\/index.php?rest_route=\/wp\/v2\/pages\/7682\/revisions\/7685"}],"wp:attachment":[{"href":"https:\/\/hubertpietka.bialystok.pl\/index.php?rest_route=%2Fwp%2Fv2%2Fmedia&parent=7682"}],"curies":[{"name":"wp","href":"https:\/\/api.w.org\/{rel}","templated":true}]}}