{"id":7695,"date":"2023-12-07T19:10:53","date_gmt":"2023-12-07T19:10:53","guid":{"rendered":"https:\/\/hubertpietka.bialystok.pl\/?page_id=7695"},"modified":"2023-12-07T19:10:53","modified_gmt":"2023-12-07T19:10:53","slug":"modlitwa-a-perfidna-eskalacja-obludy-i-przemocy-ktora-walczy-z-zamyslem-bozym","status":"publish","type":"page","link":"https:\/\/hubertpietka.bialystok.pl\/?page_id=7695","title":{"rendered":"Modlitwa \/ a perfidna eskalacja ob\u0142udy i przemocy \/\/ kt\u00f3ra walczy z zamys\u0142em Bo\u017cym"},"content":{"rendered":"\n<p>Je\u015bli chcesz zanurzy\u0107 si\u0119<br>W prawdziwej mi\u0142o\u015bci<br>Zejd\u017a na dno modlitwy<br>W pokorze czystej<br>I z wol\u0105 prawdziwego dobra<\/p>\n\n\n\n<p>Modlitwa jest te\u017c<br>Jak formatowanie umys\u0142u segmentowanie duszy<br>Poprzez warto\u015bci<br>Szczera modlitwa pozwala te\u017c wyeliminowa\u0107<br>Wirusy duszy<\/p>\n\n\n\n<p>Reset cia\u0142a<br>I odpoczynek stabilny w Panu<br>Prostowanie uczu\u0107<br>By mie\u0107 energi\u0119 do \u017cycia<\/p>\n\n\n\n<figure class=\"wp-block-image size-full\"><a href=\"https:\/\/hubertpietka.bialystok.pl\/wp-content\/uploads\/2023\/12\/Resized_20231206_195532.jpeg\"><img loading=\"lazy\" decoding=\"async\" width=\"756\" height=\"1008\" src=\"https:\/\/hubertpietka.bialystok.pl\/wp-content\/uploads\/2023\/12\/Resized_20231206_195532.jpeg\" alt=\"\" class=\"wp-image-7696\" srcset=\"https:\/\/hubertpietka.bialystok.pl\/wp-content\/uploads\/2023\/12\/Resized_20231206_195532.jpeg 756w, https:\/\/hubertpietka.bialystok.pl\/wp-content\/uploads\/2023\/12\/Resized_20231206_195532-225x300.jpeg 225w\" sizes=\"auto, (max-width: 756px) 100vw, 756px\" \/><\/a><\/figure>\n\n\n\n<p><strong>Na zdj. A Jezus czeka<br>Z otwartymi ramionami\u00a0 zawsze<br>Jak tu na Matk\u0119<br>Ona te\u017c zawsze najlepiej prowadzi<br>By w Nim si\u0119 odnale\u017a\u0107<\/strong><\/p>\n\n\n\n<p>\/<br><em>Mi\u0142o\u015b\u0107 mi\u0142o\u015bci\u0105<br>A ich aktywno\u015b\u0107 ich aktywno\u015bci\u0105<br>Zasadzki ustawki napa\u015bci wkr\u0119canki<br>Lubi\u0105 oni rzeczy takie<br>I im podobni jak tam zreszt\u0105 kolwiek<br>Na pewno w efekcie nastawa\u0144<br>Takich czy innych<br>Czy\u017c nie ma w tym jakiej\u015b<br>Ob\u0142udy i perfidii eskalacji<br>Jak nie skoro pozory<br>Odgrywaj\u0105 tu najwi\u0119ksz\u0105 rol\u0119<\/em><\/p>\n\n\n\n<p><em>To tak po mnie<br>A mo\u017cna i na \u015bmier\u0107<br>No przecie\u017c<br>C\u00f3\u017c tam dla nich<br>A mo\u017cna si\u0119 i w \u015bmierciach czyich\u015b<br>M\u00f3wi\u0105c opatrznie doskonali\u0107<\/em><\/p>\n\n\n\n<p><em>Wynajdywa\u0107 metody<br>Byleby tylko zi\u015bci\u0107 swe zap\u0119dy<br>Czy\u017c nie tak z \u017con\u0105<br>Nami naszymi naszym<br>Oni chyba zasn\u0105\u0107 nie mog\u0105<br>Bez eskalacji te\u017c przemocy<br>Niewa\u017cne ukrytej czy wprost<br>Oni i im podobni<\/em><\/p>\n\n\n\n<p><em>Tak\u017ce *<strong>tego<\/strong>*<br>W tych tematach *<strong>niet\u0119go<\/strong>*<br>Ale u fam \u017ce z Bo\u017c\u0105 pomoc\u0105<br>Przetrzymamy te ataki z\u0142a<br>Ukryte czy wprost<\/em><\/p>\n\n\n\n<p><em>A ja wiernie z moim w Bogu trwaniem<br>Na pewno zrobi\u0119 co trzeba<br>Reszt\u0119 B\u00f3g zrobi<\/em><\/p>\n\n\n\n<p><em>Bo eskalacje r\u00f3\u017cne<br>Przemocy i ob\u0142udy perfidnej pod\u0142ej<br>Ur\u0105gaj\u0105 Bo\u017cym zamys\u0142om<br>\u017bycia w pokoju dzieci Bo\u017cych<\/em><\/p>\n\n\n\n<p><\/p>\n\n\n\n<p><\/p>\n\n\n\n<p><\/p>\n\n\n\n<p><\/p>\n\n\n\n<p><\/p>\n\n\n\n<p><\/p>\n\n\n\n<p><\/p>\n\n\n\n<p><\/p>\n\n\n\n<p><\/p>\n\n\n\n<p><\/p>\n","protected":false},"excerpt":{"rendered":"<p>Je\u015bli chcesz zanurzy\u0107 si\u0119W prawdziwej mi\u0142o\u015bciZejd\u017a na dno modlitwyW pokorze czystejI z wol\u0105 prawdziwego dobra Modlitwa jest te\u017cJak formatowanie umys\u0142u segmentowanie duszyPoprzez warto\u015bciSzczera modlitwa pozwala&hellip; <\/p>\n","protected":false},"author":1,"featured_media":0,"parent":0,"menu_order":0,"comment_status":"closed","ping_status":"closed","template":"","meta":{"footnotes":""},"class_list":["post-7695","page","type-page","status-publish","hentry"],"_links":{"self":[{"href":"https:\/\/hubertpietka.bialystok.pl\/index.php?rest_route=\/wp\/v2\/pages\/7695","targetHints":{"allow":["GET"]}}],"collection":[{"href":"https:\/\/hubertpietka.bialystok.pl\/index.php?rest_route=\/wp\/v2\/pages"}],"about":[{"href":"https:\/\/hubertpietka.bialystok.pl\/index.php?rest_route=\/wp\/v2\/types\/page"}],"author":[{"embeddable":true,"href":"https:\/\/hubertpietka.bialystok.pl\/index.php?rest_route=\/wp\/v2\/users\/1"}],"replies":[{"embeddable":true,"href":"https:\/\/hubertpietka.bialystok.pl\/index.php?rest_route=%2Fwp%2Fv2%2Fcomments&post=7695"}],"version-history":[{"count":1,"href":"https:\/\/hubertpietka.bialystok.pl\/index.php?rest_route=\/wp\/v2\/pages\/7695\/revisions"}],"predecessor-version":[{"id":7697,"href":"https:\/\/hubertpietka.bialystok.pl\/index.php?rest_route=\/wp\/v2\/pages\/7695\/revisions\/7697"}],"wp:attachment":[{"href":"https:\/\/hubertpietka.bialystok.pl\/index.php?rest_route=%2Fwp%2Fv2%2Fmedia&parent=7695"}],"curies":[{"name":"wp","href":"https:\/\/api.w.org\/{rel}","templated":true}]}}