{"id":7716,"date":"2023-12-16T23:31:19","date_gmt":"2023-12-16T23:31:19","guid":{"rendered":"https:\/\/hubertpietka.bialystok.pl\/?page_id=7716"},"modified":"2023-12-16T23:31:19","modified_gmt":"2023-12-16T23:31:19","slug":"zbrodnie-wyrafinowane-a-co-tam-dla-nich","status":"publish","type":"page","link":"https:\/\/hubertpietka.bialystok.pl\/?page_id=7716","title":{"rendered":"Zbrodnie wyrafinowane \/ a co tam dla nich"},"content":{"rendered":"\n<p>Lubi\u0105 chyba oni takie tam r\u00f3\u017cne<br>Wyrafinowane zbrodnie<br>B\u00f3g da\u0142 mi to pozna\u0107<br>Dzi\u0119ki&#8230; kotu<br>Kiedy by\u0142em na *<strong>tej osi<\/strong>*<br>\u017be chc\u0105 zabra\u0107 telefon \u017conie<br>\u0141apk\u0105 go nakry\u0142<br>I w ten spos\u00f3b i kolejny inaczej<br>Do \u015bmierci j\u0105 doprowadzi\u0107<br>Bym nie mia\u0142 z ni\u0105 \u017cadnego kontaktu<br>Bardzo perfidne i wyrafinowane<br>Trzeba to przyzna\u0107 zdecydowanie<\/p>\n\n\n\n<p>A teraz z tym kotem<br>Powinien by\u0107 zapewne oskar\u017cony<br>\u017be nam s\u0142u\u017cy<br>A i wszystkie ptaki<br>Tak przy okazji<br>\u017be ostrzegaj\u0105 mnie<br>O ich r\u00f3\u017cnych z\u0142ych zamiarach<br>Lubi\u0105 chyba takie rzeczy oni<br>Kot ptaki na \u0142awie oskar\u017conych<br>Tylko czy dadz\u0105 im si\u0119 broni\u0107 jako\u015b<br>Czy sfabrykowane wyroki jednak zapadn\u0105<br>Co z tego \u017ce to B\u00f3g przecie\u017c<br>Im takie role wyznaczy\u0142<br>Zabi\u0107 bo s\u0142u\u017c\u0105 nam<br>A \u017ce przy okazji<br>\u015awiat si\u0119 sko\u0144czy<br>To co tam dla nich<br>Oni lepiej ni\u017c B\u00f3g wiedz\u0105<br>A z \u017con\u0105 w taki czy inny<br>Spos\u00f3b wyrafinowany i perfidny<br>To na pewno B\u00f3g odpowie<br>I ze mn\u0105 przy okazji<br>Bo oni przecie\u017c nie uznaj\u0105<br>\u015awi\u0119to\u015bci \u017cadnych<br>Ciekawe co na to i Pan B\u00f3g<\/p>\n\n\n\n<figure class=\"wp-block-image size-full is-resized\"><a href=\"https:\/\/hubertpietka.bialystok.pl\/wp-content\/uploads\/2023\/12\/Resized_20231216_113004.jpeg\"><img loading=\"lazy\" decoding=\"async\" width=\"756\" height=\"1008\" src=\"https:\/\/hubertpietka.bialystok.pl\/wp-content\/uploads\/2023\/12\/Resized_20231216_113004.jpeg\" alt=\"\" class=\"wp-image-7717\" style=\"width:267px;height:auto\" srcset=\"https:\/\/hubertpietka.bialystok.pl\/wp-content\/uploads\/2023\/12\/Resized_20231216_113004.jpeg 756w, https:\/\/hubertpietka.bialystok.pl\/wp-content\/uploads\/2023\/12\/Resized_20231216_113004-225x300.jpeg 225w\" sizes=\"auto, (max-width: 756px) 100vw, 756px\" \/><\/a><\/figure>\n\n\n\n<p><em>Na zdj. *<strong>H<\/strong>* w Maryj\u0119 wpisane<br>A Maryja liter\u0119 *<strong>A<\/strong>* tworzy<br>Kt\u00f3ra si\u0119 wpisuje w *<strong>H<\/strong>*<br>I tak ma by\u0107 zawsze<br>Inaczej B\u00f3g odpowie<br>Bo s\u0105 wo\u0142aj\u0105ce do nieba<br>O pomst\u0119 zbrodnie<br>A ja tu zostaj\u0119<br>Moje miejsce przy \u017conie<\/em><br><em>Mimo ich d\u0105\u017ce\u0144 raczej pod\u0142ych<\/em><\/p>\n\n\n\n<p>\/<\/p>\n\n\n\n<p class=\"has-text-align-right\"><a href=\"https:\/\/youtu.be\/RCcQ3D-LGLU?si=iGigfGqlEHHed_co\">Pytasz mnie &#8211; Adam i Wojciech Kaczmarek<\/a> <\/p>\n","protected":false},"excerpt":{"rendered":"<p>Lubi\u0105 chyba oni takie tam r\u00f3\u017cneWyrafinowane zbrodnieB\u00f3g da\u0142 mi to pozna\u0107Dzi\u0119ki&#8230; kotuKiedy by\u0142em na *tej osi*\u017be chc\u0105 zabra\u0107 telefon \u017conie\u0141apk\u0105 go nakry\u0142I w ten spos\u00f3b&hellip; <\/p>\n","protected":false},"author":1,"featured_media":0,"parent":0,"menu_order":0,"comment_status":"closed","ping_status":"closed","template":"","meta":{"footnotes":""},"class_list":["post-7716","page","type-page","status-publish","hentry"],"_links":{"self":[{"href":"https:\/\/hubertpietka.bialystok.pl\/index.php?rest_route=\/wp\/v2\/pages\/7716","targetHints":{"allow":["GET"]}}],"collection":[{"href":"https:\/\/hubertpietka.bialystok.pl\/index.php?rest_route=\/wp\/v2\/pages"}],"about":[{"href":"https:\/\/hubertpietka.bialystok.pl\/index.php?rest_route=\/wp\/v2\/types\/page"}],"author":[{"embeddable":true,"href":"https:\/\/hubertpietka.bialystok.pl\/index.php?rest_route=\/wp\/v2\/users\/1"}],"replies":[{"embeddable":true,"href":"https:\/\/hubertpietka.bialystok.pl\/index.php?rest_route=%2Fwp%2Fv2%2Fcomments&post=7716"}],"version-history":[{"count":1,"href":"https:\/\/hubertpietka.bialystok.pl\/index.php?rest_route=\/wp\/v2\/pages\/7716\/revisions"}],"predecessor-version":[{"id":7718,"href":"https:\/\/hubertpietka.bialystok.pl\/index.php?rest_route=\/wp\/v2\/pages\/7716\/revisions\/7718"}],"wp:attachment":[{"href":"https:\/\/hubertpietka.bialystok.pl\/index.php?rest_route=%2Fwp%2Fv2%2Fmedia&parent=7716"}],"curies":[{"name":"wp","href":"https:\/\/api.w.org\/{rel}","templated":true}]}}