{"id":7729,"date":"2023-12-17T13:41:04","date_gmt":"2023-12-17T13:41:04","guid":{"rendered":"https:\/\/hubertpietka.bialystok.pl\/?page_id=7729"},"modified":"2023-12-17T13:41:04","modified_gmt":"2023-12-17T13:41:04","slug":"przypadkowe-przypadki-czy-jednak-klamstwa-do-kwadratu","status":"publish","type":"page","link":"https:\/\/hubertpietka.bialystok.pl\/?page_id=7729","title":{"rendered":"Przypadkowe przypadki \/ czy jednak k\u0142amstwa do kwadratu"},"content":{"rendered":"\n<p>A najlepiej perfidnie i bezczelnie<br>A jeszcze mo\u017ce by\u0107 te\u017c<br>Niby przypadkowo<br><em>Przypadkiem przypadkowym<\/em><\/p>\n\n\n\n<p><em>Przypadkiem przypadkowym<\/em><br>Na spacerze ten pies<br>Mo\u017ce by\u0107 poszarpany<br>Przez innego biegaj\u0105cego luzem<br><em>Przypadkiem przypadkowym<\/em> oczywi\u015bcie<\/p>\n\n\n\n<p><em>Przypadkiem przypadkowym<\/em><br>Mo\u017ce co\u015b si\u0119 sta\u0107 \u017conie<br>Cho\u0107by przez s\u0105dowe n\u0119kania<br><em>Przypadkiem przypadkowym<\/em><br>Czy jednak perfidnie na tak zwanego chama<br>Szczeg\u00f3lnie jak nie ma telefonu<br>I jak mnie nie ma przy niej<br>Jakkolwiek i z kimkolwiek<br>A raczej w czyimkolwiek zasi\u0119gu jest ona<br>W takim czy innym sensie<\/p>\n\n\n\n<p><em>Przypadkiem przypadkowym<\/em><br>Co\u015b si\u0119 sta\u0107 mo\u017ce<br>I z naszymi samochodami<br><em>Przypadkiem przypadkowym<\/em><br>Czyhaj\u0105 na to ju\u017c od do\u015b\u0107 dawna<br>W taki czy inny spos\u00f3b<br><em>Przypadkiem przypadkowym<\/em><\/p>\n\n\n\n<p><em>Przypadkiem przypadkowym<\/em><br>Co\u015b si\u0119 mo\u017ce sta\u0107 z tym mieszkaniem<br>I z tym domem naszym<br>\u017be o wi\u0105zkach gazu<br>Jak s\u0142upy laser\u00f3w niewidocznych<br>To ju\u017c nawet nie wspomn\u0119<br>Nie tylko tutaj<br>Przecie\u017c mog\u0105 je wsz\u0119dzie instalowa\u0107<br>I wtedy \u015bmier\u0107 b\u0119dzie wygl\u0105da\u0142a<br>Jakby <em>przypadkiem przypadkowa<\/em><\/p>\n\n\n\n<p>I z tym kotem<br>Zapewne podobnie <em>przypadkiem przypadkowym<\/em><br>I ze mn\u0105 gdzie\u015b mo\u017ce<br>A jak\u017ce<br>I z naszymi wszystkim naszym<br><em>Przypadkiem przypadkowym<\/em><br>Czy jednak perfidnie bezczelnie i na hama<\/p>\n\n\n\n<p>Jak to jest<br>K\u0142amstwo kwadratowe<br>Iluzoryczna mistyfikacja<br>Czy przypadki<br>Ku z\u0142u niew\u0105tpliwie dla nas<\/p>\n\n\n\n<p>A my\u015bl\u0119 \u017ce na \u0142awie tych oskar\u017conych<br>Powinien zasi\u0105\u015b\u0107 kot i ptaki<br>Bo one nam dopowiadaj\u0105<br>Wed\u0142ug Bo\u017cych zamys\u0142\u00f3w<br>Mo\u017ce na oskar\u017cenia odpowiedz\u0105<br>Przytakn\u0105 wzrokiem lub zastrzyg\u0105 uszami<br>Przyzna\u0107 si\u0119 przecie\u017c powinny<br>\u017be ze mn\u0105 wsp\u00f3\u0142dzia\u0142aj\u0105<br>I id\u0105c dalej<br>B\u00f3g powinien zasi\u0105\u015b\u0107 na tej \u0142awie oskar\u017conych<br>I to znowu<br>Mia\u0142o ju\u017c to precedens przecie\u017c<br>Za to \u017ce wyrzuca\u0142 ob\u0142ud\u0119<br>R\u00f3\u017cnym takim faryzeuszom<\/p>\n\n\n\n<p>Dzi\u015b \u015bw. \u0141azarza<br>S\u0142owo to nasuwa skojarzenie n\u0119dzarzy<br>Jego siostra *<strong>Mar-ta<\/strong>* i *<strong>Mar-ja<\/strong>*<br>Ach *<strong>u-mar-li<\/strong>* maj\u0105 by\u0107<br>*<strong>Ja i ona<\/strong>* i inni zapewne tak\u017ce<br>Wed\u0142ug ich z\u0142owrogich zap\u0119d\u00f3w<br>Ach jak lubi\u0105 to oni<br>Te szarady s\u0142owne<br>Bynajmniej nie ku dobru<\/p>\n\n\n\n<p>A wy wszyscy kt\u00f3rzy my\u015blicie<br>\u017be w dostatkach mo\u017cna trzeba<br>Pok\u0142ada\u0107 ufno\u015b\u0107<br>Wam bogaczom Jezus powiedzia\u0142<br>Przypowie\u015b\u0107 w\u0142a\u015bnie tak\u0105<br>O bogaczu i n\u0119dzarzu<br>I powiedzia\u0142 te\u017c gdzie indziej B\u00f3g<br>\u017be <em>biedni kt\u00f3rzy w dostatkach<br>Pok\u0142adaj\u0105 ufno\u015b\u0107<\/em><\/p>\n\n\n\n<p>Bogaci te\u017c przemoc\u0105 by\u0107 mog\u0105<br>W ni\u0105 te\u017c zasobni<br><em>Przypadkiem przypadkowym<\/em> przecie\u017c<br>Tak pi\u0119kna elita ma tu zawita\u0107<br>Czy dorwa\u0107 mnie gdziekolwiek b\u0105d\u017a<br>Tak pi\u0119kna doskona\u0142a cudowna<br>Kt\u00f3ra ufno\u015b\u0107 pok\u0142ada w sobie<br>I im podobnym<br><em>Przypadkiem przypadkowym<\/em><br>Taka czy inna pi\u0119kna elita<br>Czy jednak k\u0142amstwa mistyfikacji<br>Byleby tylko mnie nas dorwa\u0107<br>Spe\u0142ni\u0107 swe z\u0142owrogie zap\u0119dy<br>W taki czy inny spos\u00f3b<\/p>\n\n\n\n<p>Ufno\u015b\u0107 pok\u0142adaj\u0105 w bogactwie przemocy<br>A maj\u0105 oni du\u017co \u015brodk\u00f3w<br>Tak zwanego przymusu bezpo\u015bredniego<br>Zapewne nie zawahaj\u0105 si\u0119 i ich u\u017cy\u0107<br>Odpowiednich w zale\u017cno\u015bci od kontekstu<br>W tym s\u0105 dobrzy<br>W doborze <em>przypadk\u00f3w przypadkowych<\/em><br>W zale\u017cno\u015bci od kontekstu<\/p>\n\n\n\n<p>A ci n\u0119dzarze by\u0107 maj\u0105<br>Pod Bo\u017c\u0105 opiek\u0105<br>A zapomnia\u0142em<br>B\u00f3g na \u0142awie oskar\u017conych przecie\u017c<br>Jednak ka\u017cda niesprawiedliwo\u015b\u0107 ra\u017c\u0105ca zmys\u0142y i rozum<br>W pe\u0142ni odpowie przed Nim<br>A ja te\u017c nie b\u0119d\u0119 patrzy\u0142 spokojnie<br>Na r\u00f3\u017cne ich ju\u017c nawet dot\u0105d zbrodnie<\/p>\n\n\n\n<figure class=\"wp-block-image size-large is-resized\"><a href=\"https:\/\/hubertpietka.bialystok.pl\/wp-content\/uploads\/2023\/12\/20231217_133425-scaled.jpg\"><img loading=\"lazy\" decoding=\"async\" width=\"1024\" height=\"768\" src=\"https:\/\/hubertpietka.bialystok.pl\/wp-content\/uploads\/2023\/12\/20231217_133425-1024x768.jpg\" alt=\"\" class=\"wp-image-7730\" style=\"width:253px;height:auto\" srcset=\"https:\/\/hubertpietka.bialystok.pl\/wp-content\/uploads\/2023\/12\/20231217_133425-1024x768.jpg 1024w, https:\/\/hubertpietka.bialystok.pl\/wp-content\/uploads\/2023\/12\/20231217_133425-300x225.jpg 300w, https:\/\/hubertpietka.bialystok.pl\/wp-content\/uploads\/2023\/12\/20231217_133425-768x576.jpg 768w, https:\/\/hubertpietka.bialystok.pl\/wp-content\/uploads\/2023\/12\/20231217_133425-1536x1152.jpg 1536w, https:\/\/hubertpietka.bialystok.pl\/wp-content\/uploads\/2023\/12\/20231217_133425-2048x1536.jpg 2048w\" sizes=\"auto, (max-width: 1024px) 100vw, 1024px\" \/><\/a><\/figure>\n\n\n\n<p><strong>Na zdj. <em>Napalono w kominku<\/em> choinka wystrojona<br>Pod choink\u0105 telefon \u017cony<br>Ciekawe tylko czy dadz\u0105<br>Nam do \u015bwi\u0105t doczeka\u0107<br>Tak pi\u0119kna elita<\/strong><\/p>\n\n\n\n<p><strong>Z tym wszystkim<br>Gdyby mia\u0142o by\u0107 inaczej<br>To B\u00f3g nie rodzi\u0142by si\u0119<br>W stajence ubogiej<br>Tylko w pa\u0142acu Heroda<br>Nawiasem m\u00f3wi\u0105c<br>Kt\u00f3ry nie Niego te\u017c czyha\u0142<br>I innych niewinnych<br>Pogactwo by\u0142oby podniesione u Boga<br>A nie niewinno\u015b\u0107 i prostota<\/strong><\/p>\n\n\n\n<p><strong>Ale oni przecie\u017c lepiej wiedz\u0105<br>\u017be B\u00f3g si\u0119 pomyli\u0142<br>Jest On przecie\u017c te\u017c na \u0142awie oskar\u017conych<br>Z nami i tymi zwierz\u0119tami<br>Chcecie to \u015bwiat si\u0119 sko\u0144czy<br>Prosz\u0119 bardzo<br>Mnie a\u017c tak bardzo<br>Na tym wszystkim nie zale\u017cy<\/strong><\/p>\n\n\n\n<p><strong>Misterne k\u0142amstwa mistyfikacji<br>Ob\u0142uda pod\u0142a<br>Ju\u017c g\u0142o\u015bno krzycz\u0105 do Boga<br>Nie m\u00f3wi\u0105c o r\u00f3\u017cnych zbrodniach<br>Ja wiem gdzie b\u0119d\u0119<br>A wy wiecie<br>Macie tego w Bogu pewno\u015b\u0107<\/strong><\/p>\n","protected":false},"excerpt":{"rendered":"<p>A najlepiej perfidnie i bezczelnieA jeszcze mo\u017ce by\u0107 te\u017cNiby przypadkowoPrzypadkiem przypadkowym Przypadkiem przypadkowymNa spacerze ten piesMo\u017ce by\u0107 poszarpanyPrzez innego biegaj\u0105cego luzemPrzypadkiem przypadkowym oczywi\u015bcie Przypadkiem przypadkowymMo\u017ce&hellip; <\/p>\n","protected":false},"author":1,"featured_media":0,"parent":0,"menu_order":0,"comment_status":"closed","ping_status":"closed","template":"","meta":{"footnotes":""},"class_list":["post-7729","page","type-page","status-publish","hentry"],"_links":{"self":[{"href":"https:\/\/hubertpietka.bialystok.pl\/index.php?rest_route=\/wp\/v2\/pages\/7729","targetHints":{"allow":["GET"]}}],"collection":[{"href":"https:\/\/hubertpietka.bialystok.pl\/index.php?rest_route=\/wp\/v2\/pages"}],"about":[{"href":"https:\/\/hubertpietka.bialystok.pl\/index.php?rest_route=\/wp\/v2\/types\/page"}],"author":[{"embeddable":true,"href":"https:\/\/hubertpietka.bialystok.pl\/index.php?rest_route=\/wp\/v2\/users\/1"}],"replies":[{"embeddable":true,"href":"https:\/\/hubertpietka.bialystok.pl\/index.php?rest_route=%2Fwp%2Fv2%2Fcomments&post=7729"}],"version-history":[{"count":1,"href":"https:\/\/hubertpietka.bialystok.pl\/index.php?rest_route=\/wp\/v2\/pages\/7729\/revisions"}],"predecessor-version":[{"id":7731,"href":"https:\/\/hubertpietka.bialystok.pl\/index.php?rest_route=\/wp\/v2\/pages\/7729\/revisions\/7731"}],"wp:attachment":[{"href":"https:\/\/hubertpietka.bialystok.pl\/index.php?rest_route=%2Fwp%2Fv2%2Fmedia&parent=7729"}],"curies":[{"name":"wp","href":"https:\/\/api.w.org\/{rel}","templated":true}]}}