{"id":773,"date":"2017-08-25T10:14:20","date_gmt":"2017-08-25T10:14:20","guid":{"rendered":"http:\/\/hubertpietka.bialystok.pl\/?page_id=773"},"modified":"2017-08-25T10:14:20","modified_gmt":"2017-08-25T10:14:20","slug":"czytanka-hubalowa","status":"publish","type":"page","link":"https:\/\/hubertpietka.bialystok.pl\/?page_id=773","title":{"rendered":"Czytanka Hubalowa"},"content":{"rendered":"<p style=\"text-align: center;\"><strong><em><u>Czytanka Hubalowa<\/u><\/em><\/strong><\/p>\n<p>&nbsp;<\/p>\n<ol>\n<li><strong> Czytanie<\/strong><\/li>\n<\/ol>\n<p><strong><em>Pos\u0142usze\u0144stwo s\u0142ugi Pana<\/em><\/strong><\/p>\n<p>Wszechmog\u0105cy Pan da\u0142 mi j\u0119zyk ludzi uczonych, abym umia\u0142 spracowanemu odpowiedzie\u0107 mi\u0142ym s\u0142owem, ka\u017cdego ranka budzi moje ucho, abym s\u0142ucha\u0142 jak ci, kt\u00f3rzy si\u0119 ucz\u0105.<\/p>\n<p>Wszechmog\u0105cy Pan otworzy\u0142 moje ucho, a ja si\u0119 nie sprzeciwi\u0142em ani si\u0119 nie cofn\u0105\u0142em.<\/p>\n<p>M\u00f3j grzbiet nadstawia\u0142em tym, kt\u00f3rzy bij\u0105, a moje policzki tym, kt\u00f3rzy mi wyrywaj\u0105 brod\u0119; mojej twarzy nie zas\u0142ania\u0142em przed obelgami i pluciem.<\/p>\n<p>Lecz Wszechmog\u0105cy Pan pomaga mi, dlatego nie zosta\u0142em zha\u0144biony, dlatego uczyni\u0142em moj\u0105 twarz tward\u0105 jak krzemie\u0144; wiedzia\u0142em bowiem, \u017ce nie b\u0119d\u0119 zawstydzony.<\/p>\n<p>Bliski jest Ten, kt\u00f3ry mi przyzna s\u0142uszno\u015b\u0107, wi\u0119c kto o\u015bmieli si\u0119 spiera\u0107 si\u0119 ze mn\u0105? Sta\u0144my razem do rozprawy! Kto chce si\u0119 ze mn\u0105 prawowa\u0107, niech si\u0119 zbli\u017cy do mnie!<\/p>\n<p>Oto Wszechmocny Pan pomaga mi, kto mnie pot\u0119pi? Zaprawd\u0119, wszyscy oni zwiotczej\u0105 jak suknia, m\u00f3l ich stoczy.<\/p>\n<p>Kto w\u015br\u00f3d was boi si\u0119 Pana, niech s\u0142ucha g\u0142osu jego s\u0142ugi. Kto chodzi w ciemno\u015bci i nie ja\u015bnieje mu promie\u0144 \u015bwiat\u0142a, ten niech zaufa imieniu Pana i niech polega na swoim Bogu!<\/p>\n<p>Oto wy wszyscy, kt\u00f3rzy rozniecacie ogie\u0144 i zapalacie strza\u0142y ogniste, wejdziecie w \u017car waszego ognia i na strza\u0142y ogniste, kt\u00f3re zapalili\u015bcie. Spotka was to z mojej r\u0119ki, b\u0119dziecie le\u017ce\u0107 na miejscu ka\u017ani.<\/p>\n<p style=\"text-align: right;\">[Iz 50, 4-11]<\/p>\n<p>&nbsp;<\/p>\n<ol start=\"2\">\n<li><strong> <em>Psalm 35<\/em><\/strong><\/li>\n<\/ol>\n<p><strong><em>Modlitwa o pomoc przeciw niewdzi\u0119cznikom<\/em><\/strong><\/p>\n<p><strong><em>Dawidowy.<\/em><\/strong><\/p>\n<p>Rozpraw si\u0119, Panie, z przeciwnikami moimi, Walcz z tymi, kt\u00f3rzy walcz\u0105 ze mn\u0105!<\/p>\n<p>Chwy\u0107 tarcz\u0119 i puklerz i powsta\u0144 mi na pomoc!<\/p>\n<p>Dob\u0105d\u017a w\u0142\u00f3czni i zagrod\u017a drog\u0119 prze\u015bladowcom moim, Powiedz duszy mojej: Jam zbawieniem twoim!<\/p>\n<p>Niech okryj\u0105 si\u0119 wstydem i ha\u0144b\u0105 Ci, kt\u00f3rzy nastaj\u0105 na \u017cycie moje! Niech cofn\u0105 si\u0119 i zawstydz\u0105 Ci, kt\u00f3rzy my\u015bl\u0105 o zgubie mojej!<\/p>\n<p>Niech b\u0119d\u0105 jak plewa na wietrze I anio\u0142 Pa\u0144ski niech ich rozproszy!<\/p>\n<p>Niech droga ich b\u0119dzie ciemna i \u015bliska I anio\u0142 Pa\u0144ski niech ich \u015bciga!<\/p>\n<p>Gdy\u017c bez przyczyny zastawili na mnie zgubne sid\u0142a swoje, Bez przyczyny wykopali dla mnie d\u00f3\u0142.<\/p>\n<p>Niechaj spadnie na niego niespodzianie zguba! Niech z\u0142owi si\u0119 w sid\u0142a, kt\u00f3re zastawia\u0142! Niechaj w nie wpadnie i zginie!<\/p>\n<p>Wtedy dusza moja b\u0119dzie weseli\u0107 si\u0119 w Panu, B\u0119dzie radowa\u0107 si\u0119 ze zbawienia jego.<\/p>\n<p>Wszystkie ko\u015bci moje powiedz\u0105: Panie, kt\u00f3\u017c jest tobie r\u00f3wny? Ratujesz ubogiego przed silniejszym, A ubogiego i biednego przed \u0142upie\u017cc\u0105 jego.<\/p>\n<p>Powstaj\u0105 z\u0142o\u015bliwi \u015bwiadkowie, Pytaj\u0105 mnie o to, czego nie wiem.<\/p>\n<p>Odp\u0142acaj\u0105 mi z\u0142em za dobre; Jestem opuszczony.<\/p>\n<p>Lecz ja, gdy oni byli chorzy, przywdziewa\u0142em w\u00f3r, Umartwia\u0142em si\u0119 postem I modlitwa moja wraca\u0142a mi na usta.<\/p>\n<p>Post\u0119powa\u0142em jak przyjaciel, jak brat; Jak op\u0142akuj\u0105cy matk\u0119, chyli\u0142em si\u0119 w \u017ca\u0142obie.<\/p>\n<p>Lecz kiedy si\u0119 potykam, oni ciesz\u0105 si\u0119, I zbieraj\u0105 si\u0119 przeciw mnie, niegodziwcy, zbieraj\u0105 si\u0119 potajemnie, Szarpi\u0105 mnie nieustannie.<\/p>\n<p>Jak ob\u0142udnicy wy\u015bmiewaj\u0105 si\u0119, Zgrzytaj\u0105 na mnie z\u0119bami swymi.<\/p>\n<p>Panie, jak d\u0142ugo na to patrze\u0107 b\u0119dziesz? Wyzw\u00f3l dusz\u0119 moj\u0105 od tych, co rycz\u0105, Ocal \u017cycie moje od tych lw\u00f3w!<\/p>\n<p>Wys\u0142awia\u0107 ci\u0119 b\u0119d\u0119 w wielkim zgromadzeniu, Wobec licznego ludu chwali\u0107 ci\u0119 b\u0119d\u0119.<\/p>\n<p>Niech moi przewrotni wrogowie nie raduj\u0105 si\u0119 z mojego powodu, Niech nie spogl\u0105daj\u0105 szyderczo ci, co nienawidz\u0105 mnie bez przyczyny!<\/p>\n<p>Nie m\u00f3wi\u0105 bowiem o pokoju, Lecz przeciw spokojnym w kraju zmy\u015blaj\u0105 fa\u0142szywe s\u0142owa.<\/p>\n<p>Rozwieraj\u0105 na mnie usta swoje, M\u00f3wi\u0105c: Ha! Ha! Nasze oczy to widzia\u0142y.<\/p>\n<p>Widzia\u0142e\u015b to, Panie! Nie milcz! Panie! Nie oddalaj si\u0119 ode mnie!<\/p>\n<p>Ocknij i obud\u017a si\u0119 ku mojej obronie, Bo\u017ce i Panie m\u00f3j, by prowadzi\u0107 spraw\u0119 moj\u0105!<\/p>\n<p>S\u0105d\u017a mnie wed\u0142ug sprawiedliwo\u015bci swojej, Panie, Bo\u017ce m\u00f3j! Niech si\u0119 nie \u015bmiej\u0105 z mojego powodu!<\/p>\n<p>Niech nie m\u00f3wi\u0105 w sercu swoim: Ach, oto czego pragn\u0119li\u015bmy! Niech nie m\u00f3wi\u0105: Poch\u0142on\u0119li\u015bmy go.<\/p>\n<p>Niech zarumieni\u0105 si\u0119 ze wstydu wszyscy, Kt\u00f3rzy ciesz\u0105 si\u0119 z nieszcz\u0119\u015bcia mego! Niech okryj\u0105 si\u0119 wstydem i ha\u0144b\u0105 Ci, kt\u00f3rzy wynosz\u0105 si\u0119 nade mnie!<\/p>\n<p>Niech raduj\u0105 si\u0119 i wesel\u0105 Ci, kt\u00f3rzy pragn\u0105 uniewinnienia mojego! Niechaj m\u00f3wi\u0105 nieustannie: Wielki jest Pan, kt\u00f3ry pragnie pokoju s\u0142ugi swego!<\/p>\n<p>Wtedy j\u0119zyk m\u00f3j b\u0119dzie opowiada\u0142 sprawiedliwo\u015b\u0107 twoj\u0105, Przez ca\u0142y dzie\u0144 g\u0142osi\u0142 chwa\u0142\u0119 twoj\u0105.<\/p>\n<p style=\"text-align: right;\">[Ps 35, 1-28]<\/p>\n<p>&nbsp;<\/p>\n<ol start=\"3\">\n<li><strong> Czytanie<\/strong><\/li>\n<\/ol>\n<p><strong><em>\u2026lecz [Pan] mi powiedzia\u0142: <\/em><\/strong><\/p>\n<p><strong><em>\u00abWystarczy ci mojej \u0142aski. Moc bowiem w s\u0142abo\u015bci si\u0119 doskonali\u00bb. Najch\u0119tniej wi\u0119c b\u0119d\u0119 si\u0119 chlubi\u0142 z moich s\u0142abo\u015bci, aby zamieszka\u0142a we mnie moc Chrystusa. [2 Kor 12, 9]<\/em><\/strong><\/p>\n<p>Jeszcze raz m\u00f3wi\u0119: niech mnie nikt nie uwa\u017ca za szale\u0144ca, a je\u017celi ju\u017c tak, to przyjmijcie mnie nawet jako szale\u0144ca, abym i ja m\u00f3g\u0142 si\u0119 nieco pochlubi\u0107. To, co powiem, nie wed\u0142ug Pana powiem, lecz jakby w szale\u0144stwie, maj\u0105c rzekomy pow\u00f3d do chluby. Poniewa\u017c wielu chlubi si\u0119 wed\u0142ug cia\u0142a &#8211; i ja b\u0119d\u0119 si\u0119 chlubi\u0142. Ch\u0119tnie przecie\u017c znosicie g\u0142upc\u00f3w, sami b\u0119d\u0105c m\u0105drymi. Znosicie to, \u017ce was kto\u015b bierze w niewol\u0119, \u017ce was objada, wyzyskuje, \u017ce was z g\u00f3ry traktuje, \u017ce was policzkuje. M\u00f3wi\u0119 to ku waszemu zawstydzeniu, tak jakbym chcia\u0142 okaza\u0107 moj\u0105 pod tym wzgl\u0119dem s\u0142abo\u015b\u0107. Je\u017celi inni zdobywaj\u0105 si\u0119 na odwag\u0119 &#8211; m\u00f3wi\u0119 jak szalony &#8211; to i ja si\u0119 odwa\u017cam. Hebrajczykami s\u0105? Ja tak\u017ce. Izraelitami s\u0105? Ja r\u00f3wnie\u017c. Potomstwem Abrahama? I ja. S\u0105 s\u0142ugami Chrystusa? Zdob\u0119d\u0119 si\u0119 na szale\u0144stwo: Ja jeszcze bardziej! Bardziej przez trudy, bardziej przez wi\u0119zienia; daleko bardziej przez ch\u0142osty, przez cz\u0119ste niebezpiecze\u0144stwa \u015bmierci. Przez \u017byd\u00f3w pi\u0119ciokrotnie by\u0142em bity po czterdzie\u015bci raz\u00f3w bez jednego. Trzy razy by\u0142em sieczony r\u00f3zgami, raz kamienowany, trzykrotnie by\u0142em rozbitkiem na morzu, przez dzie\u0144 i noc przebywa\u0142em na g\u0142\u0119binie morskiej. Cz\u0119sto w podr\u00f3\u017cach, w niebezpiecze\u0144stwach na rzekach, w niebezpiecze\u0144stwach od zb\u00f3jc\u00f3w, w niebezpiecze\u0144stwach od w\u0142asnego narodu, w niebezpiecze\u0144stwach od pogan, w niebezpiecze\u0144stwach w mie\u015bcie, w niebezpiecze\u0144stwach na pustkowiu, w niebezpiecze\u0144stwach na morzu, w niebezpiecze\u0144stwach od fa\u0142szywych braci; w pracy i um\u0119czeniu, cz\u0119sto na czuwaniu, w g\u0142odzie i pragnieniu, w licznych postach, w zimnie i nago\u015bci, nie m\u00f3wi\u0105c ju\u017c o mojej codziennej udr\u0119ce p\u0142yn\u0105cej z troski o wszystkie Ko\u015bcio\u0142y. Kt\u00f3\u017c odczuwa s\u0142abo\u015b\u0107, bym i ja nie czu\u0142 si\u0119 s\u0142abym? Kt\u00f3\u017c doznaje zgorszenia, \u017cebym i ja nie p\u0142on\u0105\u0142? Je\u017celi ju\u017c trzeba si\u0119 chlubi\u0107, b\u0119d\u0119 si\u0119 chlubi\u0142 z moich s\u0142abo\u015bci. B\u00f3g i Ojciec Pana naszego Jezusa Chrystusa, Ten, kt\u00f3ry jest b\u0142ogos\u0142awiony na wieki, wie, \u017ce nie k\u0142ami\u0119, W Damaszku namiestnik kr\u00f3la Aretasa rozkaza\u0142 pilnowa\u0107 miasta Damasce\u0144czyk\u00f3w, chc\u0105c mnie pojma\u0107. Ale przez okno spuszczono mnie w koszu przez mur i tak uszed\u0142em r\u0105k jego.<\/p>\n<p style=\"text-align: right;\">[2 Kor 11, 16-33]<\/p>\n<p>&nbsp;<\/p>\n<ol start=\"4\">\n<li><strong> Alleluja<\/strong><\/li>\n<\/ol>\n<p><em>\u201eOto prawdziwy Izraelita, w kt\u00f3rym nie ma podst\u0119pu.\u201d<\/em><\/p>\n<p style=\"text-align: right;\">[J 1,47]<\/p>\n<p><strong>\u00a0<\/strong><\/p>\n<ol start=\"5\">\n<li><strong> Ewangelia<\/strong><\/li>\n<\/ol>\n<p><strong><em>ECCE HOMO<\/em><\/strong><\/p>\n<p>Zaraz wczesnym rankiem arcykap\u0142ani wraz ze starszymi i uczonymi w Pi\u015bmie i ca\u0142a Wysoka Rada powzi\u0119li uchwa\u0142\u0119. Kazali Jezusa zwi\u0105zanego odprowadzi\u0107 i wydali Go Pi\u0142atowi. Pi\u0142at zapyta\u0142 Go: &#8222;Czy Ty jeste\u015b kr\u00f3lem \u017cydowskim?&#8221; Odpowiedzia\u0142 mu: &#8222;Tak, Ja nim jestem&#8221;. Arcykap\u0142ani za\u015b oskar\u017cali Go o wiele rzeczy. Pi\u0142at ponownie Go zapyta\u0142: &#8222;Nic nie odpowiadasz? Zwa\u017c, o jakie rzeczy Ci\u0119 oskar\u017caj\u0105&#8221;. Lecz Jezus nic ju\u017c nie odpowiedzia\u0142, tak \u017ce Pi\u0142at si\u0119 dziwi\u0142.<\/p>\n<p>Na ka\u017cde za\u015b \u015bwi\u0119to mia\u0142 zwyczaj uwalnia\u0107 im jednego wi\u0119\u017ania, kt\u00f3rego \u017c\u0105dali. A by\u0142 tam jeden, zwany Barabaszem, uwi\u0119ziony z buntownikami, kt\u00f3rzy w rozruchu pope\u0142nili zab\u00f3jstwo. T\u0142um przyszed\u0142 i zacz\u0105\u0142 domaga\u0107 si\u0119 tego, co zawsze im czyni\u0142. Pi\u0142at im odpowiedzia\u0142: &#8222;Je\u015bli chcecie, uwolni\u0119 wam Kr\u00f3la \u017bydowskiego?&#8221; Wiedzia\u0142 bowiem, \u017ce arcykap\u0142ani wydali Go przez zawi\u015b\u0107. Lecz arcykap\u0142ani podburzyli t\u0142um, \u017ceby uwolni\u0142 im raczej Barabasza. Pi\u0142at ponownie ich zapyta\u0142: &#8222;C\u00f3\u017c wi\u0119c mam uczyni\u0107 z tym, kt\u00f3rego nazywacie Kr\u00f3lem \u017bydowskim?&#8221; Odpowiedzieli mu krzykiem: &#8222;Ukrzy\u017cuj Go!&#8221; Pi\u0142at odpar\u0142: &#8222;C\u00f3\u017c wi\u0119c z\u0142ego uczyni\u0142?&#8221; Lecz oni jeszcze g\u0142o\u015bniej krzyczeli: &#8222;Ukrzy\u017cuj Go!&#8221; Wtedy Pi\u0142at, chc\u0105c zadowoli\u0107 t\u0142um, uwolni\u0142 Barabasza, Jezusa za\u015b kaza\u0142 ubiczowa\u0107 i wyda\u0142 na ukrzy\u017cowanie.<\/p>\n<p>\u017bo\u0142nierze zaprowadzili Go na wewn\u0119trzny dziedziniec, czyli pretorium, i zwo\u0142ali ca\u0142\u0105 kohort\u0119. Ubrali Go w purpur\u0119 i upl\u00f3t\u0142szy wieniec z ciernia w\u0142o\u017cyli Mu na g\u0142ow\u0119. I zacz\u0119li Go pozdrawia\u0107: &#8222;Witaj, Kr\u00f3lu \u017bydowski!&#8221; Przy tym bili Go trzcin\u0105 po g\u0142owie, pluli na Niego i przykl\u0119kaj\u0105c oddawali Mu ho\u0142d. A gdy Go wyszydzili, zdj\u0119li z Niego purpur\u0119 i w\u0142o\u017cyli na Niego w\u0142asne Jego szaty.<\/p>\n<p style=\"text-align: right;\">[MK 15, 1-20]<\/p>\n<p>&nbsp;<\/p>\n<ol start=\"6\">\n<li><strong> Ewangelia<\/strong><\/li>\n<\/ol>\n<p><strong><em>Najwi\u0119ksze przykazanie<\/em><\/strong><\/p>\n<p>Gdy faryzeusze dowiedzieli si\u0119, \u017ce zamkn\u0105\u0142 usta saduceuszom, zebrali si\u0119 razem, a jeden z nich, uczony w Prawie, zapyta\u0142 Go, wystawiaj\u0105c Go na pr\u00f3b\u0119: \u00abNauczycielu, kt\u00f3re przykazanie w Prawie jest najwi\u0119ksze?\u00bb On mu odpowiedzia\u0142: \u00abB\u0119dziesz mi\u0142owa\u0142 Pana Boga swego ca\u0142ym swoim sercem, ca\u0142\u0105 swoj\u0105 dusz\u0105 i ca\u0142ym swoim umys\u0142em. To jest najwi\u0119ksze i pierwsze przykazanie. Drugie podobne jest do niego: B\u0119dziesz mi\u0142owa\u0142 swego bli\u017aniego jak siebie samego. Na tych dw\u00f3ch przykazaniach opiera si\u0119 ca\u0142e Prawo i Prorocy\u00bb.<\/p>\n<p style=\"text-align: right;\">[Mt 22, 34-40]<\/p>\n<p style=\"text-align: right;\">\n<ol start=\"7\">\n<li><strong> Konteksty<\/strong><\/li>\n<\/ol>\n<p><strong><em>Dobrego dnia!<\/em><\/strong><\/p>\n<p>\u201eNie ma wi\u0119kszej mi\u0142o\u015bci ni\u017c mi\u0142o\u015b\u0107 krzy\u017ca; nie istnieje bardziej autentyczna wolno\u015b\u0107 ni\u017c wolno\u015b\u0107 mi\u0142o\u015bci.\u201d<\/p>\n<p style=\"text-align: right;\">\u015bw. Jan Pawe\u0142 II<\/p>\n<p>&nbsp;<\/p>\n<p>\u201eOjczyzna to wsp\u00f3lnota rodzimej kultury, jej dzieje, historia \u2013 bardziej radosna lub bolesna. To bogactwo j\u0119zykowe, bogactwo dzie\u0142 sztuki i kultury muzycznej, to jej religia i obyczaje.\u201d<\/p>\n<p style=\"text-align: right;\">b\u0142. Jerzy Popie\u0142uszko<\/p>\n<p>&nbsp;<\/p>\n<p style=\"text-align: center;\">24-25 sierpnia 2017 r.<\/p>\n<p style=\"text-align: center;\">Bia\u0142ystok<\/p>\n","protected":false},"excerpt":{"rendered":"<p>Czytanka Hubalowa &nbsp; Czytanie Pos\u0142usze\u0144stwo s\u0142ugi Pana Wszechmog\u0105cy Pan da\u0142 mi j\u0119zyk ludzi uczonych, abym umia\u0142 spracowanemu odpowiedzie\u0107 mi\u0142ym s\u0142owem, ka\u017cdego ranka budzi moje ucho,&hellip; <\/p>\n","protected":false},"author":1,"featured_media":0,"parent":0,"menu_order":0,"comment_status":"closed","ping_status":"closed","template":"","meta":{"footnotes":""},"class_list":["post-773","page","type-page","status-publish","hentry"],"_links":{"self":[{"href":"https:\/\/hubertpietka.bialystok.pl\/index.php?rest_route=\/wp\/v2\/pages\/773","targetHints":{"allow":["GET"]}}],"collection":[{"href":"https:\/\/hubertpietka.bialystok.pl\/index.php?rest_route=\/wp\/v2\/pages"}],"about":[{"href":"https:\/\/hubertpietka.bialystok.pl\/index.php?rest_route=\/wp\/v2\/types\/page"}],"author":[{"embeddable":true,"href":"https:\/\/hubertpietka.bialystok.pl\/index.php?rest_route=\/wp\/v2\/users\/1"}],"replies":[{"embeddable":true,"href":"https:\/\/hubertpietka.bialystok.pl\/index.php?rest_route=%2Fwp%2Fv2%2Fcomments&post=773"}],"version-history":[{"count":1,"href":"https:\/\/hubertpietka.bialystok.pl\/index.php?rest_route=\/wp\/v2\/pages\/773\/revisions"}],"predecessor-version":[{"id":774,"href":"https:\/\/hubertpietka.bialystok.pl\/index.php?rest_route=\/wp\/v2\/pages\/773\/revisions\/774"}],"wp:attachment":[{"href":"https:\/\/hubertpietka.bialystok.pl\/index.php?rest_route=%2Fwp%2Fv2%2Fmedia&parent=773"}],"curies":[{"name":"wp","href":"https:\/\/api.w.org\/{rel}","templated":true}]}}