{"id":7745,"date":"2023-12-24T10:28:26","date_gmt":"2023-12-24T10:28:26","guid":{"rendered":"https:\/\/hubertpietka.bialystok.pl\/?page_id=7745"},"modified":"2023-12-24T10:28:26","modified_gmt":"2023-12-24T10:28:26","slug":"portret-obrotowy-misiow-nowych-obracajacy-sie-jak-krzeslo-na-kur-zej-stopce-chocby","status":"publish","type":"page","link":"https:\/\/hubertpietka.bialystok.pl\/?page_id=7745","title":{"rendered":"Portret obrotowy misi\u00f3w nowych \/ obracaj\u0105cy si\u0119 jak krzes\u0142o \/\/ na kur.zej stopce cho\u0107by"},"content":{"rendered":"\n<p>Zab\u00f3jcy gwa\u0142ciciele<br>K\u0142amcy ob\u0142udni i perfidni<br>Z\u0142odzieje bezczelni<br>Napastnicy zas\u0105dzaj\u0105cy si\u0119 na niewinnych<br>Ustawiacze i wkr\u0119caj\u0105cy<br>Jak nie mog\u0105 znale\u017a\u0107 podstaw<br>Do czyn\u00f3w nieprawych<br>I zabieraj\u0105cy co chc\u0105<br>Ku czemu roszcz\u0105<br>po\u017c\u0105dania swoje<\/p>\n\n\n\n<p>\u017bartowa\u0142em<\/p>\n\n\n\n<p>Przecie\u017c to s\u0105 wyswobobiciele ludzko\u015bci<br>Z okow\u00f3w ciemnoty<br>Zbawiciele nios\u0105cy \u015bwiat\u0142o nowe<br>Nios\u0105cy przyjemno\u015bci dla swoich<\/p>\n\n\n\n<p>Robi\u0105cy porz\u0105dek z prostakami r\u00f3\u017cnymi<br>A cel u\u015bwi\u0119ca \u015brodki przecie\u017c<br>Wed\u0142ug znanej zasady w\u0142adzy<\/p>\n\n\n\n<p>\u017bartowa\u0142em<\/p>\n\n\n\n<p>Przecie\u017c to jest elita pi\u0119kna<br>O kt\u00f3rej nie \u015bni\u0142o si\u0119 nigdy wcze\u015bniej<br>Kt\u00f3ra wszystko mo\u017ce przecie\u017c<br>Pos\u0142uguj\u0105c si\u0119 takimi czy innymi<br>By spe\u0142nia\u0107 swe zap\u0119dy<br>Zdecydowanie s\u0142uszne jedynie<\/p>\n\n\n\n<p>\u017bartowa\u0142em<\/p>\n\n\n\n<p>Ale jak wys\u0142awi\u0107<br>Bohaterstwo a\u017c tak wspania\u0142e<br>M\u00f3j j\u0119zyk niezbyt gi\u0119tki<br>S\u0142owa moje zbyt ma\u0142e<\/p>\n\n\n\n<p>\u017bartowa\u0142em<\/p>\n\n\n\n<p>Byleby tylko spe\u0142ni\u0107 swe zap\u0119dy<br>A co nie maj\u0105 prawa<br>Elita tak pi\u0119kna<br>Bohaterstwo a\u017c tak wspania\u0142e<br>Wszystko przecie\u017c mo\u017cna<br>Jak w\u0142adz\u0119 dzier\u017cy si\u0119<br>W swych r\u0119kach<br>A w\u0142adz\u0119 przecie\u017c usprawiedliwia wszystko<br>I jej przemoc<br>W\u0142adza sama si\u0119 tym usprawiedliwia<br>Bo przecie\u017c jest w\u0142adz\u0105<br>Z niezbywalnym aparatem swej podstawy<\/p>\n\n\n\n<p>\u017bartowa\u0142em<\/p>\n\n\n\n<p>Ot po prostu<br>Pi\u0119kna elita<br>Bohaterstwo wspania\u0142e<br>Takie czy inne<br>Ja nie jestem w stanie<br>Wys\u0142awia\u0107 tej cudowno\u015bci<br>Miotam si\u0119<br>M\u00f3j j\u0119zyk nazbyt jednak prosty<\/p>\n\n\n\n<figure class=\"wp-block-gallery has-nested-images columns-default is-cropped wp-block-gallery-1 is-layout-flex wp-block-gallery-is-layout-flex\">\n<figure class=\"wp-block-image size-large\"><a href=\"https:\/\/hubertpietka.bialystok.pl\/wp-content\/uploads\/2023\/12\/Resized_20231220_172616.jpeg\"><img loading=\"lazy\" decoding=\"async\" width=\"756\" height=\"1008\" data-id=\"7746\" src=\"https:\/\/hubertpietka.bialystok.pl\/wp-content\/uploads\/2023\/12\/Resized_20231220_172616.jpeg\" alt=\"\" class=\"wp-image-7746\" srcset=\"https:\/\/hubertpietka.bialystok.pl\/wp-content\/uploads\/2023\/12\/Resized_20231220_172616.jpeg 756w, https:\/\/hubertpietka.bialystok.pl\/wp-content\/uploads\/2023\/12\/Resized_20231220_172616-225x300.jpeg 225w\" sizes=\"auto, (max-width: 756px) 100vw, 756px\" \/><\/a><\/figure>\n<\/figure>\n\n\n\n<p><em>Na zdj. \u015aw. Faustyna w Starej Wsi<br>Pomi\u0119dzy drzewami iglastymi<br>A ja jestem przecie\u017c prostak<br>Dobrze \u017ce wie tak pi\u0119kna elita<br>Bohaterstwo tak wspania\u0142e<br>Co nale\u017cy czyni\u0107<br>Z takim prostakami<br>Jak my nasi i nasze<br>Co by to by\u0142o<br>Gdyby pi\u0119kna elita<br>Bohaterstwo wspania\u0142e<br>Dr\u00f3g nowych nie wskazywa\u0142o<br>I rozwi\u0105za\u0144 jedynie s\u0142usznych<br>Na wszelkie \u015bwiata bol\u0105czki<br>A c\u00f3\u017c cel przecie\u017c zdecydowanie<br>U\u015bwi\u0119ca ich wszystkie prewencyjne \u015brodki<br>I tak zwanego nacisku bezpo\u015bredniego<\/em><\/p>\n","protected":false},"excerpt":{"rendered":"<p>Zab\u00f3jcy gwa\u0142cicieleK\u0142amcy ob\u0142udni i perfidniZ\u0142odzieje bezczelniNapastnicy zas\u0105dzaj\u0105cy si\u0119 na niewinnychUstawiacze i wkr\u0119caj\u0105cyJak nie mog\u0105 znale\u017a\u0107 podstawDo czyn\u00f3w nieprawychI zabieraj\u0105cy co chc\u0105Ku czemu roszcz\u0105po\u017c\u0105dania swoje \u017bartowa\u0142em&hellip; <\/p>\n","protected":false},"author":1,"featured_media":0,"parent":0,"menu_order":0,"comment_status":"closed","ping_status":"closed","template":"","meta":{"footnotes":""},"class_list":["post-7745","page","type-page","status-publish","hentry"],"_links":{"self":[{"href":"https:\/\/hubertpietka.bialystok.pl\/index.php?rest_route=\/wp\/v2\/pages\/7745","targetHints":{"allow":["GET"]}}],"collection":[{"href":"https:\/\/hubertpietka.bialystok.pl\/index.php?rest_route=\/wp\/v2\/pages"}],"about":[{"href":"https:\/\/hubertpietka.bialystok.pl\/index.php?rest_route=\/wp\/v2\/types\/page"}],"author":[{"embeddable":true,"href":"https:\/\/hubertpietka.bialystok.pl\/index.php?rest_route=\/wp\/v2\/users\/1"}],"replies":[{"embeddable":true,"href":"https:\/\/hubertpietka.bialystok.pl\/index.php?rest_route=%2Fwp%2Fv2%2Fcomments&post=7745"}],"version-history":[{"count":1,"href":"https:\/\/hubertpietka.bialystok.pl\/index.php?rest_route=\/wp\/v2\/pages\/7745\/revisions"}],"predecessor-version":[{"id":7747,"href":"https:\/\/hubertpietka.bialystok.pl\/index.php?rest_route=\/wp\/v2\/pages\/7745\/revisions\/7747"}],"wp:attachment":[{"href":"https:\/\/hubertpietka.bialystok.pl\/index.php?rest_route=%2Fwp%2Fv2%2Fmedia&parent=7745"}],"curies":[{"name":"wp","href":"https:\/\/api.w.org\/{rel}","templated":true}]}}