{"id":7756,"date":"2023-12-25T12:17:17","date_gmt":"2023-12-25T12:17:17","guid":{"rendered":"https:\/\/hubertpietka.bialystok.pl\/?page_id=7756"},"modified":"2023-12-25T12:17:17","modified_gmt":"2023-12-25T12:17:17","slug":"rozwazania-nad-natura-ludzka-jak-dzieciatko-krucha","status":"publish","type":"page","link":"https:\/\/hubertpietka.bialystok.pl\/?page_id=7756","title":{"rendered":"Rozwa\u017cania nad natur\u0105 ludzk\u0105 \/ jak Dzieci\u0105tko kruch\u0105"},"content":{"rendered":"\n<p>Cz\u0142owiek jest kruch\u0105 istot\u0105<br>Dr\u017c\u0105c\u0105 jak z zimna Dzieci\u0105tko<br>Tworz\u0105 si\u0119 w nim<br>R\u00f3\u017cne wypadkowe czasem nieprzewidziane<br>Dla niego samego<br>Bo cz\u0142owiek jest<br>Sum\u0105 r\u00f3\u017cnych widocznych i niewidocznych czynnik\u00f3w<br>Byle bez grzechu<\/p>\n\n\n\n<p>To dr\u017c\u0105ce Dzieci\u0105tko<br>Jest znakiem<br>\u017be Bogu nie jest obca<br>Krucho\u015b\u0107 cz\u0142owiecza<br>I \u017ce ta suma py\u0142\u00f3w<br>Jest uznana przez Niego<\/p>\n\n\n\n<p>B\u00f3g nie jest katem<br>Jakim potrafi\u0105 by\u0107 ludzie<br>On wszystko rozumie<br>A nawet i wi\u0119cej<br>Zna to co ukryte<br>Parafrazuj\u0105c filozofa<br><em>Nic co ludzkie<br>Nie jest mu obce<\/em><br>Poza grzechem<br>Ale ten nie jest<br>Rdzenn\u0105 cz\u0142owieka cech\u0105<br>Bo pochodzi od szatana<\/p>\n\n\n\n<p>I mimo \u017ce tym w\u0142a\u015bnie<br>Ludzka natura ska\u017cona<br>Lecz trzeba to przekracza\u0107 nieustannie<br>Ku Bogu<\/p>\n\n\n\n<p>Suma ludzkiego trwania<br>Nie zawsze jest oczekiwana przewidywalna<br>Zaskakiwa\u0107 mo\u017ce<br>Byle bez grzechu Bo\u017ce<\/p>\n\n\n\n<figure class=\"wp-block-gallery has-nested-images columns-default is-cropped wp-block-gallery-1 is-layout-flex wp-block-gallery-is-layout-flex\">\n<figure class=\"wp-block-image size-large\"><a href=\"https:\/\/hubertpietka.bialystok.pl\/wp-content\/uploads\/2023\/12\/Resized_20231220_172536.jpeg\"><img loading=\"lazy\" decoding=\"async\" width=\"756\" height=\"1008\" data-id=\"7757\" src=\"https:\/\/hubertpietka.bialystok.pl\/wp-content\/uploads\/2023\/12\/Resized_20231220_172536.jpeg\" alt=\"\" class=\"wp-image-7757\" srcset=\"https:\/\/hubertpietka.bialystok.pl\/wp-content\/uploads\/2023\/12\/Resized_20231220_172536.jpeg 756w, https:\/\/hubertpietka.bialystok.pl\/wp-content\/uploads\/2023\/12\/Resized_20231220_172536-225x300.jpeg 225w\" sizes=\"auto, (max-width: 756px) 100vw, 756px\" \/><\/a><\/figure>\n<\/figure>\n\n\n\n<p><strong>Na zdj. \u015aw. *An-to-ni* z Dzieci\u0105tkiem<br>We Wsi Starej<br>Pok\u0142on Mu z\u0142o\u017cyli najpierw pastuszkowie<br><em>Z sianka do sianka<\/em><br>B\u00f3g rozumie z\u0142o\u017cenia natury ludzkiej<br>Ale czy przez to<br>Nie podni\u00f3s\u0142 prostoty i ub\u00f3stwa<br>Duchowa czysto\u015b\u0107 zaufania<br>Jest Mu dobrze znana<\/strong><\/p>\n\n\n\n<p><strong>I tak na marginesie<br>Herod czyha\u0142 na Dzieci\u0105tko<br>Odczyta\u0142 on je jako zagro\u017cenie<br>Ale nie czyha\u0142 na Matk\u0119 i Jego ojca<br>Na bliskich Dzieci\u0105tka<br>Jak wsp\u00f3\u0142cze\u015bni herodzi w\u0142a\u015bnie<br>Wymordowa\u0142 M\u0142odziank\u00f3w<br>To samo w sobie straszne<br>Ale nie czyha\u0142<br>Na ca\u0142y Jezusa metaforyczny r\u00f3d<br>Od tych najbli\u017cszych po dalszych<br>Na dom Jego osio\u0142ka<br>Proste prace J\u00f3zefa<\/strong><\/p>\n","protected":false},"excerpt":{"rendered":"<p>Cz\u0142owiek jest kruch\u0105 istot\u0105Dr\u017c\u0105c\u0105 jak z zimna Dzieci\u0105tkoTworz\u0105 si\u0119 w nimR\u00f3\u017cne wypadkowe czasem nieprzewidzianeDla niego samegoBo cz\u0142owiek jestSum\u0105 r\u00f3\u017cnych widocznych i niewidocznych czynnik\u00f3wByle bez grzechu&hellip; <\/p>\n","protected":false},"author":1,"featured_media":0,"parent":0,"menu_order":0,"comment_status":"closed","ping_status":"closed","template":"","meta":{"footnotes":""},"class_list":["post-7756","page","type-page","status-publish","hentry"],"_links":{"self":[{"href":"https:\/\/hubertpietka.bialystok.pl\/index.php?rest_route=\/wp\/v2\/pages\/7756","targetHints":{"allow":["GET"]}}],"collection":[{"href":"https:\/\/hubertpietka.bialystok.pl\/index.php?rest_route=\/wp\/v2\/pages"}],"about":[{"href":"https:\/\/hubertpietka.bialystok.pl\/index.php?rest_route=\/wp\/v2\/types\/page"}],"author":[{"embeddable":true,"href":"https:\/\/hubertpietka.bialystok.pl\/index.php?rest_route=\/wp\/v2\/users\/1"}],"replies":[{"embeddable":true,"href":"https:\/\/hubertpietka.bialystok.pl\/index.php?rest_route=%2Fwp%2Fv2%2Fcomments&post=7756"}],"version-history":[{"count":1,"href":"https:\/\/hubertpietka.bialystok.pl\/index.php?rest_route=\/wp\/v2\/pages\/7756\/revisions"}],"predecessor-version":[{"id":7758,"href":"https:\/\/hubertpietka.bialystok.pl\/index.php?rest_route=\/wp\/v2\/pages\/7756\/revisions\/7758"}],"wp:attachment":[{"href":"https:\/\/hubertpietka.bialystok.pl\/index.php?rest_route=%2Fwp%2Fv2%2Fmedia&parent=7756"}],"curies":[{"name":"wp","href":"https:\/\/api.w.org\/{rel}","templated":true}]}}