{"id":7770,"date":"2023-12-30T11:57:56","date_gmt":"2023-12-30T11:57:56","guid":{"rendered":"https:\/\/hubertpietka.bialystok.pl\/?page_id=7770"},"modified":"2023-12-30T11:57:56","modified_gmt":"2023-12-30T11:57:56","slug":"smierc-zniszczenie-gwalt-domeny-zla","status":"publish","type":"page","link":"https:\/\/hubertpietka.bialystok.pl\/?page_id=7770","title":{"rendered":"\u015amier\u0107 zniszczenie gwa\u0142t \/ domeny z\u0142a"},"content":{"rendered":"\n<p><br>Mo\u017cna i trzeba stara\u0107 si\u0119<br>Poszerza\u0107 sum\u0119 dobra w \u015bwiecie<br>Pocz\u0105wszy od swego najbli\u017cszego otoczenia<br>I dalej tak\u017ce<br>A s\u0105 tacy kt\u00f3rzy<br>Dwoj\u0105 si\u0119 i troj\u0105 simplifikuj\u0105<br>Byleby tylko komu\u015b z\u0142o uczyni\u0107<\/p>\n\n\n\n<p>A mo\u017cna i na \u015bmier\u0107 od razu<br>Mo\u017cna i zniewoli\u0107<br>Byleby tylko gwa\u0142t zada\u0107<br>C\u00f3\u017c tam dla nich<br>Byleby tylko spe\u0142nia\u0107 swe zap\u0119dy<\/p>\n\n\n\n<p>I ani mi Ani<br>Ju\u017c to m\u00f3wi\u0142em<br>W jakikolwiek zreszt\u0105 spos\u00f3b<br>Powiem wprost<br>Chyba \u017ce chcecie by ten \u015bwiat si\u0119 sko\u0144czy\u0142<br>Z jej telefonem tymi zwierz\u0119tami<br>Naszymi samochodami i miejscami<br>Z nami naszymi i naszym te\u017c wreszcie<\/p>\n\n\n\n<p>A te or\u0142y soko\u0142y herosi<br>A\u017c przecie\u017c tacy<br>Niech se g\u0142owy nie zawracaj\u0105<br>Nami i w nasze strony<br>Niech nie kieruj\u0105 po\u017c\u0105da\u0144 swoich<\/p>\n\n\n\n<p>S\u0105 te\u017c tacy<br>Kt\u00f3rzy niestety za z\u0142em<br>Jak na sznureczku<br>Ja tego nie s\u0105dz\u0119<br>B\u00f3g to te\u017c widzi<br>Nie mo\u017cna jednak zbytnio<br>Przyk\u0142ada\u0107 swej r\u0119ki do z\u0142a<br>I si\u0119 nim nie pobrudzi\u0107<br>I wszystko te\u017c wok\u00f3\u0142<\/p>\n\n\n\n<figure class=\"wp-block-gallery has-nested-images columns-default is-cropped wp-block-gallery-1 is-layout-flex wp-block-gallery-is-layout-flex\">\n<figure class=\"wp-block-image size-large\"><a href=\"https:\/\/hubertpietka.bialystok.pl\/wp-content\/uploads\/2023\/12\/Resized_20231229_183442.jpeg\"><img loading=\"lazy\" decoding=\"async\" width=\"756\" height=\"1008\" data-id=\"7771\" src=\"https:\/\/hubertpietka.bialystok.pl\/wp-content\/uploads\/2023\/12\/Resized_20231229_183442.jpeg\" alt=\"\" class=\"wp-image-7771\" srcset=\"https:\/\/hubertpietka.bialystok.pl\/wp-content\/uploads\/2023\/12\/Resized_20231229_183442.jpeg 756w, https:\/\/hubertpietka.bialystok.pl\/wp-content\/uploads\/2023\/12\/Resized_20231229_183442-225x300.jpeg 225w\" sizes=\"auto, (max-width: 756px) 100vw, 756px\" \/><\/a><\/figure>\n<\/figure>\n\n\n\n<p><em>Na zdj. Ma\u0142a Arabka patronka \u017cony<br>W ko\u015bciele w *<strong>Wyszko-wie<\/strong>*<br>B\u00f3g *<strong>wszystko wie<\/strong>*<br>Czy\u017c mo\u017ce On z\u0142o pochwala\u0107<br>A absurdalnie m\u00f3wi\u0105c<br>Z\u0142o b\u0142ogos\u0142awi\u0107<br>I tych kt\u00f3rzy z\u0142u s\u0142u\u017c\u0105<br>\u015amier\u0107 gwa\u0142t zniszczenie<br>B\u00f3g nie pochwala tego nigdy<br>Dalekie to od Niego<br>Bo On jest mi\u0142o\u015bci\u0105 prawdziw\u0105<\/em><\/p>\n\n\n\n<p class=\"has-text-align-right\"><strong><em><a href=\"https:\/\/youtu.be\/saAJ4yLMApo?si=EA2f1_RefYvnlGqG\">Tilt &#8211; M\u00f3wi\u0119 ci \u017ce <\/a><\/em><\/strong><\/p>\n","protected":false},"excerpt":{"rendered":"<p>Mo\u017cna i trzeba stara\u0107 si\u0119Poszerza\u0107 sum\u0119 dobra w \u015bwieciePocz\u0105wszy od swego najbli\u017cszego otoczeniaI dalej tak\u017ceA s\u0105 tacy kt\u00f3rzyDwoj\u0105 si\u0119 i troj\u0105 simplifikuj\u0105Byleby tylko komu\u015b z\u0142o&hellip; <\/p>\n","protected":false},"author":1,"featured_media":0,"parent":0,"menu_order":0,"comment_status":"closed","ping_status":"closed","template":"","meta":{"footnotes":""},"class_list":["post-7770","page","type-page","status-publish","hentry"],"_links":{"self":[{"href":"https:\/\/hubertpietka.bialystok.pl\/index.php?rest_route=\/wp\/v2\/pages\/7770","targetHints":{"allow":["GET"]}}],"collection":[{"href":"https:\/\/hubertpietka.bialystok.pl\/index.php?rest_route=\/wp\/v2\/pages"}],"about":[{"href":"https:\/\/hubertpietka.bialystok.pl\/index.php?rest_route=\/wp\/v2\/types\/page"}],"author":[{"embeddable":true,"href":"https:\/\/hubertpietka.bialystok.pl\/index.php?rest_route=\/wp\/v2\/users\/1"}],"replies":[{"embeddable":true,"href":"https:\/\/hubertpietka.bialystok.pl\/index.php?rest_route=%2Fwp%2Fv2%2Fcomments&post=7770"}],"version-history":[{"count":1,"href":"https:\/\/hubertpietka.bialystok.pl\/index.php?rest_route=\/wp\/v2\/pages\/7770\/revisions"}],"predecessor-version":[{"id":7772,"href":"https:\/\/hubertpietka.bialystok.pl\/index.php?rest_route=\/wp\/v2\/pages\/7770\/revisions\/7772"}],"wp:attachment":[{"href":"https:\/\/hubertpietka.bialystok.pl\/index.php?rest_route=%2Fwp%2Fv2%2Fmedia&parent=7770"}],"curies":[{"name":"wp","href":"https:\/\/api.w.org\/{rel}","templated":true}]}}