{"id":7781,"date":"2024-01-01T12:04:53","date_gmt":"2024-01-01T12:04:53","guid":{"rendered":"https:\/\/hubertpietka.bialystok.pl\/?page_id=7781"},"modified":"2024-01-01T12:04:53","modified_gmt":"2024-01-01T12:04:53","slug":"by-ludzie-otworzyli-oczy-eskalacja-obludy-podlej-juz-przekracza-wszelkie-granice","status":"publish","type":"page","link":"https:\/\/hubertpietka.bialystok.pl\/?page_id=7781","title":{"rendered":"By ludzie otworzyli oczy \/ eskalacja ob\u0142udy pod\u0142ej \/\/ ju\u017c przekracza wszelkie granice"},"content":{"rendered":"\n<p>Ob\u0142uda perfidna eskaluje si\u0119<br>Coraz bardziej i bardziej<br>Do jakiego ona musi doj\u015b\u0107<br>Kra\u0144cowego stopnia<br>By ludzie otworzyli oczy<\/p>\n\n\n\n<p>Tak i w ka\u017cdej formie ich przyj\u015bcia<br>Funkcjonariusze w majestacie prawa<br>Udowadniaj\u0105cy r\u00f3\u017cne \u015bciemy<br>S\u0105siedztwo takie czy inne<br>Niby przypadkowo r\u00f3\u017cni<br>Byleby tylko przemoc spe\u0142ni\u0107<br>Tak\u0105 czy inn\u0105 zreszt\u0105 pos\u0142uguj\u0105c si\u0119 \u015bciem\u0105<br>Czy tu w domu czy zreszt\u0105 gdziekolwiek<br>Wszystko mog\u0105 oni<\/p>\n\n\n\n<p>Ci kt\u00f3rzy s\u0105 na us\u0142ugach tego szatana<br>Czy maj\u0105 tego \u015bwiadomo\u015b\u0107 czy te\u017c nie maj\u0105 <br>Kiedy w dobro uderzaj\u0105 jakiekolwiek jakimkolwiek z\u0142em<br>Tak si\u0119 dzieje w istocie<br>Czy wiedz\u0105 czy nie<br>\u017be tak w\u0142a\u015bnie<br>Odpowiedz\u0105 przed Bogiem za to<br>A i \u015bwiat odpowie<br>Bo na to patrzy<br>Jakby wiedz\u0119 mi\u0119li zreszt\u0105<br>\u017be na us\u0142ugach szatana s\u0105<br>To pewnie nie chcieli by<br>Czyni\u0107 z\u0142a jakiegokolwiek<\/p>\n\n\n\n<p>Tak te\u017c w stosunku do mojej \u017cony<br>Byleby tylko j\u0105 zniszczy\u0107<br>Pozbawi\u0107 mnie to\u017csamo\u015bci przy okazji<\/p>\n\n\n\n<p>Jak Polak\u00f3w oni<br>Tym \u017ce zlikwidowa\u0107 chc\u0105 IPN<br>Pozbawi\u0107 pami\u0119ci i to\u017csamo\u015bci<br>Bo pami\u0119\u0107 buduje to\u017csamo\u015b\u0107<br>St\u0105d do rewizjonizmu historycznego<br>Bardzo blisko zreszt\u0105<br>By mog\u0142a istnie\u0107 jedyna opcja polityczno &#8211; historyczna<br>A bezkszta\u0142tn\u0105 mas\u0105<br>Pozbawion\u0105 \u015bwiadomo\u015bci warto\u015bci \u0142atwiej si\u0119 b\u0119dzie rz\u0105dzi\u0107<\/p>\n\n\n\n<p>Likwiduj\u0105c media publiczne te\u017c Polak\u00f3w<br>Tego pozbawi\u0107 co jest norm\u0105<br>Demokracji otwartej na spektrum pogl\u0105d\u00f3w<br>By wszystko by\u0142o wedle<br>Jednego obowi\u0105zuj\u0105cego nurtu ideologicznego<br>Jak w Rosji<br>By zosta\u0142 uciszony ka\u017cdy g\u0142os<br>Kt\u00f3ry jest w\u0142adzy przeciwny<br>Zlikwidowa\u0107 te\u017c wszystkich przeciwnik\u00f3w politycznych<\/p>\n\n\n\n<p>A ja bez \u017cony<br>\u0141atwym przecie\u017c \u0142upem dla nich<br>Ju\u017c oni wiedz\u0105<br>Jak ob\u0142udnie wykorzystuj\u0105c r\u00f3\u017cnych ludzi<br>Ich s\u0142abo\u015bci bli\u017cszych i dalszych<br>Rozgrywa\u0107 takie sprawy<\/p>\n\n\n\n<p>Pozbawi\u0107 te\u017c mobilno\u015bci unieruchomi\u0107<br>Niech w miejscu stoi<br>Tak z naszymi samochodami zwierz\u0119tami<br>I dla Polak\u00f3w z mediami<br>Bo zast\u00f3j degraduj\u0105cy<br>Jest czym\u015b co im bardzo<br>Jest na r\u0119k\u0119<br>By nic do jedynie s\u0142usznego<br>Ideologicznego spektrum pogl\u0105d\u00f3w nie dotar\u0142o<\/p>\n\n\n\n<p>I wreszcie przez r\u00f3\u017cne chore<br>Gierki systemu datowo &#8211; godzinnego<br>Pozbawi\u0107 mnie rodziny<br>Obci\u0105\u017caj\u0105c za to a jak\u017ce<br>Mnie przecie\u017c<br>Nie dopi\u0119li tego i za pierwszym razem<br>To ponawia\u0107 b\u0119d\u0105 chore systemy<br>A\u017c tego dopn\u0105<br>Byleby tylko z\u0142o uczyni\u0107<br>Nam naszemu i naszym<\/p>\n\n\n\n<p>Kiedy \u015bwiat si\u0119 obudzi<br>\u017be nie mo\u017cna \u017cy\u0107 zdrowo<br>W systemie eskaluj\u0105cej si\u0119 ob\u0142udy<br>Perfidnej coraz bardziej<br>Je\u015bli \u015bwiat si\u0119 nie obudzi<br>B\u00f3g co trzeba z tym finalnie zrobi<br>Bo nie mo\u017cna \u017cy\u0107 normalnie<br>W eskaluj\u0105cym si\u0119 systemie<br>Pod\u0142o\u015bci ob\u0142udno\u015bci perfidnej<br>Wszystko ma swoje przyzwoito\u015bci granice<br>A to co oni czyni\u0105<br>Ju\u017c dawno za nie wykroczy\u0142o<\/p>\n\n\n\n<figure class=\"wp-block-gallery has-nested-images columns-default is-cropped wp-block-gallery-1 is-layout-flex wp-block-gallery-is-layout-flex\">\n<figure class=\"wp-block-image size-large\"><a href=\"https:\/\/hubertpietka.bialystok.pl\/wp-content\/uploads\/2024\/01\/Resized_20231227_161054.jpeg\"><img loading=\"lazy\" decoding=\"async\" width=\"756\" height=\"1008\" data-id=\"7782\" src=\"https:\/\/hubertpietka.bialystok.pl\/wp-content\/uploads\/2024\/01\/Resized_20231227_161054.jpeg\" alt=\"\" class=\"wp-image-7782\" srcset=\"https:\/\/hubertpietka.bialystok.pl\/wp-content\/uploads\/2024\/01\/Resized_20231227_161054.jpeg 756w, https:\/\/hubertpietka.bialystok.pl\/wp-content\/uploads\/2024\/01\/Resized_20231227_161054-225x300.jpeg 225w\" sizes=\"auto, (max-width: 756px) 100vw, 756px\" \/><\/a><\/figure>\n<\/figure>\n\n\n\n<p><em>Na zdj. Maryja w *<strong>Ja-b\u0142oni Ko\u015bcielnej<\/strong>*<br>Zawsze b\u0119d\u0119 *<strong>ja broni\u0142 Ko\u015bcio\u0142a<\/strong>*<br>\u017bycia i rodziny<br>Do ko\u0144ca wbrew tej ob\u0142udzie<br>A i w Ko\u015bci\u00f3\u0142 mo\u017cna uderza\u0107 te\u017c<br>Na sposoby r\u00f3\u017cne<br>Przez te ich mistyfikacje<br>Czy likwidacj\u0119 Funduszu Ko\u015bcielnego cho\u0107by<br>Co a jak\u017ce<br>Tak\u017ce maj\u0105 na uwadze<\/em><\/p>\n\n\n\n<p><em>Likwidacja wolnych medi\u00f3w IPN-u<br>W Ko\u015bci\u00f3\u0142 uderzanie<br>Trzeba przyzna\u0107<br>\u017be pi\u0119knie zaczynaj\u0105<br>\u017be nie wspomn\u0119<br>Te\u017c o ofensywie ideologicznej<br>Przeciw rodzinie \u017cyciu<br>Propaguj\u0105c aborcj\u0119 in-vitro genderyzm<br>Cywilizacja \u015bmierci o kt\u00f3rej Jan Pawe\u0142 II pisa\u0142<br>W Polsce ma by\u0107 i w pe\u0142ni<br>I tak\u017ce na tym przyk\u0142adzie<br>Nas naszego i naszych<br>Pr\u00f3b wyrz\u0105dzenia nam z\u0142a<\/em><\/p>\n\n\n\n<p><em>Maryjo chro\u0144 nas naszych nasze<br>Bo ta ob\u0142uda<br>Zdrowym zmys\u0142om przeczy w spos\u00f3b bardzo oczywisty<br>Ju\u017c cho\u0107by tylko<br>Nie wspominaj\u0105c o warto\u015bciach<br>Byleby tylko je<br>O\u015bmieszy\u0107 zniszczy\u0107 i zdezawaluowa\u0107<br>Na s\u0142u\u017cbie destrukcyjnych ideologii politycznych<\/em><\/p>\n\n\n\n<p><em>Odpowie ka\u017cdy kto z\u0142o czyni<br>I ci co na to te\u017c patrz\u0105<br>Beznami\u0119tnie nic nie czyni\u0105c<br>Nie przeciwstawiaj\u0105c si\u0119<br>Eskalacji ob\u0142udy pod\u0142ej<br>Kt\u00f3ra ju\u017c i przecie\u017c<br>Przekracza wszelkiej przyzwoito\u015bci granice<\/em><\/p>\n","protected":false},"excerpt":{"rendered":"<p>Ob\u0142uda perfidna eskaluje si\u0119Coraz bardziej i bardziejDo jakiego ona musi doj\u015b\u0107Kra\u0144cowego stopniaBy ludzie otworzyli oczy Tak i w ka\u017cdej formie ich przyj\u015bciaFunkcjonariusze w majestacie prawaUdowadniaj\u0105cy&hellip; <\/p>\n","protected":false},"author":1,"featured_media":0,"parent":0,"menu_order":0,"comment_status":"closed","ping_status":"closed","template":"","meta":{"footnotes":""},"class_list":["post-7781","page","type-page","status-publish","hentry"],"_links":{"self":[{"href":"https:\/\/hubertpietka.bialystok.pl\/index.php?rest_route=\/wp\/v2\/pages\/7781","targetHints":{"allow":["GET"]}}],"collection":[{"href":"https:\/\/hubertpietka.bialystok.pl\/index.php?rest_route=\/wp\/v2\/pages"}],"about":[{"href":"https:\/\/hubertpietka.bialystok.pl\/index.php?rest_route=\/wp\/v2\/types\/page"}],"author":[{"embeddable":true,"href":"https:\/\/hubertpietka.bialystok.pl\/index.php?rest_route=\/wp\/v2\/users\/1"}],"replies":[{"embeddable":true,"href":"https:\/\/hubertpietka.bialystok.pl\/index.php?rest_route=%2Fwp%2Fv2%2Fcomments&post=7781"}],"version-history":[{"count":1,"href":"https:\/\/hubertpietka.bialystok.pl\/index.php?rest_route=\/wp\/v2\/pages\/7781\/revisions"}],"predecessor-version":[{"id":7783,"href":"https:\/\/hubertpietka.bialystok.pl\/index.php?rest_route=\/wp\/v2\/pages\/7781\/revisions\/7783"}],"wp:attachment":[{"href":"https:\/\/hubertpietka.bialystok.pl\/index.php?rest_route=%2Fwp%2Fv2%2Fmedia&parent=7781"}],"curies":[{"name":"wp","href":"https:\/\/api.w.org\/{rel}","templated":true}]}}