{"id":7785,"date":"2024-01-02T22:35:31","date_gmt":"2024-01-02T22:35:31","guid":{"rendered":"https:\/\/hubertpietka.bialystok.pl\/?page_id=7785"},"modified":"2024-01-03T09:34:41","modified_gmt":"2024-01-03T09:34:41","slug":"z-nienawisci-do-wiary-zabic-czy-zniewolic","status":"publish","type":"page","link":"https:\/\/hubertpietka.bialystok.pl\/?page_id=7785","title":{"rendered":"Z nienawi\u015bci do wiary \/ zabi\u0107 czy zniewoli\u0107"},"content":{"rendered":"\n<p><br>Jutro \u015bw. Imienia Jezus<br>Po hebrajsku *<strong>Jeho-szua<\/strong>* czytaj *<strong>jego \u017cona<\/strong>*<br>Dlaczego chc\u0105 mnie jej pozbawi\u0107<br>Bo wiedz\u0119 \u017ce wtedy<br>B\u0119dzie mnie mniej o po\u0142ow\u0119<br>I z drug\u0105 po\u0142ow\u0105 si\u0119 odpowiednio rozprawi\u0107<br>Te\u017c b\u0119dzie \u0142atwiej<\/p>\n\n\n\n<p>A misie to nie weryfikuj\u0105<br>Tych wszystkich nagra\u0144 chorych<br>Wed\u0142ug dost\u0119pnej perspektywy rzeczywisto\u015bci<br>Nie bo to ma by\u0107 tylko pretekst<br>By mogli przyj\u015b\u0107<br>I rozprawi\u0107 si\u0119 ze mn\u0105<\/p>\n\n\n\n<p>A najlepiej to zasadzi\u0107 si\u0119<br>Jak na strasznego bandyt\u0119<br>W \u015brodku nocy nad ranem<br>Wed\u0142ug metody ubeckiej powszechnie znanej<\/p>\n\n\n\n<figure class=\"wp-block-gallery has-nested-images columns-default is-cropped wp-block-gallery-1 is-layout-flex wp-block-gallery-is-layout-flex\">\n<figure class=\"wp-block-image size-large\"><a href=\"https:\/\/hubertpietka.bialystok.pl\/wp-content\/uploads\/2024\/01\/Resized_20231220_172729.jpeg\"><img loading=\"lazy\" decoding=\"async\" width=\"756\" height=\"1008\" data-id=\"7786\" src=\"https:\/\/hubertpietka.bialystok.pl\/wp-content\/uploads\/2024\/01\/Resized_20231220_172729.jpeg\" alt=\"\" class=\"wp-image-7786\" srcset=\"https:\/\/hubertpietka.bialystok.pl\/wp-content\/uploads\/2024\/01\/Resized_20231220_172729.jpeg 756w, https:\/\/hubertpietka.bialystok.pl\/wp-content\/uploads\/2024\/01\/Resized_20231220_172729-225x300.jpeg 225w\" sizes=\"auto, (max-width: 756px) 100vw, 756px\" \/><\/a><\/figure>\n<\/figure>\n\n\n\n<p><em>Na zdj. Jezu b\u0142ogos\u0142aw<br>Przeciw tym wszystkim pora\u017caj\u0105cym niesprawiedliwo\u015bciom<br>Byleby tylko mogli spe\u0142ni\u0107 swe<br>Raczej niezbyt dobre<br>Wobec nas naszego naszych zap\u0119dy<br>Nie s\u0105 to zamiary pokoju<br>Bo pokoju nie buduje si\u0119 na z\u0142u<br>Wbrew temu b\u0142ogos\u0142aw Jezu<br>A mo\u017ce w\u0142a\u015bnie dlatego<br>Bo nienawi\u015b\u0107 do wiary<br>Jest tu fundamentem ich dzia\u0142a\u0144<br>I tych prze\u015bladowa\u0144<\/em><\/p>\n\n\n\n<p class=\"has-text-align-center\">\/<\/p>\n\n\n\n<p class=\"has-text-align-right\"><strong><em><a href=\"https:\/\/youtu.be\/eB1ZlKgdwJE?si=zDFzkS-Ypn-4ddzf\">Deus Meus &#8211; \u015awi\u0119te Imi\u0119 Jezus<\/a><\/em><\/strong><\/p>\n\n\n\n<p><strong>Ale tak nie b\u0119dzie<br><em>Albo rybki albo akwarium<br>Albo w\u00f3z albo przew\u00f3z<\/em><br>Albo 100% z dobrodziejstwem inwentarza<br>Ca\u0142ego w pe\u0142ni<br>Albo nic zero<br>I dla was tak\u017ce<br>Wbrew wszelkim kalkulacjom<\/strong><\/p>\n\n\n\n<p><strong>A moje jedyne bandyctwo<br>Czy te\u017c szale\u0144stwo<br>Polega na tym<br>\u017be nie zgadzam si\u0119<br>Na z gruntu totalnie<br>Niesprawiedliw\u0105 \u015bmier\u0107 \u017cony i bezprawn\u0105<br>Wobec Bo\u017cego prawa<br>Tudzie\u017c na jej zniewolenie<br>Ze skutkiem powy\u017cszym zapewne<br>Ich troch\u0119 znaj\u0105c<br>Czy te\u017c jakikolwiek gwa\u0142t jej zadany<br>Czy te\u017c nam naszemu naszym<\/strong><\/p>\n\n\n\n<p><strong>Tyle mam do powiedzenia<br>I teraz i na zawsze<br>Te\u017c zreszt\u0105<br>I nic tego nie zmieni<\/strong><\/p>\n","protected":false},"excerpt":{"rendered":"<p>Jutro \u015bw. Imienia JezusPo hebrajsku *Jeho-szua* czytaj *jego \u017cona*Dlaczego chc\u0105 mnie jej pozbawi\u0107Bo wiedz\u0119 \u017ce wtedyB\u0119dzie mnie mniej o po\u0142ow\u0119I z drug\u0105 po\u0142ow\u0105 si\u0119 odpowiednio&hellip; <\/p>\n","protected":false},"author":1,"featured_media":0,"parent":0,"menu_order":0,"comment_status":"closed","ping_status":"closed","template":"","meta":{"footnotes":""},"class_list":["post-7785","page","type-page","status-publish","hentry"],"_links":{"self":[{"href":"https:\/\/hubertpietka.bialystok.pl\/index.php?rest_route=\/wp\/v2\/pages\/7785","targetHints":{"allow":["GET"]}}],"collection":[{"href":"https:\/\/hubertpietka.bialystok.pl\/index.php?rest_route=\/wp\/v2\/pages"}],"about":[{"href":"https:\/\/hubertpietka.bialystok.pl\/index.php?rest_route=\/wp\/v2\/types\/page"}],"author":[{"embeddable":true,"href":"https:\/\/hubertpietka.bialystok.pl\/index.php?rest_route=\/wp\/v2\/users\/1"}],"replies":[{"embeddable":true,"href":"https:\/\/hubertpietka.bialystok.pl\/index.php?rest_route=%2Fwp%2Fv2%2Fcomments&post=7785"}],"version-history":[{"count":3,"href":"https:\/\/hubertpietka.bialystok.pl\/index.php?rest_route=\/wp\/v2\/pages\/7785\/revisions"}],"predecessor-version":[{"id":7790,"href":"https:\/\/hubertpietka.bialystok.pl\/index.php?rest_route=\/wp\/v2\/pages\/7785\/revisions\/7790"}],"wp:attachment":[{"href":"https:\/\/hubertpietka.bialystok.pl\/index.php?rest_route=%2Fwp%2Fv2%2Fmedia&parent=7785"}],"curies":[{"name":"wp","href":"https:\/\/api.w.org\/{rel}","templated":true}]}}