{"id":7791,"date":"2024-01-05T10:20:32","date_gmt":"2024-01-05T10:20:32","guid":{"rendered":"https:\/\/hubertpietka.bialystok.pl\/?page_id=7791"},"modified":"2024-01-05T22:52:57","modified_gmt":"2024-01-05T22:52:57","slug":"wrogosc-zla-nieprzejednana-juz-jednoznaczna","status":"publish","type":"page","link":"https:\/\/hubertpietka.bialystok.pl\/?page_id=7791","title":{"rendered":"Wrogo\u015b\u0107 z\u0142a nieprzejednana \/ ju\u017c jednoznaczna"},"content":{"rendered":"\n<p>A mo\u017cna i na \u015bmier\u0107 od razu<br>Na zniewolenie<br>Zada\u0107 gwa\u0142t<br>Byleby tylko spe\u0142ni\u0107 swe zap\u0119dy<br>C\u00f3\u017c tam dla nich<\/p>\n\n\n\n<p>\u017b\u0105gluj\u0105 w z\u0142u<br>Wed\u0142ug swych po\u017c\u0105da\u0144 tych<br>Koniunkturalnie<br>Wed\u0142ug mnie \u017cony bliskich<\/p>\n\n\n\n<p>A nast\u0105pi\u0142 ju\u017c proceder<br>M\u00f3j najm\u0142odszy brat<br>Zosta\u0142 w Szkocji pobity<br>I niejako uciek\u0142 od \u015bmierci<br>C\u00f3\u017c tam dla nich<br>I ich poplecznik\u00f3w<br>Wsz\u0119dzie takich czy innych<\/p>\n\n\n\n<p>Dzi\u015b wspominana b\u0142. *<strong>Mar-cel-ina<\/strong>* *<strong>Dar-owska<\/strong>*<br>*<strong>Zmar\u0142a ma by\u0107 w celi i ona<\/strong>*<br>I ja zapewne<br>Wed\u0142ug ich nomenklatury przewrotnej<br>Tak oni chc\u0105 czyni\u0107<br>Z wszystkimi *<strong>darami Boskimi<\/strong>*<br>A darem Bo\u017cym jest cz\u0142owiek<br>\u017byj\u0105cy w \u0142asce Bo\u017cej<br>Jest on darem dla \u015bwiata<\/p>\n\n\n\n<p>A wczoraj wspomnienie \u015bw. *<strong>El\u017cbiety Anny Seton<\/strong>*<br>Tylko nie mia\u0142em czasu napisa\u0107<br>*<strong>Ej \u017ce ta Anna a szatan<\/strong>*<br>Bo on chce zawsze niszczy\u0107<br>Bo\u017ce dary dla \u015bwiata<br>O\u015bmiesza\u0107 je dezawuowa\u0107<br>I usuwa\u0107 na wszelkie sposoby<br>Tak i oni<br>I wszyscy ichni pobratymcy<br>W tym co z\u0142e<\/p>\n\n\n\n<figure class=\"wp-block-gallery has-nested-images columns-default is-cropped wp-block-gallery-1 is-layout-flex wp-block-gallery-is-layout-flex\">\n<figure class=\"wp-block-image size-large\"><a href=\"https:\/\/hubertpietka.bialystok.pl\/wp-content\/uploads\/2024\/01\/Resized_20240104_152253.jpeg\"><img loading=\"lazy\" decoding=\"async\" width=\"1008\" height=\"756\" data-id=\"7792\" src=\"https:\/\/hubertpietka.bialystok.pl\/wp-content\/uploads\/2024\/01\/Resized_20240104_152253.jpeg\" alt=\"\" class=\"wp-image-7792\" srcset=\"https:\/\/hubertpietka.bialystok.pl\/wp-content\/uploads\/2024\/01\/Resized_20240104_152253.jpeg 1008w, https:\/\/hubertpietka.bialystok.pl\/wp-content\/uploads\/2024\/01\/Resized_20240104_152253-300x225.jpeg 300w, https:\/\/hubertpietka.bialystok.pl\/wp-content\/uploads\/2024\/01\/Resized_20240104_152253-768x576.jpeg 768w\" sizes=\"auto, (max-width: 1008px) 100vw, 1008px\" \/><\/a><\/figure>\n<\/figure>\n\n\n\n<p>Na zdj. \u015aw. Hubert Boga s\u0142uga<br>I jelonek symbolizuj\u0105cy Bo\u017c\u0105 \u0142ask\u0119<br>I to co zosta\u0142o temu \u015bwi\u0119temu dane<br>I *<strong>ej \u017ce ta (Maryja) a szatan<\/strong>* te\u017c<br>Tobie nas naszych i nasze polecam<br>Na przek\u00f3r im wszelkim<br>Totalnie z\u0142owrogin zap\u0119dom i zam\u0119tom<\/p>\n\n\n\n<p>I ani mi Ani jakkolwiek<br>B\u00f3g si\u0119 na to z\u0142o nie zgodzi<br>Z nami naszymi i naszym<br>Podobnie jak to czyni\u0107 pr\u00f3buj\u0105<br>Ju\u017c od do\u015b\u0107 dawna<br>I niech nie przychodzi napastliwie<br>Ani tu ani nigdzie<br>Kto\u015b kto ma niedobre zamiary<br>Wobec nas naszego naszych<br>Bro\u0144 nas przed wszelkimi napa\u015bciami<br>Kogotamkolwiek zreszt\u0105 na us\u0142ugach z\u0142a<\/p>\n\n\n\n<p><strong><em><a href=\"https:\/\/youtu.be\/2b4gruf1LCs?si=2uKKcxnhaUixU7-y\">Damian Ukeje &#8211; Bezkr\u00f3lewie <\/a><\/em><\/strong><\/p>\n","protected":false},"excerpt":{"rendered":"<p>A mo\u017cna i na \u015bmier\u0107 od razuNa zniewolenieZada\u0107 gwa\u0142tByleby tylko spe\u0142ni\u0107 swe zap\u0119dyC\u00f3\u017c tam dla nich \u017b\u0105gluj\u0105 w z\u0142uWed\u0142ug swych po\u017c\u0105da\u0144 tychKoniunkturalnieWed\u0142ug mnie \u017cony bliskich&hellip; <\/p>\n","protected":false},"author":1,"featured_media":0,"parent":0,"menu_order":0,"comment_status":"closed","ping_status":"closed","template":"","meta":{"footnotes":""},"class_list":["post-7791","page","type-page","status-publish","hentry"],"_links":{"self":[{"href":"https:\/\/hubertpietka.bialystok.pl\/index.php?rest_route=\/wp\/v2\/pages\/7791","targetHints":{"allow":["GET"]}}],"collection":[{"href":"https:\/\/hubertpietka.bialystok.pl\/index.php?rest_route=\/wp\/v2\/pages"}],"about":[{"href":"https:\/\/hubertpietka.bialystok.pl\/index.php?rest_route=\/wp\/v2\/types\/page"}],"author":[{"embeddable":true,"href":"https:\/\/hubertpietka.bialystok.pl\/index.php?rest_route=\/wp\/v2\/users\/1"}],"replies":[{"embeddable":true,"href":"https:\/\/hubertpietka.bialystok.pl\/index.php?rest_route=%2Fwp%2Fv2%2Fcomments&post=7791"}],"version-history":[{"count":2,"href":"https:\/\/hubertpietka.bialystok.pl\/index.php?rest_route=\/wp\/v2\/pages\/7791\/revisions"}],"predecessor-version":[{"id":7795,"href":"https:\/\/hubertpietka.bialystok.pl\/index.php?rest_route=\/wp\/v2\/pages\/7791\/revisions\/7795"}],"wp:attachment":[{"href":"https:\/\/hubertpietka.bialystok.pl\/index.php?rest_route=%2Fwp%2Fv2%2Fmedia&parent=7791"}],"curies":[{"name":"wp","href":"https:\/\/api.w.org\/{rel}","templated":true}]}}