{"id":7796,"date":"2024-01-06T13:18:26","date_gmt":"2024-01-06T13:18:26","guid":{"rendered":"https:\/\/hubertpietka.bialystok.pl\/?page_id=7796"},"modified":"2024-01-06T13:18:26","modified_gmt":"2024-01-06T13:18:26","slug":"epitafium-dla-witolda","status":"publish","type":"page","link":"https:\/\/hubertpietka.bialystok.pl\/?page_id=7796","title":{"rendered":"Epitafium \/ dla Witolda"},"content":{"rendered":"\n<p>Witku Muzyku Ulicy<br>Chocia\u017c Ci\u0119 nie zna\u0142em osobi\u015bcie<br>To \u017ce mogliby\u015bmy si\u0119 polubi\u0107<br>Tak sobie my\u015bl\u0119<\/p>\n\n\n\n<p>Dzi\u0119kuj\u0119 Ci za Twoj\u0105 muzyk\u0119<br>My\u015bl\u0119 \u017ce ona by\u0142a<br>Do\u015b\u0107 sp\u00f3jna z Twym \u017cyciem<br>Dzi\u0119kuj\u0119 Ci za Twoj\u0105<br>Niezale\u017cno\u015b\u0107 i bezkompromisowo\u015b\u0107<br>A jednocze\u015bnie tkliwo\u015b\u0107 jasn\u0105<br>Kt\u00f3r\u0105 te\u017c gdzieniegdzie wyra\u017ca\u0142e\u015b<\/p>\n\n\n\n<p>Nie wiem co si\u0119 z Tob\u0105 dzia\u0142o<br>Przez czas jaki\u015b bo zamilk\u0142e\u015b<br>Nie wiem jaki by\u0142 tu Tw\u00f3j koniec<br><em>Ale co\u015b po Tobie pozosta\u0142o<br>Nie odesz\u0142e\u015b ca\u0142kiem<\/em><\/p>\n\n\n\n<figure class=\"wp-block-gallery has-nested-images columns-default is-cropped wp-block-gallery-1 is-layout-flex wp-block-gallery-is-layout-flex\">\n<figure class=\"wp-block-image size-large\"><a href=\"https:\/\/hubertpietka.bialystok.pl\/wp-content\/uploads\/2024\/01\/Resized_20231229_183338.jpeg\"><img loading=\"lazy\" decoding=\"async\" width=\"756\" height=\"1008\" data-id=\"7797\" src=\"https:\/\/hubertpietka.bialystok.pl\/wp-content\/uploads\/2024\/01\/Resized_20231229_183338.jpeg\" alt=\"\" class=\"wp-image-7797\" srcset=\"https:\/\/hubertpietka.bialystok.pl\/wp-content\/uploads\/2024\/01\/Resized_20231229_183338.jpeg 756w, https:\/\/hubertpietka.bialystok.pl\/wp-content\/uploads\/2024\/01\/Resized_20231229_183338-225x300.jpeg 225w\" sizes=\"auto, (max-width: 756px) 100vw, 756px\" \/><\/a><\/figure>\n<\/figure>\n\n\n\n<p><em>Na zdj. Naj\u015bwi\u0119tsze Jezusowe Serce<br>Z *<strong>\u017bor<\/strong>* pochodzi\u0142e\u015b<br>I my\u015bl\u0119 \u017ce serce mia\u0142e\u015b te\u017c *<strong>\u017car-liwe<\/strong>*<br>I to mi wystarczy<br>I Twoja muzyka<br>Tylko szkoda \u017ce tak szybko<\/em><\/p>\n\n\n\n<p><em>I tak na koniec<br>Po Witoldzie Pileckim<br>To kolejna wielka strata Witolda<br>Dla Polski<\/em><\/p>\n\n\n\n<p><em>Odpoczywaj w Pokoju<br>Synu Polski i muzyki<br>Wyrazy wsp\u00f3\u0142czucia dla bliskich<\/em><\/p>\n\n\n\n<p><strong><em><a href=\"https:\/\/youtu.be\/cwhirEmOthM?si=2xh3vyJURFdnaDwU\">D\u017cem &#8211; Skazany na bluesa <\/a><\/em><\/strong><\/p>\n\n\n\n<p class=\"has-text-align-center\">\/<\/p>\n\n\n\n<p class=\"has-text-align-right\"><strong><em><a href=\"https:\/\/youtu.be\/2Y032q9Hjps?si=Q2w2j-ieOl5GOF6B\">Witek Muzyk Ulicy &#8211; Serce Wolno\u015bci <\/a><\/em><\/strong><\/p>\n\n\n\n<p class=\"has-text-align-right\"><strong><em><a href=\"https:\/\/youtu.be\/WvFzB5D8Cuk?si=nd4_rIIxtDjtfPpt\">Witek Muzyk Ulicy &#8211; Prosz\u0119 Polsko nie umieraj <\/a><\/em><\/strong><\/p>\n\n\n\n<p class=\"has-text-align-right\"><strong><em><a href=\"https:\/\/youtu.be\/WUbLyy9BM50?si=_pALF3aK97Gua6uc\">Witek Muzyk Ulicy &#8211; Dla Neli <\/a><\/em><\/strong><\/p>\n\n\n\n<figure class=\"wp-block-gallery has-nested-images columns-default is-cropped wp-block-gallery-2 is-layout-flex wp-block-gallery-is-layout-flex\"><\/figure>\n\n\n\n<figure class=\"wp-block-gallery has-nested-images columns-default is-cropped wp-block-gallery-3 is-layout-flex wp-block-gallery-is-layout-flex\"><\/figure>\n","protected":false},"excerpt":{"rendered":"<p>Witku Muzyku UlicyChocia\u017c Ci\u0119 nie zna\u0142em osobi\u015bcieTo \u017ce mogliby\u015bmy si\u0119 polubi\u0107Tak sobie my\u015bl\u0119 Dzi\u0119kuj\u0119 Ci za Twoj\u0105 muzyk\u0119My\u015bl\u0119 \u017ce ona by\u0142aDo\u015b\u0107 sp\u00f3jna z Twym \u017cyciemDzi\u0119kuj\u0119&hellip; <\/p>\n","protected":false},"author":1,"featured_media":0,"parent":0,"menu_order":0,"comment_status":"closed","ping_status":"closed","template":"","meta":{"footnotes":""},"class_list":["post-7796","page","type-page","status-publish","hentry"],"_links":{"self":[{"href":"https:\/\/hubertpietka.bialystok.pl\/index.php?rest_route=\/wp\/v2\/pages\/7796","targetHints":{"allow":["GET"]}}],"collection":[{"href":"https:\/\/hubertpietka.bialystok.pl\/index.php?rest_route=\/wp\/v2\/pages"}],"about":[{"href":"https:\/\/hubertpietka.bialystok.pl\/index.php?rest_route=\/wp\/v2\/types\/page"}],"author":[{"embeddable":true,"href":"https:\/\/hubertpietka.bialystok.pl\/index.php?rest_route=\/wp\/v2\/users\/1"}],"replies":[{"embeddable":true,"href":"https:\/\/hubertpietka.bialystok.pl\/index.php?rest_route=%2Fwp%2Fv2%2Fcomments&post=7796"}],"version-history":[{"count":1,"href":"https:\/\/hubertpietka.bialystok.pl\/index.php?rest_route=\/wp\/v2\/pages\/7796\/revisions"}],"predecessor-version":[{"id":7798,"href":"https:\/\/hubertpietka.bialystok.pl\/index.php?rest_route=\/wp\/v2\/pages\/7796\/revisions\/7798"}],"wp:attachment":[{"href":"https:\/\/hubertpietka.bialystok.pl\/index.php?rest_route=%2Fwp%2Fv2%2Fmedia&parent=7796"}],"curies":[{"name":"wp","href":"https:\/\/api.w.org\/{rel}","templated":true}]}}