{"id":7802,"date":"2024-01-07T16:57:30","date_gmt":"2024-01-07T16:57:30","guid":{"rendered":"https:\/\/hubertpietka.bialystok.pl\/?page_id=7802"},"modified":"2024-01-07T16:57:30","modified_gmt":"2024-01-07T16:57:30","slug":"bohaterowie-wielkoswiatowi","status":"publish","type":"page","link":"https:\/\/hubertpietka.bialystok.pl\/?page_id=7802","title":{"rendered":"Bohaterowie \/ wielko\u015bwiatowi"},"content":{"rendered":"\n<p>Wspominaj\u0105c sw\u00f3j chrzest<br>Czas na ma\u0142\u0105 retrospekcj\u0119<br>Jako\u015b tak kiedy\u015b udawali<br>Po pewnym momencie eskalacji<br>\u017be oni nic \u017ce i gdzie tam<br>A jednak teraz niemal otwarcie<br>Byleby tylko spe\u0142ni\u0107 swe<br>Z\u0142owrogie wobec nas zap\u0119dy<\/p>\n\n\n\n<p>Or\u0142y soko\u0142y herosi a\u017c tacy<br>A mo\u017ce jednak s\u0119py bardziej<br>Skoro kr\u0105\u017c\u0105 wok\u00f3\u0142 tacy inni<br>Czekaj\u0105c by rzuci\u0107 si\u0119<br>Wreszcie na ciebie<br>Was twoich i twoje<br>Pod jakimtamkolwiek pozorem<br>\u015aciemy takiej czy innej<\/p>\n\n\n\n<p>Ja nie m\u00f3wi\u0119<br>\u017be jestem czy b\u0119d\u0119 idealny<br>Szczeg\u00f3lnie w oczach \u015bwiata <br>Zreszt\u0105 nie o to chodzi<br><em>Ale dzi\u0119ki Bo\u017cej \u0142asce<br>Jestem czym jestem<\/em><br>Nie zawsze by\u0142em taki<br>Cho\u0107by i w stosunku do \u017cony<br>Lecz my\u015bl\u0119 \u017ce mia\u0142em czas<br>By sw\u0105 wierno\u015b\u0107 udowodni\u0107<br>W duchu Bo\u017cym<br>Mnie te\u017c kiedy\u015b zwie\u015b\u0107 mog\u0142y<br>R\u00f3\u017cne zap\u0119dy \u015bwiatowe<br>Lecz w Bogu odnalaz\u0142em i odnajduj\u0119<br>Wszystkie drogi swoje<\/p>\n\n\n\n<figure class=\"wp-block-image size-full\"><a href=\"https:\/\/hubertpietka.bialystok.pl\/wp-content\/uploads\/2024\/01\/Resized_20231227_171932.jpeg\"><img loading=\"lazy\" decoding=\"async\" width=\"756\" height=\"1008\" src=\"https:\/\/hubertpietka.bialystok.pl\/wp-content\/uploads\/2024\/01\/Resized_20231227_171932.jpeg\" alt=\"\" class=\"wp-image-7803\" srcset=\"https:\/\/hubertpietka.bialystok.pl\/wp-content\/uploads\/2024\/01\/Resized_20231227_171932.jpeg 756w, https:\/\/hubertpietka.bialystok.pl\/wp-content\/uploads\/2024\/01\/Resized_20231227_171932-225x300.jpeg 225w\" sizes=\"auto, (max-width: 756px) 100vw, 756px\" \/><\/a><\/figure>\n\n\n\n<p><em>Na zdj. Chrzest Jezusa dzisiaj<br>Obraz w ko\u015bciele w *<strong>So-ko\u0142ach<\/strong>*<br>*<strong>So<\/strong>* wi\u0119c i na *<strong>ko\u0142ach<\/strong>*<br>Kiedy jestem jeste\u015bmy<br>R\u00f3\u017cne s\u0119py<br>I gdziekolwiek zreszt\u0105 b\u0119d\u0105c podobnie<br>Dopa\u015b\u0107 zabi\u0107 gwa\u0142t zada\u0107<br>Bardzo pi\u0119kna sprawa<br>Tych bohater\u00f3w ichniego \u015bwiata<\/em><\/p>\n\n\n\n<p class=\"has-text-align-center\"><strong><em><a href=\"https:\/\/youtu.be\/5X88okrkp2k?si=e8IyJ4u4HmdO2vPW\">Damian Ukeje &#8211; Kamie\u0144 <\/a><\/em><\/strong><\/p>\n","protected":false},"excerpt":{"rendered":"<p>Wspominaj\u0105c sw\u00f3j chrzestCzas na ma\u0142\u0105 retrospekcj\u0119Jako\u015b tak kiedy\u015b udawaliPo pewnym momencie eskalacji\u017be oni nic \u017ce i gdzie tamA jednak teraz niemal otwarcieByleby tylko spe\u0142ni\u0107 sweZ\u0142owrogie&hellip; <\/p>\n","protected":false},"author":1,"featured_media":0,"parent":0,"menu_order":0,"comment_status":"closed","ping_status":"closed","template":"","meta":{"footnotes":""},"class_list":["post-7802","page","type-page","status-publish","hentry"],"_links":{"self":[{"href":"https:\/\/hubertpietka.bialystok.pl\/index.php?rest_route=\/wp\/v2\/pages\/7802","targetHints":{"allow":["GET"]}}],"collection":[{"href":"https:\/\/hubertpietka.bialystok.pl\/index.php?rest_route=\/wp\/v2\/pages"}],"about":[{"href":"https:\/\/hubertpietka.bialystok.pl\/index.php?rest_route=\/wp\/v2\/types\/page"}],"author":[{"embeddable":true,"href":"https:\/\/hubertpietka.bialystok.pl\/index.php?rest_route=\/wp\/v2\/users\/1"}],"replies":[{"embeddable":true,"href":"https:\/\/hubertpietka.bialystok.pl\/index.php?rest_route=%2Fwp%2Fv2%2Fcomments&post=7802"}],"version-history":[{"count":1,"href":"https:\/\/hubertpietka.bialystok.pl\/index.php?rest_route=\/wp\/v2\/pages\/7802\/revisions"}],"predecessor-version":[{"id":7804,"href":"https:\/\/hubertpietka.bialystok.pl\/index.php?rest_route=\/wp\/v2\/pages\/7802\/revisions\/7804"}],"wp:attachment":[{"href":"https:\/\/hubertpietka.bialystok.pl\/index.php?rest_route=%2Fwp%2Fv2%2Fmedia&parent=7802"}],"curies":[{"name":"wp","href":"https:\/\/api.w.org\/{rel}","templated":true}]}}