{"id":7814,"date":"2024-01-10T08:37:58","date_gmt":"2024-01-10T08:37:58","guid":{"rendered":"https:\/\/hubertpietka.bialystok.pl\/?page_id=7814"},"modified":"2024-01-10T08:37:58","modified_gmt":"2024-01-10T08:37:58","slug":"cesarz-w-co-ty-grasz","status":"publish","type":"page","link":"https:\/\/hubertpietka.bialystok.pl\/?page_id=7814","title":{"rendered":"Cesarz \/ w co ty grasz"},"content":{"rendered":"\n<p>A ten nasz cesarz krajowy<br>I jego \u015bwita<br>Wprost zadziwiaj\u0105ce<br>Z jak\u0105 szybko\u015bci\u0105<br>\u0141amie si\u0119 w tym kraju praworz\u0105dno\u015b\u0107<br>Metodami i\u015bcie \u017ce wschodu<br>Czy wprowadza si\u0119<br>Zniewalaj\u0105ce ideologie<br>Genetycznie z zachodu<br>Kt\u00f3re maj\u0105 os\u0142abi\u0107 czujno\u015b\u0107 narodu<br>I uczyni\u0107 z niego<br>Niejako papk\u0119 bezw\u0142adn\u0105 s\u0142ab\u0105<br>Podatn\u0105 na wszelkie manipulacje<br>To wprost zadziwiaj\u0105ce<\/p>\n\n\n\n<p>A czy\u017c ten g\u0142os Ewangelii<br>I dzisiaj si\u0119 nie rozlega<br><em>Wiem kim jeste\u015b wyznawco Boga<br>Przyszed\u0142e\u015b nas zgubi\u0107<\/em><br>Tak z\u0142y duch m\u00f3wi gdzieniegdzie<br>W takich czy innych<br>Czy\u017c nie odno\u015bnie nas te\u017c<br>A parali\u017c strachu tych w\u0142a\u015bnie<br>Przed inwazj\u0105 ze wschodu<br>Czy\u017c nie ka\u017ce im czyni\u0107 i m\u00f3wi\u0107<br>Tak w\u0142a\u015bnie i wprowadza\u0107 ideologie r\u00f3\u017cne chore<\/p>\n\n\n\n<figure class=\"wp-block-image size-full\"><a href=\"https:\/\/hubertpietka.bialystok.pl\/wp-content\/uploads\/2024\/01\/Resized_20240108_185417.jpeg\"><img loading=\"lazy\" decoding=\"async\" width=\"756\" height=\"1008\" src=\"https:\/\/hubertpietka.bialystok.pl\/wp-content\/uploads\/2024\/01\/Resized_20240108_185417.jpeg\" alt=\"\" class=\"wp-image-7815\" srcset=\"https:\/\/hubertpietka.bialystok.pl\/wp-content\/uploads\/2024\/01\/Resized_20240108_185417.jpeg 756w, https:\/\/hubertpietka.bialystok.pl\/wp-content\/uploads\/2024\/01\/Resized_20240108_185417-225x300.jpeg 225w\" sizes=\"auto, (max-width: 756px) 100vw, 756px\" \/><\/a><\/figure>\n\n\n\n<p><em>Na zdj. Stajenka w Bo\u017cym Mi\u0142osierdziu<br>Nad ni\u0105 gwiazda<br>A oni wpatrzeni w gwiazd\u0119 ze wschodu<br>Kt\u00f3ra bynajmniej nie prowadzi<br>Do Jezusa i Jego wytycznych<br>Czy w gwiazdy na zachodzie<br>Strach i deprawuj\u0105ce ludzi ideologie<\/em><\/p>\n\n\n\n<p><em>A czy\u017c nie w imi\u0119<br>Tych idei r\u00f3\u017cnych chorych<br>Nie maj\u0105 przyj\u015b\u0107 po mnie<br>I zrobi\u0107 co\u015b mojej \u017conie<br>Z\u0142o nam naszemu naszym wyrz\u0105dzi\u0107<\/em><\/p>\n","protected":false},"excerpt":{"rendered":"<p>A ten nasz cesarz krajowyI jego \u015bwitaWprost zadziwiaj\u0105ceZ jak\u0105 szybko\u015bci\u0105\u0141amie si\u0119 w tym kraju praworz\u0105dno\u015b\u0107Metodami i\u015bcie \u017ce wschoduCzy wprowadza si\u0119Zniewalaj\u0105ce ideologieGenetycznie z zachoduKt\u00f3re maj\u0105 os\u0142abi\u0107&hellip; <\/p>\n","protected":false},"author":1,"featured_media":0,"parent":0,"menu_order":0,"comment_status":"closed","ping_status":"closed","template":"","meta":{"footnotes":""},"class_list":["post-7814","page","type-page","status-publish","hentry"],"_links":{"self":[{"href":"https:\/\/hubertpietka.bialystok.pl\/index.php?rest_route=\/wp\/v2\/pages\/7814","targetHints":{"allow":["GET"]}}],"collection":[{"href":"https:\/\/hubertpietka.bialystok.pl\/index.php?rest_route=\/wp\/v2\/pages"}],"about":[{"href":"https:\/\/hubertpietka.bialystok.pl\/index.php?rest_route=\/wp\/v2\/types\/page"}],"author":[{"embeddable":true,"href":"https:\/\/hubertpietka.bialystok.pl\/index.php?rest_route=\/wp\/v2\/users\/1"}],"replies":[{"embeddable":true,"href":"https:\/\/hubertpietka.bialystok.pl\/index.php?rest_route=%2Fwp%2Fv2%2Fcomments&post=7814"}],"version-history":[{"count":1,"href":"https:\/\/hubertpietka.bialystok.pl\/index.php?rest_route=\/wp\/v2\/pages\/7814\/revisions"}],"predecessor-version":[{"id":7816,"href":"https:\/\/hubertpietka.bialystok.pl\/index.php?rest_route=\/wp\/v2\/pages\/7814\/revisions\/7816"}],"wp:attachment":[{"href":"https:\/\/hubertpietka.bialystok.pl\/index.php?rest_route=%2Fwp%2Fv2%2Fmedia&parent=7814"}],"curies":[{"name":"wp","href":"https:\/\/api.w.org\/{rel}","templated":true}]}}