{"id":782,"date":"2017-08-25T10:29:01","date_gmt":"2017-08-25T10:29:01","guid":{"rendered":"http:\/\/hubertpietka.bialystok.pl\/?page_id=782"},"modified":"2017-08-25T10:29:01","modified_gmt":"2017-08-25T10:29:01","slug":"oczekiwanie","status":"publish","type":"page","link":"https:\/\/hubertpietka.bialystok.pl\/?page_id=782","title":{"rendered":"Oczekiwanie"},"content":{"rendered":"<p><strong>Oczekiwanie<\/strong><\/p>\n<p>&nbsp;<\/p>\n<p>czasem trwanie<\/p>\n<p>to oczekiwanie<\/p>\n<p>&nbsp;<\/p>\n<p>lecz nie bole\u015bnie<\/p>\n<p>a rado\u015bnie<\/p>\n<p>&nbsp;<\/p>\n<p>zim\u0105 latem jesieni\u0105<\/p>\n<p>i przy wio\u015bnie<\/p>\n<p>&nbsp;<\/p>\n<p>wsp\u00f3lnie wt\u00f3rem<\/p>\n<p>pospo\u0142em i razem<\/p>\n<p>&nbsp;<\/p>\n<p>trwa\u0107 to by\u0107<\/p>\n<p>wi\u0119cej ni\u017c mie\u0107<\/p>\n<p>&nbsp;<\/p>\n<p>oczekiwanie na<\/p>\n<p>zmartwychpowstanie<\/p>\n<p>&nbsp;<\/p>\n<p>ze wzrokiem jasnym<\/p>\n<p>sercem czystym<\/p>\n<p>&nbsp;<\/p>\n<p>w dobrym klimacie<\/p>\n<p>w ka\u017cdej chacie<\/p>\n<p>&nbsp;<\/p>\n<p>prosto i dobrze<\/p>\n<p>w prawdzie i szczodrze<\/p>\n<p>&nbsp;<\/p>\n<p>w westchnieniu<\/p>\n<p>i w ka\u017cdym okamgnieniu<\/p>\n<p>&nbsp;<\/p>\n<p>w zdrowiu przy muzyce<\/p>\n<p>na zewn\u0105trz i przy \u015bwiecach<\/p>\n<p>&nbsp;<\/p>\n<p>bogobojnie i \u017cyczliwie<\/p>\n<p>wobec brata w potrzebie<\/p>\n<p>&nbsp;<\/p>\n<p>takie oczekiwanie<\/p>\n<p>podoba si\u0119 Panu<\/p>\n","protected":false},"excerpt":{"rendered":"<p>Oczekiwanie &nbsp; czasem trwanie to oczekiwanie &nbsp; lecz nie bole\u015bnie a rado\u015bnie &nbsp; zim\u0105 latem jesieni\u0105 i przy wio\u015bnie &nbsp; wsp\u00f3lnie wt\u00f3rem pospo\u0142em i razem&hellip; <\/p>\n","protected":false},"author":1,"featured_media":0,"parent":0,"menu_order":0,"comment_status":"closed","ping_status":"closed","template":"","meta":{"footnotes":""},"class_list":["post-782","page","type-page","status-publish","hentry"],"_links":{"self":[{"href":"https:\/\/hubertpietka.bialystok.pl\/index.php?rest_route=\/wp\/v2\/pages\/782","targetHints":{"allow":["GET"]}}],"collection":[{"href":"https:\/\/hubertpietka.bialystok.pl\/index.php?rest_route=\/wp\/v2\/pages"}],"about":[{"href":"https:\/\/hubertpietka.bialystok.pl\/index.php?rest_route=\/wp\/v2\/types\/page"}],"author":[{"embeddable":true,"href":"https:\/\/hubertpietka.bialystok.pl\/index.php?rest_route=\/wp\/v2\/users\/1"}],"replies":[{"embeddable":true,"href":"https:\/\/hubertpietka.bialystok.pl\/index.php?rest_route=%2Fwp%2Fv2%2Fcomments&post=782"}],"version-history":[{"count":1,"href":"https:\/\/hubertpietka.bialystok.pl\/index.php?rest_route=\/wp\/v2\/pages\/782\/revisions"}],"predecessor-version":[{"id":783,"href":"https:\/\/hubertpietka.bialystok.pl\/index.php?rest_route=\/wp\/v2\/pages\/782\/revisions\/783"}],"wp:attachment":[{"href":"https:\/\/hubertpietka.bialystok.pl\/index.php?rest_route=%2Fwp%2Fv2%2Fmedia&parent=782"}],"curies":[{"name":"wp","href":"https:\/\/api.w.org\/{rel}","templated":true}]}}