{"id":7841,"date":"2024-01-13T15:37:10","date_gmt":"2024-01-13T15:37:10","guid":{"rendered":"https:\/\/hubertpietka.bialystok.pl\/?page_id=7841"},"modified":"2024-01-13T15:37:10","modified_gmt":"2024-01-13T15:37:10","slug":"oczyszczone-widzenie-serca-przez-przebaczenie-w-bozym-milosierdziu","status":"publish","type":"page","link":"https:\/\/hubertpietka.bialystok.pl\/?page_id=7841","title":{"rendered":"Oczyszczone widzenie serca \/ przez przebaczenie w Bo\u017cym mi\u0142osierdziu"},"content":{"rendered":"\n<p>Chcia\u0142bym og\u0142osi\u0107 reset g\u0142\u0119boki<br><strong>Wybaczam wszystkim<br>Kt\u00f3rzy mnie skrzywdzili<br>W jakikolwiek spos\u00f3b<br>I prosz\u0119 o wybaczenie wszystkich<br>Kt\u00f3rym i ja co\u015b z\u0142ego<br>Wyrz\u0105dzi\u0107 mog\u0142em<\/strong><\/p>\n\n\n\n<p><em>Dzi\u015b \u015bw. Hilarego z Poitres<br>Niech to imi\u0119 sk\u0105din\u0105d<br>Polskim dzieciom znane<br>Pomo\u017ce znale\u017a\u0107 okulary<br>Nowej perspektywy<br>Tak zwanej otwartej<br>By si\u0119 nie zamyka\u0107<br>W okowach nienawi\u015bci<br>I ty mo\u017cesz powy\u017csze s\u0142owa<br>Powt\u00f3rzy\u0107 odpowiednio<br>Dopasowuj\u0105c je do wszystkich swego \u017cycia kr\u0119g\u00f3w<\/em><\/p>\n\n\n\n<p>I przebaczenie nie oznacza bynajmniej<br>Na z\u0142o si\u0119 godzenie<br>Dalej b\u0119d\u0119 broni\u0142<br>Nas naszego swoich i wszystkich<br>Przed niesprawiedliwo\u015bci\u0105 ka\u017cd\u0105<\/p>\n\n\n\n<p>Jednak perspektywa Bo\u017cego mi\u0142osierdzia<br>I tego\u017c przebaczenia<br>Pozwala zbilansowa\u0107 zr\u00f3wnowa\u017cy\u0107 w sobie<br>Wszystkie akcenty odpowiednio<\/p>\n\n\n\n<figure class=\"wp-block-gallery has-nested-images columns-default is-cropped wp-block-gallery-1 is-layout-flex wp-block-gallery-is-layout-flex\">\n<figure class=\"wp-block-image size-large\"><a href=\"https:\/\/hubertpietka.bialystok.pl\/wp-content\/uploads\/2024\/01\/Resized_20240113_085428.jpeg\"><img loading=\"lazy\" decoding=\"async\" width=\"756\" height=\"1008\" data-id=\"7842\" src=\"https:\/\/hubertpietka.bialystok.pl\/wp-content\/uploads\/2024\/01\/Resized_20240113_085428.jpeg\" alt=\"\" class=\"wp-image-7842\" srcset=\"https:\/\/hubertpietka.bialystok.pl\/wp-content\/uploads\/2024\/01\/Resized_20240113_085428.jpeg 756w, https:\/\/hubertpietka.bialystok.pl\/wp-content\/uploads\/2024\/01\/Resized_20240113_085428-225x300.jpeg 225w\" sizes=\"auto, (max-width: 756px) 100vw, 756px\" \/><\/a><\/figure>\n<\/figure>\n\n\n\n<p><strong>Na zdj. \u017b\u0142obek w kaplicy si\u00f3str franciszkanek<br>Przy Domu Pomocy Spo\u0142ecznej<br>Bardzo pi\u0119kny w odcieniach bieli<br>Czysto\u015b\u0107 pozwala spojrze\u0107 inaczej<br>I swe spojrzenia trzeba oczyszcza\u0107<br>By w odpowiedni spos\u00f3b te\u017c i patrze\u0107<br>Na t\u0105 Male\u0144k\u0105 Mi\u0142o\u015b\u0107<br>I kontemplowa\u0107 j\u0105 pi\u0119knie<br>Z Maryj\u0105 i \u015bw. J\u00f3zefem<br>Wed\u0142ug najczystszych serca odruch\u00f3w<\/strong><\/p>\n\n\n\n<p class=\"has-text-align-center\"><strong><em><a href=\"https:\/\/youtu.be\/fxSdY-0M-t8?si=fK8eLXnu51Q2jaYD\">Eleni &#8211; Male\u0144ka przysz\u0142a mi\u0142o\u015b\u0107 <\/a><\/em><\/strong><\/p>\n","protected":false},"excerpt":{"rendered":"<p>Chcia\u0142bym og\u0142osi\u0107 reset g\u0142\u0119bokiWybaczam wszystkimKt\u00f3rzy mnie skrzywdziliW jakikolwiek spos\u00f3bI prosz\u0119 o wybaczenie wszystkichKt\u00f3rym i ja co\u015b z\u0142egoWyrz\u0105dzi\u0107 mog\u0142em Dzi\u015b \u015bw. Hilarego z PoitresNiech to imi\u0119&hellip; <\/p>\n","protected":false},"author":1,"featured_media":0,"parent":0,"menu_order":0,"comment_status":"closed","ping_status":"closed","template":"","meta":{"footnotes":""},"class_list":["post-7841","page","type-page","status-publish","hentry"],"_links":{"self":[{"href":"https:\/\/hubertpietka.bialystok.pl\/index.php?rest_route=\/wp\/v2\/pages\/7841","targetHints":{"allow":["GET"]}}],"collection":[{"href":"https:\/\/hubertpietka.bialystok.pl\/index.php?rest_route=\/wp\/v2\/pages"}],"about":[{"href":"https:\/\/hubertpietka.bialystok.pl\/index.php?rest_route=\/wp\/v2\/types\/page"}],"author":[{"embeddable":true,"href":"https:\/\/hubertpietka.bialystok.pl\/index.php?rest_route=\/wp\/v2\/users\/1"}],"replies":[{"embeddable":true,"href":"https:\/\/hubertpietka.bialystok.pl\/index.php?rest_route=%2Fwp%2Fv2%2Fcomments&post=7841"}],"version-history":[{"count":1,"href":"https:\/\/hubertpietka.bialystok.pl\/index.php?rest_route=\/wp\/v2\/pages\/7841\/revisions"}],"predecessor-version":[{"id":7843,"href":"https:\/\/hubertpietka.bialystok.pl\/index.php?rest_route=\/wp\/v2\/pages\/7841\/revisions\/7843"}],"wp:attachment":[{"href":"https:\/\/hubertpietka.bialystok.pl\/index.php?rest_route=%2Fwp%2Fv2%2Fmedia&parent=7841"}],"curies":[{"name":"wp","href":"https:\/\/api.w.org\/{rel}","templated":true}]}}