{"id":7845,"date":"2024-01-15T07:58:10","date_gmt":"2024-01-15T07:58:10","guid":{"rendered":"https:\/\/hubertpietka.bialystok.pl\/?page_id=7845"},"modified":"2024-01-15T07:58:10","modified_gmt":"2024-01-15T07:58:10","slug":"wkrecanki-szatanskie","status":"publish","type":"page","link":"https:\/\/hubertpietka.bialystok.pl\/?page_id=7845","title":{"rendered":"*Wkr\u0119canki* \/ szata\u0144skie"},"content":{"rendered":"\n<p>Dwoj\u0105 si\u0119 i troj\u0105<br>Byleby tylko zabi\u0107 \u017con\u0119<br>Lub cho\u0107by jej z\u0142o uczyni\u0107<br>Kto za tym stoi niewa\u017cne<br>Ma by\u0107 z\u0142o\u017cona ona<br>Szatanowi w ofierze<br>Tak czy inaczej byleby tylko<br>Ja swego s\u0142owa nie cofn\u0119<br>Ju\u017c powiedzia\u0142em<br>Je\u015bli cokolwieczunio jej<br>\u015awiat ten sko\u0144czy si\u0119 te\u017c<\/p>\n\n\n\n<p>Byleby tylko *<strong>wkr\u0119ci\u0107 Ank\u0119<\/strong>*<br>Gwa\u0142t \u015bmier\u0107 zniewolenie zniszczenie<br>Oto co oni proponuj\u0105<br>Z sob\u0105 tu nios\u0105<\/p>\n\n\n\n<p>Pan B\u00f3g dopuszcza potencjalne *<strong>wkr\u0119canki<\/strong>*<br>Jak cho\u0107by z szemranymi lekami<br>\u017beby ukaza\u0107 te\u017c<br>Inne rzeczywisto\u015bci twarze te\u017c wa\u017cne<\/p>\n\n\n\n<p>Nienawi\u015b\u0107 nigdy nie jest<br>Drog\u0105 do Boga<br>Przebaczenie to nie s\u0142abo\u015b\u0107<br>Lecz zanurzenie si\u0119<br>W obfito\u015bci mi\u0142osierdzia Bo\u017cego<br>Co nie znaczy<br>\u017be ze z\u0142em nie trzeba<br>Na wszelkie sposoby walczy\u0107<br>Reset potrzebny czasem<br>By oczy\u015bci\u0107 swe spojrzenie serca<br>Ku niewinno\u015bci wi\u0119kszej<br>Ale ze z\u0142em trzeba walczy\u0107<br>Do ko\u0144ca na wszelkie sposoby<\/p>\n\n\n\n<figure class=\"wp-block-gallery has-nested-images columns-default is-cropped wp-block-gallery-1 is-layout-flex wp-block-gallery-is-layout-flex\">\n<figure class=\"wp-block-image size-large\"><a href=\"https:\/\/hubertpietka.bialystok.pl\/wp-content\/uploads\/2024\/01\/Resized_20240113_081346.jpeg\"><img loading=\"lazy\" decoding=\"async\" width=\"756\" height=\"1008\" data-id=\"7846\" src=\"https:\/\/hubertpietka.bialystok.pl\/wp-content\/uploads\/2024\/01\/Resized_20240113_081346.jpeg\" alt=\"\" class=\"wp-image-7846\" srcset=\"https:\/\/hubertpietka.bialystok.pl\/wp-content\/uploads\/2024\/01\/Resized_20240113_081346.jpeg 756w, https:\/\/hubertpietka.bialystok.pl\/wp-content\/uploads\/2024\/01\/Resized_20240113_081346-225x300.jpeg 225w\" sizes=\"auto, (max-width: 756px) 100vw, 756px\" \/><\/a><\/figure>\n<\/figure>\n\n\n\n<p><em>Na zdj. 3 donice st\u0105gwie<br>Pami\u0119tacie o weselu w Kanie<br>Ewangeliczna przypowie\u015b\u0107<br>Te trzy tu to ja \u017cona i nasze zwierz\u0119ta<br>Je\u015bli zabraknie jakiegokolwiek<br>Z tych tu element\u00f3w<br>\u015awiat si\u0119 sko\u0144czy<br>Bo one s\u0105 jedno\u015bci\u0105<br>Upadek jednej powoduje tak\u017ce<br>Upadek tych pozosta\u0142ych<br>I trzy jeszcze st\u0105gwie ewangeliczne w domy\u015ble<br>Wszystko nasze nasi i naszych<br>Szatan najpierw walczy<br>O zniszczenie w\u0142a\u015bnie tego<br>By m\u00f3g\u0142 pogr\u0105\u017cy\u0107 \u015bwiat<br>Bo czasu na ma\u0142o<br>Wie o tym<br>I chc\u0119 zwie\u0144czy\u0107 dzie\u0142o zniszczenia<br>W taki w\u0142a\u015bnie chocia\u017c spos\u00f3b<br>Ale B\u00f3g i tak zwyci\u0119\u017cy<\/em><\/p>\n","protected":false},"excerpt":{"rendered":"<p>Dwoj\u0105 si\u0119 i troj\u0105Byleby tylko zabi\u0107 \u017con\u0119Lub cho\u0107by jej z\u0142o uczyni\u0107Kto za tym stoi niewa\u017cneMa by\u0107 z\u0142o\u017cona onaSzatanowi w ofierzeTak czy inaczej byleby tylkoJa swego&hellip; <\/p>\n","protected":false},"author":1,"featured_media":0,"parent":0,"menu_order":0,"comment_status":"closed","ping_status":"closed","template":"","meta":{"footnotes":""},"class_list":["post-7845","page","type-page","status-publish","hentry"],"_links":{"self":[{"href":"https:\/\/hubertpietka.bialystok.pl\/index.php?rest_route=\/wp\/v2\/pages\/7845","targetHints":{"allow":["GET"]}}],"collection":[{"href":"https:\/\/hubertpietka.bialystok.pl\/index.php?rest_route=\/wp\/v2\/pages"}],"about":[{"href":"https:\/\/hubertpietka.bialystok.pl\/index.php?rest_route=\/wp\/v2\/types\/page"}],"author":[{"embeddable":true,"href":"https:\/\/hubertpietka.bialystok.pl\/index.php?rest_route=\/wp\/v2\/users\/1"}],"replies":[{"embeddable":true,"href":"https:\/\/hubertpietka.bialystok.pl\/index.php?rest_route=%2Fwp%2Fv2%2Fcomments&post=7845"}],"version-history":[{"count":1,"href":"https:\/\/hubertpietka.bialystok.pl\/index.php?rest_route=\/wp\/v2\/pages\/7845\/revisions"}],"predecessor-version":[{"id":7847,"href":"https:\/\/hubertpietka.bialystok.pl\/index.php?rest_route=\/wp\/v2\/pages\/7845\/revisions\/7847"}],"wp:attachment":[{"href":"https:\/\/hubertpietka.bialystok.pl\/index.php?rest_route=%2Fwp%2Fv2%2Fmedia&parent=7845"}],"curies":[{"name":"wp","href":"https:\/\/api.w.org\/{rel}","templated":true}]}}