{"id":7852,"date":"2024-01-16T11:01:57","date_gmt":"2024-01-16T11:01:57","guid":{"rendered":"https:\/\/hubertpietka.bialystok.pl\/?page_id=7852"},"modified":"2024-01-16T11:01:57","modified_gmt":"2024-01-16T11:01:57","slug":"klamstwa-szatana-o-nas-i-o-niej","status":"publish","type":"page","link":"https:\/\/hubertpietka.bialystok.pl\/?page_id=7852","title":{"rendered":"K\u0142amstwa szatana \/ o nas i o niej"},"content":{"rendered":"\n<p>Wielkim k\u0142amstwem szata\u0144skim<br>Na kt\u00f3re niekt\u00f3rzy<br>Daj\u0105 si\u0119 i nabra\u0107<br>Jest to \u017ce jak<br>Si\u0119 zgodz\u0119 na likwidacj\u0119 \u017cony<br>To wszystko b\u0119dzie dobrze<\/p>\n\n\n\n<p>Nie b\u0119dzie<br>\u017bona jest tylko punktem po\u015brednim<br>Do likwidacji mnie<\/p>\n\n\n\n<p>Innym k\u0142amstwem diabelskim<br>Jest to \u017ce jak skazana to winna<br>Dzi\u015b wspominany jest<br>\u015aw. J\u00f3zef *<strong>An-toni To-vini<\/strong>*<br>*<strong>An temu nie winna<\/strong>*<br>\u017be oni maj\u0105<br>Ku z\u0142a zap\u0119dy dla nas<\/p>\n\n\n\n<p>Inne k\u0142amstwo diabelskie<br>\u017be jak jest *<strong>skazana<\/strong>*<br>To *<strong>skaza na niej<\/strong>*<br>Jedyn\u0105 jej skaz\u0105 w istocie<br>Jest wierno\u015b\u0107 Bogu i m\u0119\u017cowi<\/p>\n\n\n\n<p>Tak si\u0119 maj\u0105 sprawy<br>Z k\u0142amstwami diabelskimi<br>Byleby tylko spe\u0142ni\u0107 z\u0142o<br>Po\u017c\u0105da\u0144 wszelkich<br>Wobec nas naszego i naszych<\/p>\n\n\n\n<figure class=\"wp-block-image size-full\"><a href=\"https:\/\/hubertpietka.bialystok.pl\/wp-content\/uploads\/2024\/01\/Resized_20240116_090123.jpeg\"><img loading=\"lazy\" decoding=\"async\" width=\"1008\" height=\"756\" src=\"https:\/\/hubertpietka.bialystok.pl\/wp-content\/uploads\/2024\/01\/Resized_20240116_090123.jpeg\" alt=\"\" class=\"wp-image-7853\" srcset=\"https:\/\/hubertpietka.bialystok.pl\/wp-content\/uploads\/2024\/01\/Resized_20240116_090123.jpeg 1008w, https:\/\/hubertpietka.bialystok.pl\/wp-content\/uploads\/2024\/01\/Resized_20240116_090123-300x225.jpeg 300w, https:\/\/hubertpietka.bialystok.pl\/wp-content\/uploads\/2024\/01\/Resized_20240116_090123-768x576.jpeg 768w\" sizes=\"auto, (max-width: 1008px) 100vw, 1008px\" \/><\/a><\/figure>\n\n\n\n<p><em>Na zdj. Je\u015bli tak si\u0119 maj\u0105 rzeczy<br>To dlaczego B\u00f3g<br>Roz\u015bwietla ka\u017cd\u0105 jej prac\u0119 najmniejsz\u0105 <br>Jak i t\u0105 na zdj\u0119ciu<br>Spo\u015br\u00f3d te\u017c rzeczy \u015bwiata innych<\/em><\/p>\n\n\n\n<p><em>Diabelskie k\u0142amstwa maj\u0105 za zadanie<br>Przetransponowa\u0107 tak rzeczywisto\u015b\u0107<br>By by\u0142a ona widziana<br>Wed\u0142ug po\u017c\u0105da\u0144 diab\u0142a<br>I by prawda nie by\u0142a wa\u017cna<\/em><\/p>\n","protected":false},"excerpt":{"rendered":"<p>Wielkim k\u0142amstwem szata\u0144skimNa kt\u00f3re niekt\u00f3rzyDaj\u0105 si\u0119 i nabra\u0107Jest to \u017ce jakSi\u0119 zgodz\u0119 na likwidacj\u0119 \u017conyTo wszystko b\u0119dzie dobrze Nie b\u0119dzie\u017bona jest tylko punktem po\u015brednimDo likwidacji&hellip; <\/p>\n","protected":false},"author":1,"featured_media":0,"parent":0,"menu_order":0,"comment_status":"closed","ping_status":"closed","template":"","meta":{"footnotes":""},"class_list":["post-7852","page","type-page","status-publish","hentry"],"_links":{"self":[{"href":"https:\/\/hubertpietka.bialystok.pl\/index.php?rest_route=\/wp\/v2\/pages\/7852","targetHints":{"allow":["GET"]}}],"collection":[{"href":"https:\/\/hubertpietka.bialystok.pl\/index.php?rest_route=\/wp\/v2\/pages"}],"about":[{"href":"https:\/\/hubertpietka.bialystok.pl\/index.php?rest_route=\/wp\/v2\/types\/page"}],"author":[{"embeddable":true,"href":"https:\/\/hubertpietka.bialystok.pl\/index.php?rest_route=\/wp\/v2\/users\/1"}],"replies":[{"embeddable":true,"href":"https:\/\/hubertpietka.bialystok.pl\/index.php?rest_route=%2Fwp%2Fv2%2Fcomments&post=7852"}],"version-history":[{"count":1,"href":"https:\/\/hubertpietka.bialystok.pl\/index.php?rest_route=\/wp\/v2\/pages\/7852\/revisions"}],"predecessor-version":[{"id":7854,"href":"https:\/\/hubertpietka.bialystok.pl\/index.php?rest_route=\/wp\/v2\/pages\/7852\/revisions\/7854"}],"wp:attachment":[{"href":"https:\/\/hubertpietka.bialystok.pl\/index.php?rest_route=%2Fwp%2Fv2%2Fmedia&parent=7852"}],"curies":[{"name":"wp","href":"https:\/\/api.w.org\/{rel}","templated":true}]}}