{"id":7860,"date":"2024-01-17T22:54:35","date_gmt":"2024-01-17T22:54:35","guid":{"rendered":"https:\/\/hubertpietka.bialystok.pl\/?page_id=7860"},"modified":"2024-01-17T22:54:35","modified_gmt":"2024-01-17T22:54:35","slug":"co-czuja-misie-i-wielki-fill-istyn-poza-nienawiscia","status":"publish","type":"page","link":"https:\/\/hubertpietka.bialystok.pl\/?page_id=7860","title":{"rendered":"Co czuj\u0105 misie i wielki *fill-istyn* \/ poza nienawi\u015bci\u0105"},"content":{"rendered":"\n<p>S\u0105 tacy<br>Kt\u00f3rzy my\u015bl\u0105<br>\u017be wszystko mo\u017cna<br>Nienawi\u015bci\u0105 i przemoc\u0105<\/p>\n\n\n\n<p>Jest tu taki jeden<br>W najbli\u017cszym s\u0105siedztwie<br>Kt\u00f3ry napa\u015b\u0107 mnie<br>Chce koniecznie<br>(Zreszt\u0105 nie on jeden)<br>Ma koligacje z misiami<br>Wi\u0119c my\u015bli \u017ce jest panem<br>Oni maj\u0105 mu przyj\u015b\u0107<br>Przy tej napa\u015bci w sukurs<br>My\u015bli \u017ce jak go budzi cokolwiek<br>Cho\u0107by dziecko<br>To ten czas<br>Mo\u017ce on wykorzysta\u0107 na napa\u015b\u0107<\/p>\n\n\n\n<p>Wi\u0119c on i misie najch\u0119tniej<br>Po ubecku<br>I inni tacy te\u017c zapewne<\/p>\n\n\n\n<p>A inni zasad\u0105 t\u0105 sam\u0105<br>Te\u017c w \u017con\u0119<br>Lub chocia\u017c pozbawi\u0107<br>J\u0105 telefonu<br>Albo w te zwierz\u0119ta<br>Bo jakby nie kot<br>To pewnie by\u0142aby ju\u017c napa\u015b\u0107<br>Albo w samochody w naszych<br>W nasze i tym podobne<\/p>\n\n\n\n<p>A ten tu jeden jedyny<br>My\u015bli chyba<br>\u017be jest wielkim filistynem<br>Kt\u00f3ry ma zmia\u017cd\u017cy\u0107 pch\u0142\u0119 ludzk\u0105<br>Przy pomocy misi\u00f3w<br>Podobnie my\u015bl\u0105 inni oni<br>O mojej \u017conie naszych zwierz\u0119tach<br>Wszystkich naszych i tak dalej<br>A ja mam tylko<br>Kilka s\u0142\u00f3w z procy<br>Do tej obrony<\/p>\n\n\n\n<figure class=\"wp-block-image size-large\"><a href=\"https:\/\/hubertpietka.bialystok.pl\/wp-content\/uploads\/2024\/01\/20240117_184009-scaled.jpg\"><img loading=\"lazy\" decoding=\"async\" width=\"768\" height=\"1024\" src=\"https:\/\/hubertpietka.bialystok.pl\/wp-content\/uploads\/2024\/01\/20240117_184009-768x1024.jpg\" alt=\"\" class=\"wp-image-7861\" srcset=\"https:\/\/hubertpietka.bialystok.pl\/wp-content\/uploads\/2024\/01\/20240117_184009-768x1024.jpg 768w, https:\/\/hubertpietka.bialystok.pl\/wp-content\/uploads\/2024\/01\/20240117_184009-225x300.jpg 225w, https:\/\/hubertpietka.bialystok.pl\/wp-content\/uploads\/2024\/01\/20240117_184009-1152x1536.jpg 1152w, https:\/\/hubertpietka.bialystok.pl\/wp-content\/uploads\/2024\/01\/20240117_184009-1536x2048.jpg 1536w, https:\/\/hubertpietka.bialystok.pl\/wp-content\/uploads\/2024\/01\/20240117_184009-scaled.jpg 1920w\" sizes=\"auto, (max-width: 768px) 100vw, 768px\" \/><\/a><\/figure>\n\n\n\n<p>Na zdj. Stajenka w \u0142om\u017cy\u0144skim Bo\u017cym mi\u0142osierdziu<br>Jak Herod do stajenki<br>By dopa\u015b\u0107 Jezusa<br>Na wszelki mo\u017cliwy spos\u00f3b<br>Tylko tu i osio\u0142ka i Maryj\u0119 i zwierz\u0119ta<br>Te\u017c zlikwidowa\u0107 trzebaby<br>I ten jeden jedyny filistyn<\/p>\n\n\n\n<p>\/<\/p>\n\n\n\n<p>Wyimki z poprzednich nocy<br>Aktywno\u015bci tego filistyna<br>Dzi\u0119ki czujno\u015bci kota tylko<br>Nas jeszcze on z misiami na sp\u00f3\u0142k\u0119<br>Nie dopad\u0142 odpowiednio<\/p>\n\n\n\n<p>\/<\/p>\n\n\n\n<p>Z wielk\u0105 estym\u0105 i przyjemno\u015bci\u0105<br>Upodobali sobie<br>Po ubedzku<br>T\u0105 pod\u0142\u0105 metod\u0119<\/p>\n\n\n\n<p>Nie ma to przecie\u017c<br>Jak wyrwa\u0107 z domowych pieleszy<br>Jak oni to lubi\u0105<\/p>\n\n\n\n<p>\/<\/p>\n\n\n\n<p>Oni nie szanuj\u0105 przecie\u017c<br>I czyjego\u015b domu<br>I czyjego\u015b te\u017c z Panem<br>Namiotu Spotkania<\/p>\n\n\n\n<p>Byleby tylko spe\u0142ni\u0107<br>Z\u0142a zap\u0119dy<br>Wszystko inne jest<br>Tylko pretekstem<\/p>\n\n\n\n<p>\/<\/p>\n\n\n\n<p>Ka\u017cdy dzie\u0144 ka\u017cda noc<br>To jest walka z nimi<br>Na \u015bmier\u0107 i \u017cycie<\/p>\n\n\n\n<p>\/<\/p>\n\n\n\n<p>W ka\u017cd\u0105 noc ju\u017c teraz<br>Wpisane te atrakcje pi\u0119kne<br>Po ubedzku<br>Sasi\u0119dzko-misiaczkowo<br>A w ka\u017cdy dzie\u0144<br>Te\u017c \u015bmier\u0107 \u017cony<br>Pi\u0119kny zestaw funduj\u0105 oni<br>Ka\u017cdego dnia nocy<br>Trzeba przyzna\u0107<\/p>\n\n\n\n<p>\/<\/p>\n\n\n\n<p>Traktuj\u0105 cz\u0142owieka<br>Jak \u015bmiecia<br>Wed\u0142ug zap\u0119d\u00f3w z\u0142a<\/p>\n","protected":false},"excerpt":{"rendered":"<p>S\u0105 tacyKt\u00f3rzy my\u015bl\u0105\u017be wszystko mo\u017cnaNienawi\u015bci\u0105 i przemoc\u0105 Jest tu taki jedenW najbli\u017cszym s\u0105siedztwieKt\u00f3ry napa\u015b\u0107 mnieChce koniecznie(Zreszt\u0105 nie on jeden)Ma koligacje z misiamiWi\u0119c my\u015bli \u017ce jest&hellip; <\/p>\n","protected":false},"author":1,"featured_media":0,"parent":0,"menu_order":0,"comment_status":"closed","ping_status":"closed","template":"","meta":{"footnotes":""},"class_list":["post-7860","page","type-page","status-publish","hentry"],"_links":{"self":[{"href":"https:\/\/hubertpietka.bialystok.pl\/index.php?rest_route=\/wp\/v2\/pages\/7860","targetHints":{"allow":["GET"]}}],"collection":[{"href":"https:\/\/hubertpietka.bialystok.pl\/index.php?rest_route=\/wp\/v2\/pages"}],"about":[{"href":"https:\/\/hubertpietka.bialystok.pl\/index.php?rest_route=\/wp\/v2\/types\/page"}],"author":[{"embeddable":true,"href":"https:\/\/hubertpietka.bialystok.pl\/index.php?rest_route=\/wp\/v2\/users\/1"}],"replies":[{"embeddable":true,"href":"https:\/\/hubertpietka.bialystok.pl\/index.php?rest_route=%2Fwp%2Fv2%2Fcomments&post=7860"}],"version-history":[{"count":1,"href":"https:\/\/hubertpietka.bialystok.pl\/index.php?rest_route=\/wp\/v2\/pages\/7860\/revisions"}],"predecessor-version":[{"id":7862,"href":"https:\/\/hubertpietka.bialystok.pl\/index.php?rest_route=\/wp\/v2\/pages\/7860\/revisions\/7862"}],"wp:attachment":[{"href":"https:\/\/hubertpietka.bialystok.pl\/index.php?rest_route=%2Fwp%2Fv2%2Fmedia&parent=7860"}],"curies":[{"name":"wp","href":"https:\/\/api.w.org\/{rel}","templated":true}]}}