{"id":7868,"date":"2024-01-20T19:14:05","date_gmt":"2024-01-20T19:14:05","guid":{"rendered":"https:\/\/hubertpietka.bialystok.pl\/?page_id=7868"},"modified":"2024-01-20T19:14:05","modified_gmt":"2024-01-20T19:14:05","slug":"zajadlosc-zla-wszelka-wobec-nas-naszych-naszego","status":"publish","type":"page","link":"https:\/\/hubertpietka.bialystok.pl\/?page_id=7868","title":{"rendered":"Zajad\u0142o\u015b\u0107 z\u0142a wszelka \/ wobec nas naszych naszego"},"content":{"rendered":"\n<p>Zajad\u0142o\u015b\u0107 z\u0142a potrafi by\u0107 straszna<br>Nie odpu\u015bci nawet na jot\u0119<br>A czemu\u017c mia\u0142oby odpu\u015bci\u0107<br>Skoro mo\u017ce zabi\u0107 \u017con\u0119<br>I mnie dopa\u015b\u0107 pogn\u0119biaj\u0105c niewol\u0105<\/p>\n\n\n\n<p>Straszna jest zajad\u0142o\u015b\u0107 z\u0142a<br>Nic do niego nie dociera<br>W ka\u017cdej p\u0142aszczy\u017anie naszej rzeczywisto\u015bci<br>Chce ono nam si\u0119 da\u0107<br>Dotkliwie odczu\u0107<\/p>\n\n\n\n<p>Dzisiaj \u015bw. *<strong>Se-basti-ana<\/strong>*<br>*<strong>Chce bestia Ane<\/strong>* zabi\u0107<br>*<strong>Chce bestia i mnie<\/strong>*<br>I tylko *<strong>s\u0105 bastionem<\/strong>*<br>Te s\u0142owa moje<br>Oby by\u0142y wbrew zajad\u0142o\u015bci z\u0142a<br>I wszelkich z\u0142ych bestii<\/p>\n\n\n\n<p>A do tych z tego<br>Czworok\u0105tu bermudzkiego<br>I do tych troch\u0119 dalej<br>Do misi\u00f3w wreszcie mam apel<\/p>\n\n\n\n<p>*<strong>Kole-siu<\/strong>* a *<strong>sio<\/strong>*<br>I a *<strong>sio<\/strong>* *<strong>kole-sie<\/strong>*<br>*<strong>Mi-sie<\/strong>* a *<strong>sio<\/strong>* te\u017c<br>Metody *<strong>UB<\/strong>* s\u0105 bardzo *<strong>be<\/strong>*<br>Ka\u017cde dybanie na cz\u0142owieka jest bezwzgl\u0119dnym z\u0142em<\/p>\n\n\n\n<p>I ani mi Ani<br>Wbrew tej zajad\u0142o\u015bci pod\u0142ej<br>Nie wszystko mo\u017ce by\u0107<br>Po ich my\u015bli tylko definitywnie<br>A je\u015bli inaczej ni\u017c m\u00f3wi\u0105 b\u0119dzie <\/p>\n\n\n\n<figure class=\"wp-block-gallery has-nested-images columns-default is-cropped wp-block-gallery-1 is-layout-flex wp-block-gallery-is-layout-flex\">\n<figure class=\"wp-block-image size-large\"><a href=\"https:\/\/hubertpietka.bialystok.pl\/wp-content\/uploads\/2024\/01\/Resized_20240119_184302.jpeg\"><img loading=\"lazy\" decoding=\"async\" width=\"1008\" height=\"756\" data-id=\"7869\" src=\"https:\/\/hubertpietka.bialystok.pl\/wp-content\/uploads\/2024\/01\/Resized_20240119_184302.jpeg\" alt=\"\" class=\"wp-image-7869\" srcset=\"https:\/\/hubertpietka.bialystok.pl\/wp-content\/uploads\/2024\/01\/Resized_20240119_184302.jpeg 1008w, https:\/\/hubertpietka.bialystok.pl\/wp-content\/uploads\/2024\/01\/Resized_20240119_184302-300x225.jpeg 300w, https:\/\/hubertpietka.bialystok.pl\/wp-content\/uploads\/2024\/01\/Resized_20240119_184302-768x576.jpeg 768w\" sizes=\"auto, (max-width: 1008px) 100vw, 1008px\" \/><\/a><\/figure>\n<\/figure>\n\n\n\n<p><em>Na zdj. Ko\u015bci\u00f3\u0142 \u015awi\u0119tej Rodziny<br>Niech B\u00f3g zaskakuje herod\u00f3w r\u00f3\u017cnych<br>Jak w tej przypadku<br>Niech dobro przed z\u0142em umknie<br>Niech los zmyli z\u0142ego plany<br>Ave Maryja Niepokalana<\/em><\/p>\n\n\n\n<p class=\"has-text-align-center\"><strong><em><a href=\"https:\/\/youtu.be\/clA87paW0pY?si=XtmHMDGxEt5pLxKy\">Miriam &#8211; Wiecz\u00f3r kol\u0119d z Rodzin\u0105 \/ Jednego Serca Jednego Ducha 2024<\/a><\/em><\/strong><\/p>\n","protected":false},"excerpt":{"rendered":"<p>Zajad\u0142o\u015b\u0107 z\u0142a potrafi by\u0107 strasznaNie odpu\u015bci nawet na jot\u0119A czemu\u017c mia\u0142oby odpu\u015bci\u0107Skoro mo\u017ce zabi\u0107 \u017con\u0119I mnie dopa\u015b\u0107 pogn\u0119biaj\u0105c niewol\u0105 Straszna jest zajad\u0142o\u015b\u0107 z\u0142aNic do niego&hellip; <\/p>\n","protected":false},"author":1,"featured_media":0,"parent":0,"menu_order":0,"comment_status":"closed","ping_status":"closed","template":"","meta":{"footnotes":""},"class_list":["post-7868","page","type-page","status-publish","hentry"],"_links":{"self":[{"href":"https:\/\/hubertpietka.bialystok.pl\/index.php?rest_route=\/wp\/v2\/pages\/7868","targetHints":{"allow":["GET"]}}],"collection":[{"href":"https:\/\/hubertpietka.bialystok.pl\/index.php?rest_route=\/wp\/v2\/pages"}],"about":[{"href":"https:\/\/hubertpietka.bialystok.pl\/index.php?rest_route=\/wp\/v2\/types\/page"}],"author":[{"embeddable":true,"href":"https:\/\/hubertpietka.bialystok.pl\/index.php?rest_route=\/wp\/v2\/users\/1"}],"replies":[{"embeddable":true,"href":"https:\/\/hubertpietka.bialystok.pl\/index.php?rest_route=%2Fwp%2Fv2%2Fcomments&post=7868"}],"version-history":[{"count":1,"href":"https:\/\/hubertpietka.bialystok.pl\/index.php?rest_route=\/wp\/v2\/pages\/7868\/revisions"}],"predecessor-version":[{"id":7870,"href":"https:\/\/hubertpietka.bialystok.pl\/index.php?rest_route=\/wp\/v2\/pages\/7868\/revisions\/7870"}],"wp:attachment":[{"href":"https:\/\/hubertpietka.bialystok.pl\/index.php?rest_route=%2Fwp%2Fv2%2Fmedia&parent=7868"}],"curies":[{"name":"wp","href":"https:\/\/api.w.org\/{rel}","templated":true}]}}