{"id":7872,"date":"2024-01-21T17:57:07","date_gmt":"2024-01-21T17:57:07","guid":{"rendered":"https:\/\/hubertpietka.bialystok.pl\/?page_id=7872"},"modified":"2024-01-21T17:57:07","modified_gmt":"2024-01-21T17:57:07","slug":"sposob-przezywania-i-doswiadczenia-zony-duma-moja","status":"publish","type":"page","link":"https:\/\/hubertpietka.bialystok.pl\/?page_id=7872","title":{"rendered":"Spos\u00f3b prze\u017cywania i do\u015bwiadczenia \u017cony \/ dum\u0105 moj\u0105"},"content":{"rendered":"\n<p>Jestem dumny z mojej \u017cony<br>Z tego jakim jest cz\u0142owiekiem<br>Dla mnie najlepszym na \u015bwiecie<br>I najpi\u0119kniejszym<\/p>\n\n\n\n<p>Jestem dumny z jej przesz\u0142o\u015bci<br>Z tego co i jak ona prze\u017cy\u0142a<br>I z jej do\u015bwiadcze\u0144<br>Kt\u00f3re uformowa\u0142y j\u0105 te\u017c i dla mnie<br>I z tego jak prze\u017cywa \u015bwiat<br>I werbalizuje swym wn\u0119trzem to<\/p>\n\n\n\n<p>Dlatego jej tak nienawidzi z\u0142o<br>I chce j\u0105 zniszczy\u0107<br>Bo wie jak\u0105 jest ona<br>Dla mnie niezbywaln\u0105 warto\u015bci\u0105<\/p>\n\n\n\n<p>Kocham moj\u0105 \u017con\u0119 zawsze wsz\u0119dzie<br>I nic tego nie zmieni<br>Mimo z\u0142a nienawi\u015bci<br>Ufam \u017ce przetrwamy wszystko<\/p>\n\n\n\n<figure class=\"wp-block-gallery has-nested-images columns-default is-cropped wp-block-gallery-1 is-layout-flex wp-block-gallery-is-layout-flex\">\n<figure class=\"wp-block-image size-large\"><a href=\"https:\/\/hubertpietka.bialystok.pl\/wp-content\/uploads\/2024\/01\/20240121_185438-scaled.jpg\"><img loading=\"lazy\" decoding=\"async\" width=\"1024\" height=\"768\" data-id=\"7873\" src=\"https:\/\/hubertpietka.bialystok.pl\/wp-content\/uploads\/2024\/01\/20240121_185438-1024x768.jpg\" alt=\"\" class=\"wp-image-7873\" srcset=\"https:\/\/hubertpietka.bialystok.pl\/wp-content\/uploads\/2024\/01\/20240121_185438-1024x768.jpg 1024w, https:\/\/hubertpietka.bialystok.pl\/wp-content\/uploads\/2024\/01\/20240121_185438-300x225.jpg 300w, https:\/\/hubertpietka.bialystok.pl\/wp-content\/uploads\/2024\/01\/20240121_185438-768x576.jpg 768w, https:\/\/hubertpietka.bialystok.pl\/wp-content\/uploads\/2024\/01\/20240121_185438-1536x1152.jpg 1536w, https:\/\/hubertpietka.bialystok.pl\/wp-content\/uploads\/2024\/01\/20240121_185438-2048x1536.jpg 2048w\" sizes=\"auto, (max-width: 1024px) 100vw, 1024px\" \/><\/a><\/figure>\n<\/figure>\n\n\n\n<p>Na zdj. *<strong>Je-lonek<\/strong>* zakupiony przez \u017con\u0119<br>*<strong>Wie ona<\/strong>* najlepiej jaki jestem<br>Bo poznaje mnie sercem<br>I przenica przestrzeni\u0105 swej duszy<br>Bogu dzi\u0119kuj\u0119 zawsze za \u017con\u0119<br>Nigdy si\u0119 nie wywdzi\u0119cze<br>Mu odpowiednio za ten dar<br>Tak wielki<\/p>\n","protected":false},"excerpt":{"rendered":"<p>Jestem dumny z mojej \u017conyZ tego jakim jest cz\u0142owiekiemDla mnie najlepszym na \u015bwiecieI najpi\u0119kniejszym Jestem dumny z jej przesz\u0142o\u015bciZ tego co i jak ona prze\u017cy\u0142aI&hellip; <\/p>\n","protected":false},"author":1,"featured_media":0,"parent":0,"menu_order":0,"comment_status":"closed","ping_status":"closed","template":"","meta":{"footnotes":""},"class_list":["post-7872","page","type-page","status-publish","hentry"],"_links":{"self":[{"href":"https:\/\/hubertpietka.bialystok.pl\/index.php?rest_route=\/wp\/v2\/pages\/7872","targetHints":{"allow":["GET"]}}],"collection":[{"href":"https:\/\/hubertpietka.bialystok.pl\/index.php?rest_route=\/wp\/v2\/pages"}],"about":[{"href":"https:\/\/hubertpietka.bialystok.pl\/index.php?rest_route=\/wp\/v2\/types\/page"}],"author":[{"embeddable":true,"href":"https:\/\/hubertpietka.bialystok.pl\/index.php?rest_route=\/wp\/v2\/users\/1"}],"replies":[{"embeddable":true,"href":"https:\/\/hubertpietka.bialystok.pl\/index.php?rest_route=%2Fwp%2Fv2%2Fcomments&post=7872"}],"version-history":[{"count":1,"href":"https:\/\/hubertpietka.bialystok.pl\/index.php?rest_route=\/wp\/v2\/pages\/7872\/revisions"}],"predecessor-version":[{"id":7874,"href":"https:\/\/hubertpietka.bialystok.pl\/index.php?rest_route=\/wp\/v2\/pages\/7872\/revisions\/7874"}],"wp:attachment":[{"href":"https:\/\/hubertpietka.bialystok.pl\/index.php?rest_route=%2Fwp%2Fv2%2Fmedia&parent=7872"}],"curies":[{"name":"wp","href":"https:\/\/api.w.org\/{rel}","templated":true}]}}