{"id":7876,"date":"2024-01-24T23:34:04","date_gmt":"2024-01-24T23:34:04","guid":{"rendered":"https:\/\/hubertpietka.bialystok.pl\/?page_id=7876"},"modified":"2024-01-24T23:34:04","modified_gmt":"2024-01-24T23:34:04","slug":"fiku-miku-i-po-blik-u-tralalala-ciekawe-co-dalej","status":"publish","type":"page","link":"https:\/\/hubertpietka.bialystok.pl\/?page_id=7876","title":{"rendered":"Fiku miku \/ i po BLIK-u \/\/ tralalala \/\/\/ ciekawe co dalej"},"content":{"rendered":"\n<p>Nowe rz\u0105dy wida\u0107<br>Maj\u0105 si\u0119 dobrze w Polsce<br>Coraz lepiej<\/p>\n\n\n\n<p>Najlepiej wytr\u0105ci\u0107 przecie\u017c<br>Z r\u0105k ofiary wszelkie \u015brodki<br>Mog\u0105ce j\u0105 broni\u0107<\/p>\n\n\n\n<p>Ju\u017c porobione z p\u0142atno\u015bci\u0105 BLIKiem<br>Na mojej aplikacji i \u017cony<br>Jak maj\u0105 by\u0107 oni<br>To Facebook te\u017c nie dzia\u0142a<br>Pi\u0119kna sprawa<br>Co b\u0119dzie dalej<br>Poczty mailowe przestan\u0105 dzia\u0142a\u0107<br>Mo\u017ce zniknie moja stronka<br>Whatsapp angielski itp.<br>A mo\u017ce w og\u00f3le zniknie<br>Gdzie\u015b Internet<\/p>\n\n\n\n<p>Najlepiej ofierze z r\u0105k wytr\u0105ci\u0107<br>Wszelkie mo\u017cliwe \u015brodki obrony<br>Wtedy b\u0119dzie mo\u017cna z ni\u0105 zrobi\u0107<br>Odpowiedni porz\u0105dek<br>Wed\u0142ug po\u017c\u0105da\u0144 swoich<\/p>\n\n\n\n<p>*<strong>Za za za<\/strong>*<br>Przepraszam \u017ce si\u0119 j\u0105kam<br>*<strong>Za-jad\u0142o\u015b\u0107 za-wzi\u0119to\u015b\u0107 za-\u017carto\u015b\u0107<\/strong>*<br>To ich domena pewna<\/p>\n\n\n\n<p>To jak ju\u017c jest a\u017c tak pi\u0119knie<br>To co synek z do\u0142u<br>Inne synki wok\u00f3\u0142<br>W kolaboracji z misiami<br>A mo\u017ce misie osobi\u015bcie<br>Najlepiej po ubecku przecie\u017c<br>Te trzy *<strong>za-za-za<\/strong>*<br>Definiuj\u0105 ich spos\u00f3b dzia\u0142ania<br>I ca\u0142e to spektrum pi\u0119kne<\/p>\n\n\n\n<p>A najwa\u017cniejsze sprawy w pa\u0144stwie<br>To zdecydowanie preparaty aborcyjne<br>Dost\u0119pne najlepiej dla wszystkich<br>I koniecznie <em>mowa nienawi\u015bci<\/em><br>Jako bicz na katolik\u00f3w<br>I innych pro-live<br>A dalej trzeba Biblii zakaza\u0107<br>I zdelegalizowa\u0107 Ko\u015bci\u00f3\u0142<br>Pi\u0119kne rz\u0105dy mamy w Polsce<\/p>\n\n\n\n<p>A i z \u017con\u0105<br>No jak d\u0142ugo mo\u017ce<br>Tak \u017cy\u0107 ona<br>*<strong>Za-bi\u0107<\/strong>* kogo zabi\u0107 i ju\u017c<br>Czwarte *<strong>za-za-za-za<\/strong>*<br>Tak to *<strong>za-\u017carte<\/strong>*<br>I bynajmniej nie na *<strong>\u017carty<\/strong>*<br>Lub chocia\u017c zniewoli\u0107<br>Maj\u0105 w tym przecie\u017c zapewne<br>Do\u015bwiadczenia odpowiednie<\/p>\n\n\n\n<p><strong>Jutro \u015bw. Paw\u0142a<br><em>Dlaczego mnie prze\u015bladujesz<\/em> Jezus spyta\u0142<br>I ja pytam<br>Kimkolwiek jeste\u015b<br>Prze\u015bladujesz tym Jezusa<\/strong><\/p>\n\n\n\n<figure class=\"wp-block-gallery has-nested-images columns-default is-cropped wp-block-gallery-1 is-layout-flex wp-block-gallery-is-layout-flex\">\n<figure class=\"wp-block-image size-large\"><a href=\"https:\/\/hubertpietka.bialystok.pl\/wp-content\/uploads\/2024\/01\/Resized_20240123_141716.jpeg\"><img loading=\"lazy\" decoding=\"async\" width=\"756\" height=\"1008\" data-id=\"7877\" src=\"https:\/\/hubertpietka.bialystok.pl\/wp-content\/uploads\/2024\/01\/Resized_20240123_141716.jpeg\" alt=\"\" class=\"wp-image-7877\" srcset=\"https:\/\/hubertpietka.bialystok.pl\/wp-content\/uploads\/2024\/01\/Resized_20240123_141716.jpeg 756w, https:\/\/hubertpietka.bialystok.pl\/wp-content\/uploads\/2024\/01\/Resized_20240123_141716-225x300.jpeg 225w\" sizes=\"auto, (max-width: 756px) 100vw, 756px\" \/><\/a><\/figure>\n<\/figure>\n\n\n\n<p><em>Na zdj. B\u0142. Jerzy Popie\u0142uszko<br>W ko\u015bciele \u015bw. Stanis\u0142awa M\u0119czennika<br>Doprowadzi\u0107 do skraju<br>Wytr\u0105ci\u0107 wszelkie narz\u0119dzia obrony<br>By potem z kim\u015b<br>Jak z nimi<br>Odpowiedni porz\u0105dek zrobi\u0107<\/em><\/p>\n\n\n\n<p><em>Ciekawe co na to i Pan B\u00f3g<br>B\u0119dzie spokojnie patrzy\u0142<br>Co chc\u0105 zrobi\u0107 ponownie<br>Jednak jest tu szczeg\u00f3\u0142 jeden<br>Kt\u00f3ry zmienia optyk\u0119 Bo\u017c\u0105<br>Wobec tej pora\u017caj\u0105co niesprawiedliwej<br>I nieludzkiej kwestii<br>Traktowania tego dziecka Bo\u017cego<\/em><\/p>\n","protected":false},"excerpt":{"rendered":"<p>Nowe rz\u0105dy wida\u0107Maj\u0105 si\u0119 dobrze w PolsceCoraz lepiej Najlepiej wytr\u0105ci\u0107 przecie\u017cZ r\u0105k ofiary wszelkie \u015brodkiMog\u0105ce j\u0105 broni\u0107 Ju\u017c porobione z p\u0142atno\u015bci\u0105 BLIKiemNa mojej aplikacji i&hellip; <\/p>\n","protected":false},"author":1,"featured_media":0,"parent":0,"menu_order":0,"comment_status":"closed","ping_status":"closed","template":"","meta":{"footnotes":""},"class_list":["post-7876","page","type-page","status-publish","hentry"],"_links":{"self":[{"href":"https:\/\/hubertpietka.bialystok.pl\/index.php?rest_route=\/wp\/v2\/pages\/7876","targetHints":{"allow":["GET"]}}],"collection":[{"href":"https:\/\/hubertpietka.bialystok.pl\/index.php?rest_route=\/wp\/v2\/pages"}],"about":[{"href":"https:\/\/hubertpietka.bialystok.pl\/index.php?rest_route=\/wp\/v2\/types\/page"}],"author":[{"embeddable":true,"href":"https:\/\/hubertpietka.bialystok.pl\/index.php?rest_route=\/wp\/v2\/users\/1"}],"replies":[{"embeddable":true,"href":"https:\/\/hubertpietka.bialystok.pl\/index.php?rest_route=%2Fwp%2Fv2%2Fcomments&post=7876"}],"version-history":[{"count":1,"href":"https:\/\/hubertpietka.bialystok.pl\/index.php?rest_route=\/wp\/v2\/pages\/7876\/revisions"}],"predecessor-version":[{"id":7878,"href":"https:\/\/hubertpietka.bialystok.pl\/index.php?rest_route=\/wp\/v2\/pages\/7876\/revisions\/7878"}],"wp:attachment":[{"href":"https:\/\/hubertpietka.bialystok.pl\/index.php?rest_route=%2Fwp%2Fv2%2Fmedia&parent=7876"}],"curies":[{"name":"wp","href":"https:\/\/api.w.org\/{rel}","templated":true}]}}