{"id":7880,"date":"2024-01-27T15:57:04","date_gmt":"2024-01-27T15:57:04","guid":{"rendered":"https:\/\/hubertpietka.bialystok.pl\/?page_id=7880"},"modified":"2024-01-27T15:57:04","modified_gmt":"2024-01-27T15:57:04","slug":"ustawki-wkrecania-ku-zgubie-naszej","status":"publish","type":"page","link":"https:\/\/hubertpietka.bialystok.pl\/?page_id=7880","title":{"rendered":"Ustawki wkr\u0119cania \/ ku zgubie naszej"},"content":{"rendered":"\n<p>Jak oni lubi\u0105<br>R\u00f3\u017cne takie chore sytuacje<br>Oni chyba z tego \u017cyj\u0105<br>Tym si\u0119 karmi\u0105 faktycznie<\/p>\n\n\n\n<p>Dwoj\u0105 si\u0119 i troj\u0105 *<strong>po-czworz\u0105<\/strong>*<br>Byleby tylko mnie na czym\u015b tam z\u0142apa\u0107<br>Widocznie wychodz\u0105 z za\u0142o\u017cenia<br>\u017be ka\u017cdy pope\u0142nia b\u0142\u0119dy<br>Wystarczy tylko stworzy\u0107 ku temu<br>Sytuacje odpowiednie<br>A jak nie<br>To si\u0119 przek\u0142amie troszk\u0119<br>I wszystko b\u0119dzie w porz\u0105dku<br>Byleby tylko osi\u0105gn\u0105\u0107 swe r\u00f3\u017cne<br>Nieprawe i niesprawiedliwe cele<\/p>\n\n\n\n<p>Lubi\u0105 r\u00f3\u017cne sytuacje ustawiane<br>Byleby tylko na czym\u015b z\u0142apa\u0107<br>Tak wkr\u0119ci\u0107 by\u015b b\u0142\u0105d pope\u0142ni\u0142<br>A jak nie<br>To si\u0119 to troch\u0119 naci\u0105gnie<br>Byleby efekt by\u0142 odpowiedni<br>Jak cho\u0107by przez te r\u00f3\u017cne<br>Nagrania chore niby przest\u0119pstw<br>Przechodzenia w niewyznaczonych miejscach<br>Nawet misie s\u0105 w to wci\u0105gni\u0119te<br>I inne s\u0142u\u017cby tak zwanego spo\u0142ecznego zaufania <\/p>\n\n\n\n<p>Byleby z\u0142apa\u0107 na czerwonym<br>Na wymuszeniu pierwsze\u0144stwa<br>Na nieprzepuszczeniu pieszego<br>I tym takim podobnym<br>Wiadomo kary wysokie<br>I pretekst maj\u0105 do przyj\u015bcia<br>Te\u017c misie<\/p>\n\n\n\n<p>Ich \u015bwiat ca\u0142y<br>To chyba postawiony na udawaniu<br>Manipulacjach chorych wkr\u0119caniach k\u0142amstwach<br>Byleby tylko spe\u0142ni\u0107 z\u0142a zap\u0119dy<br>Wobec nas naszego naszych<\/p>\n\n\n\n<p>Mnie uziemi\u0107 zabi\u0107 \u017con\u0119<br>Odebra\u0107 nam samochody mieszkanie<br>Uderza\u0107 w naszych i nasze<br>To chyba ich cele g\u0142\u00f3wne<br>I nie wa\u017cne jakimi metodami<br>\u017be to wszystko oparte<br>Na k\u0142amstwie udawaniu i wkr\u0119caniu<br>W r\u00f3\u017cne chore sytuacje<\/p>\n\n\n\n<p>To s\u0105 fa\u0142szywe manipulacje<br>A kt\u00f3\u017c tak lubi mistyfikacje<br>Jak nie z\u0142o<br>Ojciec k\u0142amstwa<\/p>\n\n\n\n<figure class=\"wp-block-gallery has-nested-images columns-default is-cropped wp-block-gallery-1 is-layout-flex wp-block-gallery-is-layout-flex\">\n<figure class=\"wp-block-image size-large\"><a href=\"https:\/\/hubertpietka.bialystok.pl\/wp-content\/uploads\/2024\/01\/20240127_152508-scaled.jpg\"><img loading=\"lazy\" decoding=\"async\" width=\"1024\" height=\"768\" data-id=\"7881\" src=\"https:\/\/hubertpietka.bialystok.pl\/wp-content\/uploads\/2024\/01\/20240127_152508-1024x768.jpg\" alt=\"\" class=\"wp-image-7881\" srcset=\"https:\/\/hubertpietka.bialystok.pl\/wp-content\/uploads\/2024\/01\/20240127_152508-1024x768.jpg 1024w, https:\/\/hubertpietka.bialystok.pl\/wp-content\/uploads\/2024\/01\/20240127_152508-300x225.jpg 300w, https:\/\/hubertpietka.bialystok.pl\/wp-content\/uploads\/2024\/01\/20240127_152508-768x576.jpg 768w, https:\/\/hubertpietka.bialystok.pl\/wp-content\/uploads\/2024\/01\/20240127_152508-1536x1152.jpg 1536w, https:\/\/hubertpietka.bialystok.pl\/wp-content\/uploads\/2024\/01\/20240127_152508-2048x1536.jpg 2048w\" sizes=\"auto, (max-width: 1024px) 100vw, 1024px\" \/><\/a><\/figure>\n<\/figure>\n\n\n\n<p>Na zdj. Lasek w *<strong>\u017bedni<\/strong>*<br>I bynajmniej to nie jest wszystko *<strong>rzadko<\/strong>*<br>Wr\u0119cz przeciwnie<br>Na ka\u017cdym kroku nagminnie<\/p>\n\n\n\n<p>To zakrawa na zn\u0119canie<br>Te ca\u0142e prze\u015bladowania<br>Byleby tylko spe\u0142ni\u0107 po\u017c\u0105dania swoje<br>Uczynienia nam z\u0142a<\/p>\n\n\n\n<p>Byleby nas dorwa\u0107 z\u0142apa\u0107 pogn\u0119bi\u0107<br>Przez r\u00f3\u017cne sytuacje chore<br>Ustawiane tylko po to<br>I \u017ceby nas w co\u015b wkr\u0119ci\u0107<br>Perfidnie i ob\u0142udnie<br>Trzeba nazywa\u0107 po imieniu rzeczy<\/p>\n\n\n\n<p class=\"has-text-align-center\">\/<\/p>\n\n\n\n<p class=\"has-text-align-right\">( <strong><em><a href=\"https:\/\/youtu.be\/C-nX39FD9lk?si=SyxOc7G3caaThsTJ\">Ostatni Sojusz Ludzi i Elf\u00f3w &#8211; Bilbo<\/a><\/em><\/strong> )<\/p>\n","protected":false},"excerpt":{"rendered":"<p>Jak oni lubi\u0105R\u00f3\u017cne takie chore sytuacjeOni chyba z tego \u017cyj\u0105Tym si\u0119 karmi\u0105 faktycznie Dwoj\u0105 si\u0119 i troj\u0105 *po-czworz\u0105*Byleby tylko mnie na czym\u015b tam z\u0142apa\u0107Widocznie wychodz\u0105&hellip; <\/p>\n","protected":false},"author":1,"featured_media":0,"parent":0,"menu_order":0,"comment_status":"closed","ping_status":"closed","template":"","meta":{"footnotes":""},"class_list":["post-7880","page","type-page","status-publish","hentry"],"_links":{"self":[{"href":"https:\/\/hubertpietka.bialystok.pl\/index.php?rest_route=\/wp\/v2\/pages\/7880","targetHints":{"allow":["GET"]}}],"collection":[{"href":"https:\/\/hubertpietka.bialystok.pl\/index.php?rest_route=\/wp\/v2\/pages"}],"about":[{"href":"https:\/\/hubertpietka.bialystok.pl\/index.php?rest_route=\/wp\/v2\/types\/page"}],"author":[{"embeddable":true,"href":"https:\/\/hubertpietka.bialystok.pl\/index.php?rest_route=\/wp\/v2\/users\/1"}],"replies":[{"embeddable":true,"href":"https:\/\/hubertpietka.bialystok.pl\/index.php?rest_route=%2Fwp%2Fv2%2Fcomments&post=7880"}],"version-history":[{"count":1,"href":"https:\/\/hubertpietka.bialystok.pl\/index.php?rest_route=\/wp\/v2\/pages\/7880\/revisions"}],"predecessor-version":[{"id":7882,"href":"https:\/\/hubertpietka.bialystok.pl\/index.php?rest_route=\/wp\/v2\/pages\/7880\/revisions\/7882"}],"wp:attachment":[{"href":"https:\/\/hubertpietka.bialystok.pl\/index.php?rest_route=%2Fwp%2Fv2%2Fmedia&parent=7880"}],"curies":[{"name":"wp","href":"https:\/\/api.w.org\/{rel}","templated":true}]}}