{"id":7890,"date":"2024-02-02T13:41:21","date_gmt":"2024-02-02T13:41:21","guid":{"rendered":"https:\/\/hubertpietka.bialystok.pl\/?page_id=7890"},"modified":"2024-02-02T13:41:21","modified_gmt":"2024-02-02T13:41:21","slug":"pelen-niekonwencjonalnosci-list-milosny","status":"publish","type":"page","link":"https:\/\/hubertpietka.bialystok.pl\/?page_id=7890","title":{"rendered":"Pe\u0142en niekonwencjonalno\u015bci \/ list mi\u0142osny"},"content":{"rendered":"\n<p>Najpe\u0142niejsze blaski i cienie<br>Prze\u017cywa si\u0119 wsp\u00f3lnie<br>Bo te najpe\u0142niejsze prze\u017cywania<br>To zdecydowanie razem<\/p>\n\n\n\n<p>I mg\u0142y \u015bwiszcz\u0105ce<br>I deszcze rz\u0119s w p\u00f3\u0142mroku<br>I s\u0142o\u0144ce w pe\u0142nym gor\u0105cu<\/p>\n\n\n\n<p>To wszystko razem<br>A\u017c do ko\u0144ca naszych dr\u00f3g<\/p>\n\n\n\n<figure class=\"wp-block-gallery has-nested-images columns-default is-cropped wp-block-gallery-1 is-layout-flex wp-block-gallery-is-layout-flex\">\n<figure class=\"wp-block-image size-large\"><a href=\"https:\/\/hubertpietka.bialystok.pl\/wp-content\/uploads\/2024\/02\/Resized_20240201_093856.jpeg\"><img loading=\"lazy\" decoding=\"async\" width=\"550\" height=\"734\" data-id=\"7891\" src=\"https:\/\/hubertpietka.bialystok.pl\/wp-content\/uploads\/2024\/02\/Resized_20240201_093856.jpeg\" alt=\"\" class=\"wp-image-7891\" srcset=\"https:\/\/hubertpietka.bialystok.pl\/wp-content\/uploads\/2024\/02\/Resized_20240201_093856.jpeg 550w, https:\/\/hubertpietka.bialystok.pl\/wp-content\/uploads\/2024\/02\/Resized_20240201_093856-225x300.jpeg 225w\" sizes=\"auto, (max-width: 550px) 100vw, 550px\" \/><\/a><\/figure>\n<\/figure>\n\n\n\n<p><em>Na zdj. <strong>H + A <\/strong>zamkni\u0119te w k\u0142\u00f3dce mi\u0142o\u015bci<br>Nad rzek\u0105 \u017cycia bie\u017c\u0105 oni<br>W wierno\u015bci prostej mi\u0142o\u015bci swobody<br>Bynajmniej nie bez odpowiedzialno\u015bci<br>Z rado\u015bci\u0105 trudem i ufno\u015bci\u0105<\/em><\/p>\n\n\n\n<p><em>Taki do \u017cony list mi\u0142osny<br>Mo\u017ce ma\u0142o sposobny<br>Ale raczej wyrazisty i czysty<\/em><\/p>\n\n\n\n<p class=\"has-text-align-center\"><strong><em><a href=\"https:\/\/youtu.be\/qLKFOyG-sVA?si=r7cV8JBtROGnQD7k\">Cztery Pory Mi\u0142owania &#8211; Chod\u017a opowiem ci dom<\/a><\/em><\/strong><\/p>\n\n\n\n<p class=\"has-text-align-right\"><strong><em><a href=\"https:\/\/youtu.be\/fZjtF_ftxHU?si=plUvLTkpqFyS2QNv\">Zamieszkamy pod wsp\u00f3lnym dachem<\/a><\/em><\/strong><\/p>\n","protected":false},"excerpt":{"rendered":"<p>Najpe\u0142niejsze blaski i cieniePrze\u017cywa si\u0119 wsp\u00f3lnieBo te najpe\u0142niejsze prze\u017cywaniaTo zdecydowanie razem I mg\u0142y \u015bwiszcz\u0105ceI deszcze rz\u0119s w p\u00f3\u0142mrokuI s\u0142o\u0144ce w pe\u0142nym gor\u0105cu To wszystko razemA\u017c&hellip; <\/p>\n","protected":false},"author":1,"featured_media":0,"parent":0,"menu_order":0,"comment_status":"closed","ping_status":"closed","template":"","meta":{"footnotes":""},"class_list":["post-7890","page","type-page","status-publish","hentry"],"_links":{"self":[{"href":"https:\/\/hubertpietka.bialystok.pl\/index.php?rest_route=\/wp\/v2\/pages\/7890","targetHints":{"allow":["GET"]}}],"collection":[{"href":"https:\/\/hubertpietka.bialystok.pl\/index.php?rest_route=\/wp\/v2\/pages"}],"about":[{"href":"https:\/\/hubertpietka.bialystok.pl\/index.php?rest_route=\/wp\/v2\/types\/page"}],"author":[{"embeddable":true,"href":"https:\/\/hubertpietka.bialystok.pl\/index.php?rest_route=\/wp\/v2\/users\/1"}],"replies":[{"embeddable":true,"href":"https:\/\/hubertpietka.bialystok.pl\/index.php?rest_route=%2Fwp%2Fv2%2Fcomments&post=7890"}],"version-history":[{"count":1,"href":"https:\/\/hubertpietka.bialystok.pl\/index.php?rest_route=\/wp\/v2\/pages\/7890\/revisions"}],"predecessor-version":[{"id":7892,"href":"https:\/\/hubertpietka.bialystok.pl\/index.php?rest_route=\/wp\/v2\/pages\/7890\/revisions\/7892"}],"wp:attachment":[{"href":"https:\/\/hubertpietka.bialystok.pl\/index.php?rest_route=%2Fwp%2Fv2%2Fmedia&parent=7890"}],"curies":[{"name":"wp","href":"https:\/\/api.w.org\/{rel}","templated":true}]}}