{"id":7899,"date":"2024-02-03T19:00:02","date_gmt":"2024-02-03T19:00:02","guid":{"rendered":"https:\/\/hubertpietka.bialystok.pl\/?page_id=7899"},"modified":"2024-02-03T19:00:02","modified_gmt":"2024-02-03T19:00:02","slug":"eskalacja-totalna-obludy-perfidnej","status":"publish","type":"page","link":"https:\/\/hubertpietka.bialystok.pl\/?page_id=7899","title":{"rendered":"Eskalacja totalna \/ ob\u0142udy perfidnej"},"content":{"rendered":"\n<p>Nie wa\u017cne jak<br>Byleby dorwa\u0107<\/p>\n\n\n\n<p>To jest najlepsze<br>\u017be w miejscach tych ich chorych nagra\u0144<br>Niby przest\u0119pstw moich jako pieszego<br>To same dra\u0144skie dro\u0144stwo misiowe<br>Tylko czeka by mnie z\u0142apa\u0107<br>Na nieprzepuszczeniu pieszego<br>Pi\u0119kne<\/p>\n\n\n\n<p>A ten synek z do\u0142u<br>(I inni tu tacy)<br>Jak ma co\u015b do mnie<br>To niech idzie do s\u0105du<br>Ale tak nie zrobi bo nie ma powodu <br>Lepiej samos\u0105d zrobi\u0107<br>I przy pomocy misi\u00f3w<br>Mnie skutecznie unieszkodliwi\u0107<\/p>\n\n\n\n<p>M\u00f3wi\u0142em \u017ce trzasn\u0105 nas samoch\u00f3d<br>I tak si\u0119 sta\u0142o dzisiaj<br>Tylko Opatrzno\u015bci zawdzi\u0119czamy<br>\u017be kto\u015b to zobaczy\u0142<br>I sumiennie zg\u0142osi\u0142<\/p>\n\n\n\n<figure class=\"wp-block-gallery has-nested-images columns-default is-cropped wp-block-gallery-1 is-layout-flex wp-block-gallery-is-layout-flex\">\n<figure class=\"wp-block-image size-large\"><a href=\"https:\/\/hubertpietka.bialystok.pl\/wp-content\/uploads\/2024\/02\/20240203_195855.jpg\"><img loading=\"lazy\" decoding=\"async\" width=\"1008\" height=\"756\" data-id=\"7900\" src=\"https:\/\/hubertpietka.bialystok.pl\/wp-content\/uploads\/2024\/02\/20240203_195855.jpg\" alt=\"\" class=\"wp-image-7900\" srcset=\"https:\/\/hubertpietka.bialystok.pl\/wp-content\/uploads\/2024\/02\/20240203_195855.jpg 1008w, https:\/\/hubertpietka.bialystok.pl\/wp-content\/uploads\/2024\/02\/20240203_195855-300x225.jpg 300w, https:\/\/hubertpietka.bialystok.pl\/wp-content\/uploads\/2024\/02\/20240203_195855-768x576.jpg 768w\" sizes=\"auto, (max-width: 1008px) 100vw, 1008px\" \/><\/a><\/figure>\n<\/figure>\n\n\n\n<p>Na zdj. A prawda<br>Wjecha\u0142em przez przej\u015bcie dla pieszych<br>Ko\u0142o sklepu<br>By\u0142o deszczowo ciemno widoczno\u015b\u0107 s\u0142aba<br>Ale znam takie miejsce<br>I to ca\u0142kiem niedaleko<br>Tu na W\u0142\u00f3kienniczej<br>Gdzie na parking wje\u017cd\u017caj\u0105 tak w\u0142a\u015bnie wszyscy<br>I nawet misie<\/p>\n\n\n\n<p>Ale to wszystko przecie\u017c niewa\u017cne<br>Musi si\u0119 sfinalizowa\u0107 przecie\u017c<br>Eskalacja ob\u0142udy perfidnej te\u017c i na mnie<\/p>\n","protected":false},"excerpt":{"rendered":"<p>Nie wa\u017cne jakByleby dorwa\u0107 To jest najlepsze\u017be w miejscach tych ich chorych nagra\u0144Niby przest\u0119pstw moich jako pieszegoTo same dra\u0144skie dro\u0144stwo misioweTylko czeka by mnie z\u0142apa\u0107Na&hellip; <\/p>\n","protected":false},"author":1,"featured_media":0,"parent":0,"menu_order":0,"comment_status":"closed","ping_status":"closed","template":"","meta":{"footnotes":""},"class_list":["post-7899","page","type-page","status-publish","hentry"],"_links":{"self":[{"href":"https:\/\/hubertpietka.bialystok.pl\/index.php?rest_route=\/wp\/v2\/pages\/7899","targetHints":{"allow":["GET"]}}],"collection":[{"href":"https:\/\/hubertpietka.bialystok.pl\/index.php?rest_route=\/wp\/v2\/pages"}],"about":[{"href":"https:\/\/hubertpietka.bialystok.pl\/index.php?rest_route=\/wp\/v2\/types\/page"}],"author":[{"embeddable":true,"href":"https:\/\/hubertpietka.bialystok.pl\/index.php?rest_route=\/wp\/v2\/users\/1"}],"replies":[{"embeddable":true,"href":"https:\/\/hubertpietka.bialystok.pl\/index.php?rest_route=%2Fwp%2Fv2%2Fcomments&post=7899"}],"version-history":[{"count":1,"href":"https:\/\/hubertpietka.bialystok.pl\/index.php?rest_route=\/wp\/v2\/pages\/7899\/revisions"}],"predecessor-version":[{"id":7901,"href":"https:\/\/hubertpietka.bialystok.pl\/index.php?rest_route=\/wp\/v2\/pages\/7899\/revisions\/7901"}],"wp:attachment":[{"href":"https:\/\/hubertpietka.bialystok.pl\/index.php?rest_route=%2Fwp%2Fv2%2Fmedia&parent=7899"}],"curies":[{"name":"wp","href":"https:\/\/api.w.org\/{rel}","templated":true}]}}